{"id":248,"date":"2021-06-10T11:19:43","date_gmt":"2021-06-10T09:19:43","guid":{"rendered":"https:\/\/www.sunwardca.com\/?page_id=248"},"modified":"2025-10-29T08:29:23","modified_gmt":"2025-10-29T15:29:23","slug":"products","status":"publish","type":"page","link":"https:\/\/www.sunwardca.com\/fr\/products\/","title":{"rendered":"Produits"},"content":{"rendered":"<p>[vc_section full_width=&#8221;stretch_row&#8221; el_class=&#8221;hover-img-box-section&#8221;][vc_row][vc_column width=&#8221;5\/12&#8243;][vc_single_image image=&#8221;997&#8243; img_size=&#8221;main-category-image&#8221; style=&#8221;vc_box_rounded&#8221; css_animation=&#8221;fadeIn&#8221; title=&#8221;Excavators&#8221; el_class=&#8221;main-category-image&#8221;][\/vc_column][vc_column width=&#8221;7\/12&#8243; el_class=&#8221;.main-category-content&#8221; offset=&#8221;vc_hidden-xs&#8221;][vc_custom_heading text=&#8221;Pelles&#8221; font_container=&#8221;tag:h2|font_size:50|text_align:left|color:%23008d84|line_height:48px&#8221; use_theme_fonts=&#8221;yes&#8221; css_animation=&#8221;fadeInUp&#8221; el_class=&#8221;text-uppercase&#8221;][vc_column_text css_animation=&#8221;fadeInUp&#8221;]Class\u00e9es dans le Top 20 mondial des constructeurs de pelles, les pelles de SUNWARD pr\u00e9sentent tout un \u00e9ventail de fonctions particuli\u00e8rement utiles. La gamme d\u00e9bute avec les mini-pelles de 0,8\u00a0tonnes et va jusqu\u2019aux impressionnantes pelles de 36 tonnes. Nous proposons une gamme de produits adapt\u00e9e \u00e0 chaque besoin des chantiers.[\/vc_column_text][vc_btn title=&#8221;TROUVER VOTRE PELLE SUNWARD&#8221; style=&#8221;flat&#8221; color=&#8221;orange&#8221; css_animation=&#8221;fadeInUp&#8221; link=&#8221;url:https%3A%2F%2Fwww.sunwardca.com%2Ffr%2Fcategorie-produit%2Fpelles%2F|||&#8221;][\/vc_column][\/vc_row][vc_row][vc_column][vc_row_inner el_class=&#8221;hover-img-box-wrapper&#8221;][vc_column_inner el_class=&#8221;hover-img-box&#8221; width=&#8221;1\/5&#8243;][vc_single_image image=&#8221;1010&#8243; img_size=&#8221;full&#8221; alignment=&#8221;center&#8221;][vc_custom_heading text=&#8221;Mini pelles&#8221; font_container=&#8221;tag:h3|text_align:center&#8221; use_theme_fonts=&#8221;yes&#8221;][vc_raw_html]JTNDYSUyMGhyZWYlM0QlMjJodHRwcyUzQSUyRiUyRnd3dy5zdW53YXJkY2EuY29tJTJGZnIlMkZjYXRlZ29yaWUtcHJvZHVpdCUyRnBlbGxlcyUyRm1pbmktcGVsbGVzJTJGJTIyJTNFJTNDJTJGYSUzRQ==[\/vc_raw_html][\/vc_column_inner][vc_column_inner el_class=&#8221;hover-img-box&#8221; width=&#8221;1\/5&#8243;][vc_single_image image=&#8221;1007&#8243; img_size=&#8221;full&#8221; alignment=&#8221;center&#8221;][vc_custom_heading text=&#8221;Pelles compactes&#8221; font_container=&#8221;tag:h3|text_align:center&#8221; use_theme_fonts=&#8221;yes&#8221;][vc_raw_html]JTNDYSUyMGhyZWYlM0QlMjIlMkZmciUyRnByb2R1Y3QtY2F0ZWdvcnklMkZleGNhdmF0b3JzJTJGY29tcGFjdC1leGNhdmF0b3JzJTJGJTIyJTNFJTNDJTJGYSUzRQ==[\/vc_raw_html][\/vc_column_inner][vc_column_inner el_class=&#8221;hover-img-box&#8221; width=&#8221;1\/5&#8243;][vc_single_image image=&#8221;1009&#8243; img_size=&#8221;full&#8221; alignment=&#8221;center&#8221;][vc_custom_heading text=&#8221;Pelles midi&#8221; font_container=&#8221;tag:h3|text_align:center&#8221; use_theme_fonts=&#8221;yes&#8221;][vc_raw_html]JTNDYSUyMGhyZWYlM0QlMjIlMkZmciUyRnByb2R1Y3QtY2F0ZWdvcnklMkZleGNhdmF0b3JzJTJGbWVkaXVtLWV4Y2F2YXRvcnMlMkYlMjIlM0UlM0MlMkZhJTNF[\/vc_raw_html][\/vc_column_inner][vc_column_inner el_class=&#8221;hover-img-box&#8221; width=&#8221;1\/5&#8243;][vc_single_image image=&#8221;1017&#8243; img_size=&#8221;full&#8221; alignment=&#8221;center&#8221;][vc_custom_heading text=&#8221;Grandes pelles&#8221; font_container=&#8221;tag:h3|text_align:center&#8221; use_theme_fonts=&#8221;yes&#8221;][vc_raw_html]JTNDYSUyMGhyZWYlM0QlMjIlMkZmciUyRnByb2R1Y3QtY2F0ZWdvcnklMkZleGNhdmF0b3JzJTJGbGFyZ2UtZXhjYXZhdG9ycyUyRiUyMiUzRSUzQyUyRmElM0U=[\/vc_raw_html][\/vc_column_inner][\/vc_row_inner][vc_btn title=&#8221;Voir tous les produits&#8221; style=&#8221;flat&#8221; color=&#8221;orange&#8221; align=&#8221;center&#8221; css_animation=&#8221;fadeInUp&#8221; link=&#8221;url:https%3A%2F%2Fwww.sunwardca.com%2Ffr%2Fcategorie-produit%2Fpelles%2F|||&#8221; el_class=&#8221;hover-img-box-btn&#8221;][\/vc_column][\/vc_row][\/vc_section][vc_section full_width=&#8221;stretch_row&#8221; el_class=&#8221;hover-img-box-section reverse&#8221;][vc_row][vc_column width=&#8221;5\/12&#8243;][vc_single_image image=&#8221;1002&#8243; img_size=&#8221;main-category-image&#8221; style=&#8221;vc_box_rounded&#8221; css_animation=&#8221;fadeIn&#8221; el_class=&#8221;main-category-image&#8221; title=&#8221;Skid steer&#8221;][\/vc_column][vc_column width=&#8221;7\/12&#8243; el_class=&#8221;.main-category-content&#8221; offset=&#8221;vc_hidden-xs&#8221;][vc_custom_heading text=&#8221;Chargeuses&#8221; font_container=&#8221;tag:h2|font_size:50|text_align:left|color:%23008d84|line_height:48px&#8221; use_theme_fonts=&#8221;yes&#8221; css_animation=&#8221;fadeInUp&#8221; el_class=&#8221;text-uppercase&#8221;][vc_column_text css_animation=&#8221;fadeInUp&#8221;]La nouvelle g\u00e9n\u00e9ration des chargeuses Sunward pr\u00e9sente une structure compacte, offrant beaucoup de flexibilit\u00e9, m\u00eame dans les environnements urbains exigus. Quel que soit le type de sol, nos puissantes chargeuses seront \u00e0 la hauteur. Gr\u00e2ce \u00e0 l\u2019attention particuli\u00e8re apport\u00e9e au confort, votre productivit\u00e9 restera \u00e9lev\u00e9e.[\/vc_column_text][vc_btn title=&#8221;TROUVER VOTRE CHARGEUSE SUNWARD&#8221; style=&#8221;flat&#8221; color=&#8221;orange&#8221; css_animation=&#8221;fadeInUp&#8221; link=&#8221;url:https%3A%2F%2Fwww.sunwardca.com%2Ffr%2Fcategorie-produit%2Fchargeuses%2F|||&#8221;][\/vc_column][\/vc_row][vc_row][vc_column][vc_row_inner el_class=&#8221;hover-img-box-wrapper&#8221;][vc_column_inner el_class=&#8221;hover-img-box&#8221; width=&#8221;1\/4&#8243;][vc_single_image image=&#8221;1016&#8243; img_size=&#8221;full&#8221; alignment=&#8221;center&#8221;][vc_custom_heading text=&#8221;CHARGEUSES COMPACTES SUR PNEUS&#8221; font_container=&#8221;tag:h3|text_align:center&#8221; use_theme_fonts=&#8221;yes&#8221;][vc_raw_html]JTNDYSUyMGhyZWYlM0QlMjIlMkZmciUyRnByb2R1Y3QtY2F0ZWdvcnklMkZsb2FkZXJzJTJGc2tpZC1zdGVlci1sb2FkZXJzJTJGJTIyJTNFJTNDJTJGYSUzRQ==[\/vc_raw_html][\/vc_column_inner][vc_column_inner el_class=&#8221;hover-img-box&#8221; width=&#8221;1\/4&#8243;][vc_single_image image=&#8221;1015&#8243; img_size=&#8221;full&#8221; alignment=&#8221;center&#8221;][vc_custom_heading text=&#8221;CHARGEUSES COMPACTES SUR CHENILLES&#8221; font_container=&#8221;tag:h3|text_align:center&#8221; use_theme_fonts=&#8221;yes&#8221;][vc_raw_html]JTNDYSUyMGhyZWYlM0QlMjIlMkZmciUyRnByb2R1Y3QtY2F0ZWdvcnklMkZsb2FkZXJzJTJGY29tcGFjdC10cmFjay1sb2FkZXJzJTJGJTIyJTNFJTNDJTJGYSUzRQ==[\/vc_raw_html][\/vc_column_inner][\/vc_row_inner][vc_btn title=&#8221;Voir tous les produits&#8221; style=&#8221;flat&#8221; color=&#8221;orange&#8221; align=&#8221;center&#8221; css_animation=&#8221;fadeInUp&#8221; link=&#8221;url:https%3A%2F%2Fwww.sunwardca.com%2Ffr%2Fcategorie-produit%2Fchargeuses%2F|||&#8221; el_class=&#8221;hover-img-box-btn&#8221;][\/vc_column][\/vc_row][\/vc_section][vc_section full_width=&#8221;stretch_row&#8221; el_class=&#8221;hover-img-box-section&#8221;][vc_row][vc_column width=&#8221;5\/12&#8243;][vc_single_image image=&#8221;1000&#8243; img_size=&#8221;main-category-image&#8221; style=&#8221;vc_box_rounded&#8221; css_animation=&#8221;fadeIn&#8221; el_class=&#8221;main-category-image&#8221; title=&#8221;Mobile cranes&#8221;][\/vc_column][vc_column width=&#8221;7\/12&#8243; el_class=&#8221;.main-category-content&#8221; offset=&#8221;vc_hidden-xs&#8221;][vc_custom_heading text=&#8221;GRUES T\u00c9LESCOPIQUES SUR CHENILLES&#8221; font_container=&#8221;tag:h2|font_size:50|text_align:left|color:%23008d84|line_height:48px&#8221; use_theme_fonts=&#8221;yes&#8221; css_animation=&#8221;fadeInUp&#8221; el_class=&#8221;text-uppercase&#8221;][vc_column_text css_animation=&#8221;fadeInUp&#8221;]La construction des grues t\u00e9lescopiques sur chenilles Sunward est bas\u00e9e sur nos pelles sur chenilles \u00e0 fl\u00e8che t\u00e9lescopique. Elles combinent l\u2019ensemble des atouts de nos pelles qui sont compactes, tout-terrain et d\u2019une fiabilit\u00e9 \u00e9prouv\u00e9e dont nous sommes fiers.[\/vc_column_text][vc_btn title=&#8221;TROUVER VOTRE GRUE SUNWARD&#8221; style=&#8221;flat&#8221; color=&#8221;orange&#8221; css_animation=&#8221;fadeInUp&#8221; link=&#8221;url:https%3A%2F%2Fwww.sunwardca.com%2Ffr%2Fcategorie-produit%2Fgrues-telescopiques%2F|||&#8221;][\/vc_column][\/vc_row][vc_row][vc_column][vc_row_inner el_class=&#8221;hover-img-box-wrapper&#8221;][vc_column_inner el_class=&#8221;hover-img-box&#8221; width=&#8221;1\/4&#8243;][vc_single_image image=&#8221;1018&#8243; img_size=&#8221;full&#8221; alignment=&#8221;center&#8221;][vc_custom_heading text=&#8221;SWTC 5D&#8221; font_container=&#8221;tag:h3|text_align:center&#8221; use_theme_fonts=&#8221;yes&#8221;][vc_raw_html]JTNDYSUyMGhyZWYlM0QlMjIlMkZmciUyRnByb2R1aXQlMkZzd3RjLTVkJTJGJTIyJTNFJTNDJTJGYSUzRQ==[\/vc_raw_html][\/vc_column_inner][vc_column_inner el_class=&#8221;hover-img-box&#8221; width=&#8221;1\/4&#8243;][vc_single_image image=&#8221;1019&#8243; img_size=&#8221;full&#8221; alignment=&#8221;center&#8221;][vc_custom_heading text=&#8221;SWTC 10&#8243; font_container=&#8221;tag:h3|text_align:center&#8221; use_theme_fonts=&#8221;yes&#8221;][vc_raw_html]JTNDYSUyMGhyZWYlM0QlMjIlMkZmciUyRnByb2R1aXQlMkZzd3RjLTEwJTJGJTIyJTNFJTNDJTJGYSUzRQ==[\/vc_raw_html][\/vc_column_inner][\/vc_row_inner][vc_btn title=&#8221;Voir tous les produits&#8221; style=&#8221;flat&#8221; color=&#8221;orange&#8221; align=&#8221;center&#8221; css_animation=&#8221;fadeInUp&#8221; link=&#8221;url:https%3A%2F%2Fwww.sunwardca.com%2Ffr%2Fcategorie-produit%2Fgrues-telescopiques%2F|||&#8221; el_class=&#8221;hover-img-box-btn&#8221;][\/vc_column][\/vc_row][\/vc_section][vc_section full_width=&#8221;stretch_row&#8221; el_class=&#8221;hover-img-box-section reverse&#8221;][vc_row][vc_column width=&#8221;5\/12&#8243;][vc_single_image image=&#8221;1003&#8243; img_size=&#8221;main-category-image&#8221; style=&#8221;vc_box_rounded&#8221; css_animation=&#8221;fadeIn&#8221; el_class=&#8221;main-category-image&#8221; title=&#8221;Scissor lifts&#8221;][\/vc_column][vc_column width=&#8221;7\/12&#8243; el_class=&#8221;.main-category-content&#8221; offset=&#8221;vc_hidden-xs&#8221;][vc_custom_heading text=&#8221;Nacelles ciseaux&#8221; font_container=&#8221;tag:h2|font_size:50|text_align:left|color:%23008d84|line_height:48px&#8221; use_theme_fonts=&#8221;yes&#8221; css_animation=&#8221;fadeInUp&#8221; el_class=&#8221;text-uppercase&#8221;][vc_column_text css_animation=&#8221;fadeInUp&#8221;]Lanc\u00e9es sur le march\u00e9 europ\u00e9en fin 2020, Sunward propose actuellement une palette compl\u00e8te de nacelles ciseaux avec 3 gammes\u00a0: la gamme HD (\u00e0 moteur hydraulique) et la gamme DC (\u00e0 moteur \u00e9lectrique) sont toutes deux \u00e9lectriques, et la gamme RT (pour \u00ab\u00a0rough terrain\u00a0\u00bb = terrain difficile) est dot\u00e9e d\u2019un moteur diesel.[\/vc_column_text][vc_btn title=&#8221;TROUVER VOTRE NACELLE CISEAUX SUNWARD&#8221; style=&#8221;flat&#8221; color=&#8221;orange&#8221; css_animation=&#8221;fadeInUp&#8221; link=&#8221;url:https%3A%2F%2Fwww.sunwardca.com%2Ffr%2Fcategorie-produit%2Fnacelles-ciseaux%2F|||&#8221;][\/vc_column][\/vc_row][vc_row][vc_column][vc_row_inner el_class=&#8221;hover-img-box-wrapper&#8221;][vc_column_inner el_class=&#8221;hover-img-box&#8221; width=&#8221;1\/5&#8243;][vc_single_image image=&#8221;1021&#8243; img_size=&#8221;full&#8221; alignment=&#8221;center&#8221;][vc_custom_heading text=&#8221;NACELLES CISEAUX HYDRAULIQUES&#8221; font_container=&#8221;tag:h3|text_align:center&#8221; use_theme_fonts=&#8221;yes&#8221;][vc_raw_html]JTNDYSUyMGhyZWYlM0QlMjIlMkZmciUyRnByb2R1Y3QtY2F0ZWdvcnklMkZzY2lzc29yLWxpZnRzJTJGaHlkcmF1bGljLWRyaXZlbi1zY2lzc29yLWxpZnRzJTJGJTIyJTNFJTNDJTJGYSUzRQ==[\/vc_raw_html][\/vc_column_inner][vc_column_inner el_class=&#8221;hover-img-box&#8221; width=&#8221;1\/5&#8243;][vc_single_image image=&#8221;1020&#8243; img_size=&#8221;full&#8221; alignment=&#8221;center&#8221;][vc_custom_heading text=&#8221;NACELLES CISEAUX \u00c9LECTRIQUES&#8221; font_container=&#8221;tag:h3|text_align:center&#8221; use_theme_fonts=&#8221;yes&#8221;][vc_raw_html]JTNDYSUyMGhyZWYlM0QlMjIlMkZmciUyRnByb2R1Y3QtY2F0ZWdvcnklMkZzY2lzc29yLWxpZnRzJTJGZWxlY3RyaWMtZHJpdmVuLXNjaXNzb3ItbGlmdHMlMkYlMjIlM0UlM0MlMkZhJTNF[\/vc_raw_html][\/vc_column_inner][vc_column_inner el_class=&#8221;hover-img-box&#8221; width=&#8221;1\/5&#8243;][vc_single_image image=&#8221;1022&#8243; img_size=&#8221;full&#8221; alignment=&#8221;center&#8221;][vc_custom_heading text=&#8221;NACELLES CISEAUX TOUT TERRAINS&#8221; font_container=&#8221;tag:h3|text_align:center&#8221; use_theme_fonts=&#8221;yes&#8221;][vc_raw_html]JTNDYSUyMGhyZWYlM0QlMjIlMkZmciUyRnByb2R1Y3QtY2F0ZWdvcnklMkZzY2lzc29yLWxpZnRzJTJGcm91Z2gtdGVycmFpbi1zY2lzc29yLWxpZnRzJTJGJTIyJTNFJTNDJTJGYSUzRQ==[\/vc_raw_html][\/vc_column_inner][\/vc_row_inner][vc_btn title=&#8221;Voir tous les produits&#8221; style=&#8221;flat&#8221; color=&#8221;orange&#8221; align=&#8221;center&#8221; css_animation=&#8221;fadeInUp&#8221; link=&#8221;url:https%3A%2F%2Fwww.sunwardca.com%2Ffr%2Fcategorie-produit%2Fnacelles-ciseaux%2F|||&#8221; el_class=&#8221;hover-img-box-btn&#8221;][\/vc_column][\/vc_row][\/vc_section][vc_section full_width=&#8221;stretch_row&#8221; el_class=&#8221;hover-img-box-section&#8221;][vc_row][vc_column width=&#8221;5\/12&#8243;][vc_single_image image=&#8221;1001&#8243; img_size=&#8221;main-category-image&#8221; style=&#8221;vc_box_rounded&#8221; css_animation=&#8221;fadeIn&#8221; el_class=&#8221;main-category-image&#8221; title=&#8221;Drilling rigs&#8221;][\/vc_column][vc_column width=&#8221;7\/12&#8243; el_class=&#8221;.main-category-content&#8221; offset=&#8221;vc_hidden-xs&#8221;][vc_custom_heading text=&#8221;ENGINS DE FORAGE&#8221; font_container=&#8221;tag:h2|font_size:50|text_align:left|color:%23008d84|line_height:48px&#8221; use_theme_fonts=&#8221;yes&#8221; css_animation=&#8221;fadeInUp&#8221; el_class=&#8221;text-uppercase&#8221;][vc_column_text css_animation=&#8221;fadeInUp&#8221;]Gr\u00e2ce \u00e0 ses innovations technologiques permanentes, Sunward a d\u00e9velopp\u00e9 une gamme compl\u00e8te d\u2019engins de forage et la marque est r\u00e9put\u00e9e dans la branche pour leur performance, leur fiabilit\u00e9 et leur stabilit\u00e9 pour un co\u00fbt d\u2019exploitation bas.[\/vc_column_text][vc_btn title=&#8221;TROUVER VOTRE FOREUSE SUNWARD&#8221; style=&#8221;flat&#8221; color=&#8221;orange&#8221; css_animation=&#8221;fadeInUp&#8221; link=&#8221;url:https%3A%2F%2Fwww.sunwardca.com%2Ffr%2Fcategorie-produit%2Fengins-de-forage%2F|title:Sunward%20Drilling%20Equipment|target:%20_blank|&#8221;][\/vc_column][\/vc_row][vc_row][vc_column][vc_row_inner el_class=&#8221;hover-img-box-wrapper&#8221;][vc_column_inner el_class=&#8221;hover-img-box&#8221; width=&#8221;1\/5&#8243;][vc_single_image image=&#8221;2019&#8243; img_size=&#8221;full&#8221; alignment=&#8221;center&#8221;][vc_custom_heading text=&#8221;FOREUSES FOND DE TROU INT\u00c9GR\u00c9ES&#8221; font_container=&#8221;tag:h3|text_align:center&#8221; use_theme_fonts=&#8221;yes&#8221;][vc_raw_html]JTNDYSUyMGhyZWYlM0QlMjJodHRwcyUzQSUyRiUyRnN1bndhcmRjYS5jb20lMkZmciUyRmNhdGVnb3JpZS1wcm9kdWl0JTJGZW5naW5zLWRlLWZvcmFnZSUyRiUyMnRhcmdldCUzRCUyMl9ibGFuayUyMiUzRSUzQyUyRmElM0U=[\/vc_raw_html][\/vc_column_inner][vc_column_inner el_class=&#8221;hover-img-box&#8221; width=&#8221;1\/5&#8243;][vc_single_image image=&#8221;2020&#8243; img_size=&#8221;full&#8221; alignment=&#8221;center&#8221;][vc_custom_heading text=&#8221;FOREUSES FRAISEUSES&#8221; font_container=&#8221;tag:h3|text_align:center&#8221; use_theme_fonts=&#8221;yes&#8221;][vc_raw_html]JTNDYSUyMGhyZWYlM0QlMjJodHRwcyUzQSUyRiUyRnN1bndhcmRjYS5jb20lMkZmciUyRmNhdGVnb3JpZS1wcm9kdWl0JTJGZW5naW5zLWRlLWZvcmFnZSUyRiUyMnRhcmdldCUzRCUyMl9ibGFuayUyMiUzRSUzQyUyRmElM0U=[\/vc_raw_html][\/vc_column_inner][vc_column_inner el_class=&#8221;hover-img-box&#8221; width=&#8221;1\/5&#8243;][vc_single_image image=&#8221;2021&#8243; img_size=&#8221;full&#8221; alignment=&#8221;center&#8221;][vc_custom_heading text=&#8221;FOREUSES HYDRAULIQUES DE SURFACE&#8221; font_container=&#8221;tag:h3|text_align:center&#8221; use_theme_fonts=&#8221;yes&#8221;][vc_raw_html]JTNDYSUyMGhyZWYlM0QlMjJodHRwcyUzQSUyRiUyRnN1bndhcmRjYS5jb20lMkZmciUyRmNhdGVnb3JpZS1wcm9kdWl0JTJGZW5naW5zLWRlLWZvcmFnZSUyRiUyMnRhcmdldCUzRCUyMl9ibGFuayUyMiUzRSUzQyUyRmElM0U=[\/vc_raw_html][\/vc_column_inner][vc_column_inner el_class=&#8221;hover-img-box&#8221; width=&#8221;1\/5&#8243;][vc_single_image image=&#8221;2022&#8243; img_size=&#8221;full&#8221; alignment=&#8221;center&#8221;][vc_custom_heading text=&#8221;FOREUSES DE PIEUX DE FONDATION EN SPIRALE&#8221; font_container=&#8221;tag:h3|text_align:center&#8221; use_theme_fonts=&#8221;yes&#8221;][vc_raw_html]JTNDYSUyMGhyZWYlM0QlMjJodHRwcyUzQSUyRiUyRnN1bndhcmRjYS5jb20lMkZmciUyRmNhdGVnb3JpZS1wcm9kdWl0JTJGZW5naW5zLWRlLWZvcmFnZSUyRiUyMnRhcmdldCUzRCUyMl9ibGFuayUyMiUzRSUzQyUyRmElM0U=[\/vc_raw_html][\/vc_column_inner][\/vc_row_inner][vc_btn title=&#8221;Voir tous les produits&#8221; style=&#8221;flat&#8221; color=&#8221;orange&#8221; align=&#8221;center&#8221; css_animation=&#8221;fadeInUp&#8221; link=&#8221;url:https%3A%2F%2Fwww.sunwardca.com%2Ffr%2Fcategorie-produit%2Fengins-de-forage%2F|title:Sunward%20Drilling%20Equipment|target:%20_blank|&#8221; el_class=&#8221;hover-img-box-btn&#8221;][\/vc_column][\/vc_row][\/vc_section]<\/p>\n","protected":false},"excerpt":{"rendered":"<p>[vc_section full_width=&#8221;stretch_row&#8221; el_class=&#8221;hover-img-box-section&#8221;][vc_row][vc_column width=&#8221;5\/12&#8243;][vc_single_image image=&#8221;997&#8243; img_size=&#8221;main-category-image&#8221; style=&#8221;vc_box_rounded&#8221; css_animation=&#8221;fadeIn&#8221; title=&#8221;Excavators&#8221; el_class=&#8221;main-category-image&#8221;][\/vc_column][vc_column width=&#8221;7\/12&#8243; el_class=&#8221;.main-category-content&#8221; offset=&#8221;vc_hidden-xs&#8221;][vc_custom_heading text=&#8221;Pelles&#8221; font_container=&#8221;tag:h2|font_size:50|text_align:left|color:%23008d84|line_height:48px&#8221; use_theme_fonts=&#8221;yes&#8221; css_animation=&#8221;fadeInUp&#8221; el_class=&#8221;text-uppercase&#8221;][vc_column_text css_animation=&#8221;fadeInUp&#8221;]Class\u00e9es dans le Top 20 mondial des constructeurs de pelles, les pelles de SUNWARD pr\u00e9sentent tout un \u00e9ventail de fonctions particuli\u00e8rement utiles. La gamme d\u00e9bute avec les mini-pelles de 0,8\u00a0tonnes et va jusqu\u2019aux impressionnantes pelles de 36 [&#8230;]<\/p>\n<p><a class=\"btn btn-secondary understrap-read-more-link\" href=\"https:\/\/www.sunwardca.com\/fr\/products\/\">Lire la suite&#8230;<\/a><\/p>\n","protected":false},"author":8,"featured_media":1005,"parent":0,"menu_order":0,"comment_status":"closed","ping_status":"closed","template":"","meta":{"inline_featured_image":false},"translation":{"provider":"WPGlobus","version":"2.12.0","language":"fr","enabled_languages":["en","fr"],"languages":{"en":{"title":true,"content":true,"excerpt":false},"fr":{"title":true,"content":true,"excerpt":false}}},"acf":[],"yoast_head":"<!-- This site is optimized with the Yoast SEO plugin v20.7 - https:\/\/yoast.com\/wordpress\/plugins\/seo\/ -->\n<title>Produits - Sunward Canada (site officielle)<\/title>\n<meta name=\"robots\" content=\"index, follow, max-snippet:-1, max-image-preview:large, max-video-preview:-1\" \/>\n<link rel=\"canonical\" href=\"https:\/\/www.sunwardca.com\/products\/\" \/>\n<meta property=\"og:locale\" content=\"fr_FR\" \/>\n<meta property=\"og:type\" content=\"article\" \/>\n<meta property=\"og:title\" content=\"Produits - Sunward Canada (site officielle)\" \/>\n<meta property=\"og:url\" content=\"https:\/\/www.sunwardca.com\/products\/\" \/>\n<meta property=\"og:site_name\" content=\"Sunward Canada (site officielle)\" \/>\n<meta property=\"article:modified_time\" content=\"2025-10-29T15:29:23+00:00\" \/>\n<meta property=\"og:image\" content=\"https:\/\/www.sunwardca.com\/wp-content\/uploads\/2022\/01\/Website-Top-Banner-2560x534px.png\" \/>\n\t<meta property=\"og:image:width\" content=\"2560\" \/>\n\t<meta property=\"og:image:height\" content=\"534\" \/>\n\t<meta property=\"og:image:type\" content=\"image\/png\" \/>\n<meta name=\"twitter:card\" content=\"summary_large_image\" \/>\n<meta name=\"twitter:label1\" content=\"Est. reading time\" \/>\n\t<meta name=\"twitter:data1\" content=\"3 minutes\" \/>\n<script type=\"application\/ld+json\" class=\"yoast-schema-graph\">{\"@context\":\"https:\/\/schema.org\",\"@graph\":[{\"@type\":\"WebPage\",\"@id\":\"https:\/\/www.sunwardca.com\/products\/\",\"url\":\"https:\/\/www.sunwardca.com\/products\/\",\"name\":\"Produits - Sunward Canada (site officielle)\",\"isPartOf\":{\"@id\":\"https:\/\/www.sunwardca.com\/fr\/#website\"},\"datePublished\":\"2021-06-10T09:19:43+00:00\",\"dateModified\":\"2025-10-29T15:29:23+00:00\",\"breadcrumb\":{\"@id\":\"https:\/\/www.sunwardca.com\/products\/#breadcrumb\"},\"inLanguage\":\"fr-FR\",\"potentialAction\":[{\"@type\":\"ReadAction\",\"target\":[\"https:\/\/www.sunwardca.com\/products\/\"]}]},{\"@type\":\"BreadcrumbList\",\"@id\":\"https:\/\/www.sunwardca.com\/products\/#breadcrumb\",\"itemListElement\":[{\"@type\":\"ListItem\",\"position\":1,\"name\":\"Home\",\"item\":\"https:\/\/www.sunwardca.com\/\"},{\"@type\":\"ListItem\",\"position\":2,\"name\":\"Products\"}]},{\"@type\":\"WebSite\",\"@id\":\"https:\/\/www.sunwardca.com\/fr\/#website\",\"url\":\"https:\/\/www.sunwardca.com\/fr\/\",\"name\":\"Sunward Canada (site officielle)\",\"description\":\"\",\"publisher\":{\"@id\":\"https:\/\/www.sunwardca.com\/fr\/#organization\"},\"potentialAction\":[{\"@type\":\"SearchAction\",\"target\":{\"@type\":\"EntryPoint\",\"urlTemplate\":\"https:\/\/www.sunwardca.com\/fr\/?s={search_term_string}\"},\"query-input\":\"required name=search_term_string\"}],\"inLanguage\":\"fr-FR\"},{\"@type\":\"Organization\",\"@id\":\"https:\/\/www.sunwardca.com\/fr\/#organization\",\"name\":\"Sunward Canada (site officielle)\",\"url\":\"https:\/\/www.sunwardca.com\/fr\/\",\"logo\":{\"@type\":\"ImageObject\",\"inLanguage\":\"fr-FR\",\"@id\":\"https:\/\/www.sunwardca.com\/fr\/#\/schema\/logo\/image\/\",\"url\":\"https:\/\/www.sunwardca.com\/wp-content\/uploads\/2025\/05\/Sunward-Canada-main-logo-small.png\",\"contentUrl\":\"https:\/\/www.sunwardca.com\/wp-content\/uploads\/2025\/05\/Sunward-Canada-main-logo-small.png\",\"width\":300,\"height\":53,\"caption\":\"Sunward Canada (site officielle)\"},\"image\":{\"@id\":\"https:\/\/www.sunwardca.com\/fr\/#\/schema\/logo\/image\/\"}}]}<\/script>\n<!-- \/ Yoast SEO plugin. -->","yoast_head_json":{"title":"Produits - Sunward Canada (site officielle)","robots":{"index":"index","follow":"follow","max-snippet":"max-snippet:-1","max-image-preview":"max-image-preview:large","max-video-preview":"max-video-preview:-1"},"canonical":"https:\/\/www.sunwardca.com\/products\/","og_locale":"fr_FR","og_type":"article","og_title":"Produits - Sunward Canada (site officielle)","og_url":"https:\/\/www.sunwardca.com\/products\/","og_site_name":"Sunward Canada (site officielle)","article_modified_time":"2025-10-29T15:29:23+00:00","og_image":[{"width":2560,"height":534,"url":"https:\/\/www.sunwardca.com\/wp-content\/uploads\/2022\/01\/Website-Top-Banner-2560x534px.png","type":"image\/png"}],"twitter_card":"summary_large_image","twitter_misc":{"Est. reading time":"3 minutes"},"schema":{"@context":"https:\/\/schema.org","@graph":[{"@type":"WebPage","@id":"https:\/\/www.sunwardca.com\/products\/","url":"https:\/\/www.sunwardca.com\/products\/","name":"Produits - Sunward Canada (site officielle)","isPartOf":{"@id":"https:\/\/www.sunwardca.com\/fr\/#website"},"datePublished":"2021-06-10T09:19:43+00:00","dateModified":"2025-10-29T15:29:23+00:00","breadcrumb":{"@id":"https:\/\/www.sunwardca.com\/products\/#breadcrumb"},"inLanguage":"fr-FR","potentialAction":[{"@type":"ReadAction","target":["https:\/\/www.sunwardca.com\/products\/"]}]},{"@type":"BreadcrumbList","@id":"https:\/\/www.sunwardca.com\/products\/#breadcrumb","itemListElement":[{"@type":"ListItem","position":1,"name":"Home","item":"https:\/\/www.sunwardca.com\/"},{"@type":"ListItem","position":2,"name":"Products"}]},{"@type":"WebSite","@id":"https:\/\/www.sunwardca.com\/fr\/#website","url":"https:\/\/www.sunwardca.com\/fr\/","name":"Sunward Canada (site officielle)","description":"","publisher":{"@id":"https:\/\/www.sunwardca.com\/fr\/#organization"},"potentialAction":[{"@type":"SearchAction","target":{"@type":"EntryPoint","urlTemplate":"https:\/\/www.sunwardca.com\/fr\/?s={search_term_string}"},"query-input":"required name=search_term_string"}],"inLanguage":"fr-FR"},{"@type":"Organization","@id":"https:\/\/www.sunwardca.com\/fr\/#organization","name":"Sunward Canada (site officielle)","url":"https:\/\/www.sunwardca.com\/fr\/","logo":{"@type":"ImageObject","inLanguage":"fr-FR","@id":"https:\/\/www.sunwardca.com\/fr\/#\/schema\/logo\/image\/","url":"https:\/\/www.sunwardca.com\/wp-content\/uploads\/2025\/05\/Sunward-Canada-main-logo-small.png","contentUrl":"https:\/\/www.sunwardca.com\/wp-content\/uploads\/2025\/05\/Sunward-Canada-main-logo-small.png","width":300,"height":53,"caption":"Sunward Canada (site officielle)"},"image":{"@id":"https:\/\/www.sunwardca.com\/fr\/#\/schema\/logo\/image\/"}}]}},"_links":{"self":[{"href":"https:\/\/www.sunwardca.com\/fr\/wp-json\/wp\/v2\/pages\/248"}],"collection":[{"href":"https:\/\/www.sunwardca.com\/fr\/wp-json\/wp\/v2\/pages"}],"about":[{"href":"https:\/\/www.sunwardca.com\/fr\/wp-json\/wp\/v2\/types\/page"}],"author":[{"embeddable":true,"href":"https:\/\/www.sunwardca.com\/fr\/wp-json\/wp\/v2\/users\/8"}],"replies":[{"embeddable":true,"href":"https:\/\/www.sunwardca.com\/fr\/wp-json\/wp\/v2\/comments?post=248"}],"version-history":[{"count":96,"href":"https:\/\/www.sunwardca.com\/fr\/wp-json\/wp\/v2\/pages\/248\/revisions"}],"predecessor-version":[{"id":3723,"href":"https:\/\/www.sunwardca.com\/fr\/wp-json\/wp\/v2\/pages\/248\/revisions\/3723"}],"wp:featuredmedia":[{"embeddable":true,"href":"https:\/\/www.sunwardca.com\/fr\/wp-json\/wp\/v2\/media\/1005"}],"wp:attachment":[{"href":"https:\/\/www.sunwardca.com\/fr\/wp-json\/wp\/v2\/media?parent=248"}],"curies":[{"name":"wp","href":"https:\/\/api.w.org\/{rel}","templated":true}]}}