{"id":487,"date":"2021-06-29T13:04:09","date_gmt":"2021-06-29T11:04:09","guid":{"rendered":"https:\/\/www.sunwardca.com\/?page_id=487"},"modified":"2026-04-15T15:23:45","modified_gmt":"2026-04-15T22:23:45","slug":"find-our-dealers","status":"publish","type":"page","link":"https:\/\/www.sunwardca.com\/fr\/service-parts\/find-our-dealers\/","title":{"rendered":"Trouvez votre concessionnaire"},"content":{"rendered":"<p>[vc_row full_width=&#8221;stretch_row&#8221; css=&#8221;.vc_custom_1643060116939{margin-top: 0px !important;margin-bottom: 0px !important;border-top-width: 0px !important;border-bottom-width: 0px !important;padding-bottom: 0px !important;background-color: #f8fbfb !important;}&#8221; el_id=&#8221;section-1&#8243;][vc_column][vc_custom_heading text=&#8221;NOS CONCESSIONNAIRES<br \/>\n<b>VOS MEILLEURS AMBASSADEURS<\/b>&#8221; font_container=&#8221;tag:h2|font_size:48|text_align:center|color:%23008d84|line_height:58px&#8221; use_theme_fonts=&#8221;yes&#8221; css_animation=&#8221;fadeInUp&#8221; el_class=&#8221;text-uppercase&#8221;][vc_column_text css_animation=&#8221;fadeInUp&#8221; el_class=&#8221;text-center&#8221;]Au long des ann\u00e9es, Sunward a \u00e9tabli un r\u00e9seau fiable de distributeurs \u00e0 travers l\u2019Europe. De plus, nos concessionnaires sont au c\u0153ur de la passion de SUNWARD pour l&#8217;am\u00e9lioration permanente. L&#8217;exp\u00e9rience de nos concessionnaires est un v\u00e9ritable atout. Comme ils desservent votre march\u00e9 local, leur retour d&#8217;informations nous aide \u00e0 faire \u00e9voluer notre ing\u00e9nierie et nos innovations en fonction des besoins des clients.<\/p>\n<p>Aujourd\u2019hui, nous comptons plus de 110 concessionnaires \u00e9tablis \u00e0 travers toute l&#8217;Europe.<\/p>\n<h3>RECHERCHEZ LE CONCESSIONNAIRE LE PLUS PROCHE SUR LA CARTE CI-DESSOUS.<\/h3>\n<p>[\/vc_column_text][\/vc_column][\/vc_row][vc_section el_id=&#8221;dealers-map&#8221; css=&#8221;.vc_custom_1643041743395{margin-top: 0px !important;margin-bottom: 0px !important;border-top-width: 0px !important;border-bottom-width: 0px !important;padding-top: 0px !important;padding-bottom: 0px !important;}&#8221;][vc_row][vc_column][vc_raw_html]JTVCd29yZHByZXNzX3N0b3JlX2xvY2F0b3IlNUQ=[\/vc_raw_html][\/vc_column][\/vc_row][vc_row css=&#8221;.vc_custom_1643041681663{margin-bottom: 0px !important;border-bottom-width: 0px !important;}&#8221;][vc_column][vc_custom_heading text=&#8221;VOUS NE TROUVEZ PAS DE CONCESSIONNAIRE PR\u00c8S DE CHEZ VOUS ?<br \/>\nVOUS SOUHAITEZ INT\u00c9GRER NOTRE R\u00c9SEAU ?<br \/>\n<b>CONTACTEZ-NOUS<\/b>&#8221; font_container=&#8221;tag:h2|font_size:48|text_align:center|color:%23008d84|line_height:58px&#8221; use_theme_fonts=&#8221;yes&#8221; css_animation=&#8221;fadeInUp&#8221; el_class=&#8221;text-uppercase&#8221;][\/vc_column][\/vc_row][\/vc_section][vc_row el_id=&#8221;contact&#8221; css=&#8221;.vc_custom_1643041613939{margin-top: 0px !important;border-top-width: 0px !important;padding-top: 0px !important;}&#8221;][vc_column el_class=&#8221;text-col&#8221; offset=&#8221;vc_col-lg-4 vc_col-md-5&#8243;][vc_custom_heading text=&#8221;RESTONS<br \/>\nEN CONTACT&#8221; font_container=&#8221;tag:h2|font_size:45|text_align:left|color:%23008d84|line_height:44px&#8221; use_theme_fonts=&#8221;yes&#8221; css_animation=&#8221;fadeInUp&#8221; el_class=&#8221;text-uppercase&#8221;][vc_column_text css_animation=&#8221;fadeInUp&#8221;]Si vous avez des questions concernant notre r\u00e9seau, n\u2019h\u00e9sitez pas \u00e0 nous contacter directement par e-mail ou t\u00e9l\u00e9phone ou en remplissant le formulaire de contact.[\/vc_column_text][vc_custom_heading text=&#8221;APPELEZ OU \u00c9CRIVEZ-NOUS&#8221; font_container=&#8221;tag:h3|font_size:20|text_align:left|color:%23008d84|line_height:30px&#8221; use_theme_fonts=&#8221;yes&#8221; css_animation=&#8221;fadeInUp&#8221; el_class=&#8221;text-uppercase&#8221;][vc_column_text css_animation=&#8221;fadeInUp&#8221;]<\/p>\n<ul class=\"contact-info-list\">\n<li><img decoding=\"async\" loading=\"lazy\" class=\"alignnone wp-image-455 size-full\" src=\"http:\/\/www.sunwardca.com\/wp-content\/uploads\/2021\/06\/icon-phone.svg\" alt=\"\" width=\"17\" height=\"17\" \/>+1 403 370 9870<\/li>\n<li><a href=\"mailto:canada@sunward.cc\"><img decoding=\"async\" loading=\"lazy\" class=\"alignnone size-full wp-image-454\" src=\"http:\/\/www.sunwardca.com\/wp-content\/uploads\/2021\/06\/icon-email.svg\" alt=\"\" width=\"17\" height=\"17\" \/>canada@sunward.cc<\/a><\/li>\n<\/ul>\n<p>[\/vc_column_text][\/vc_column][vc_column offset=&#8221;vc_col-lg-8 vc_col-md-7&#8243;]\n<div class=\"wpcf7 no-js\" id=\"wpcf7-f2803-o1\" lang=\"en-US\" dir=\"ltr\">\n<div class=\"screen-reader-response\"><p role=\"status\" aria-live=\"polite\" aria-atomic=\"true\"><\/p> <ul><\/ul><\/div>\n<form action=\"\/fr\/wp-json\/wp\/v2\/pages\/487#wpcf7-f2803-o1\" method=\"post\" class=\"wpcf7-form init\" aria-label=\"Contact form\" novalidate=\"novalidate\" data-status=\"init\">\n<div style=\"display: none;\">\n<input type=\"hidden\" name=\"_wpcf7\" value=\"2803\" \/>\n<input type=\"hidden\" name=\"_wpcf7_version\" value=\"5.7.6\" \/>\n<input type=\"hidden\" name=\"_wpcf7_locale\" value=\"en_US\" \/>\n<input type=\"hidden\" name=\"_wpcf7_unit_tag\" value=\"wpcf7-f2803-o1\" \/>\n<input type=\"hidden\" name=\"_wpcf7_container_post\" value=\"0\" \/>\n<input type=\"hidden\" name=\"_wpcf7_posted_data_hash\" value=\"\" \/>\n<\/div>\n<div class=\"row contact-form\">\n\t<div class=\"col-sm-6\">\n\t\t<p><span class=\"wpcf7-form-control-wrap\" data-name=\"first_name\"><input size=\"40\" class=\"wpcf7-form-control wpcf7-text wpcf7-validates-as-required\" aria-required=\"true\" aria-invalid=\"false\" placeholder=\"Nom\" value=\"\" type=\"text\" name=\"first_name\" \/><\/span>\n\t\t<\/p>\n\t<\/div>\n\t<div class=\"col-sm-6\">\n\t\t<p><span class=\"wpcf7-form-control-wrap\" data-name=\"email\"><input size=\"40\" class=\"wpcf7-form-control wpcf7-text wpcf7-email wpcf7-validates-as-required wpcf7-validates-as-email\" aria-required=\"true\" aria-invalid=\"false\" placeholder=\"E-mail\" value=\"\" type=\"email\" name=\"email\" \/><\/span>\n\t\t<\/p>\n\t<\/div>\n\t<div class=\"col-sm-12\">\n\t\t<p><span class=\"wpcf7-form-control-wrap\" data-name=\"message\"><textarea cols=\"40\" rows=\"10\" class=\"wpcf7-form-control wpcf7-textarea\" aria-invalid=\"false\" placeholder=\"Message\" name=\"message\"><\/textarea><\/span>\n\t\t<\/p>\n\t<\/div>\n<\/div>\n<p><input class=\"wpcf7-form-control has-spinner wpcf7-submit btn btn-secondary\" type=\"submit\" value=\"Valider\" \/>\n<\/p><div class=\"wpcf7-response-output\" aria-hidden=\"true\"><\/div>\n<\/form>\n<\/div>\n[\/vc_column][\/vc_row]<\/p>\n","protected":false},"excerpt":{"rendered":"<p>[vc_row full_width=&#8221;stretch_row&#8221; css=&#8221;.vc_custom_1643060116939{margin-top: 0px !important;margin-bottom: 0px !important;border-top-width: 0px !important;border-bottom-width: 0px !important;padding-bottom: 0px !important;background-color: #f8fbfb !important;}&#8221; el_id=&#8221;section-1&#8243;][vc_column][vc_custom_heading text=&#8221;NOS CONCESSIONNAIRES VOS MEILLEURS AMBASSADEURS&#8221; font_container=&#8221;tag:h2|font_size:48|text_align:center|color:%23008d84|line_height:58px&#8221; use_theme_fonts=&#8221;yes&#8221; css_animation=&#8221;fadeInUp&#8221; el_class=&#8221;text-uppercase&#8221;][vc_column_text css_animation=&#8221;fadeInUp&#8221; el_class=&#8221;text-center&#8221;]Au long des ann\u00e9es, Sunward a \u00e9tabli un r\u00e9seau fiable de distributeurs \u00e0 travers l\u2019Europe. De plus, nos concessionnaires sont au c\u0153ur de la passion de SUNWARD pour l&#8217;am\u00e9lioration [&#8230;]<\/p>\n<p><a class=\"btn btn-secondary understrap-read-more-link\" href=\"https:\/\/www.sunwardca.com\/fr\/service-parts\/find-our-dealers\/\">Lire la suite&#8230;<\/a><\/p>\n","protected":false},"author":8,"featured_media":1855,"parent":535,"menu_order":0,"comment_status":"closed","ping_status":"closed","template":"","meta":{"inline_featured_image":false},"translation":{"provider":"WPGlobus","version":"2.12.0","language":"fr","enabled_languages":["en","fr"],"languages":{"en":{"title":true,"content":true,"excerpt":false},"fr":{"title":true,"content":true,"excerpt":false}}},"acf":[],"yoast_head":"<!-- This site is optimized with the Yoast SEO plugin v20.7 - https:\/\/yoast.com\/wordpress\/plugins\/seo\/ -->\n<title>Trouvez votre concessionnaire - Sunward Canada (site officielle)<\/title>\n<meta name=\"robots\" content=\"index, follow, max-snippet:-1, max-image-preview:large, max-video-preview:-1\" \/>\n<link rel=\"canonical\" href=\"https:\/\/www.sunwardca.com\/service-parts\/find-our-dealers\/\" \/>\n<meta property=\"og:locale\" content=\"fr_FR\" \/>\n<meta property=\"og:type\" content=\"article\" \/>\n<meta property=\"og:title\" content=\"Trouvez votre concessionnaire - Sunward Canada (site officielle)\" \/>\n<meta property=\"og:url\" content=\"https:\/\/www.sunwardca.com\/service-parts\/find-our-dealers\/\" \/>\n<meta property=\"og:site_name\" content=\"Sunward Canada (site officielle)\" \/>\n<meta property=\"article:modified_time\" content=\"2026-04-15T22:23:45+00:00\" \/>\n<meta property=\"og:image\" content=\"https:\/\/www.sunwardca.com\/wp-content\/uploads\/2022\/01\/Website-Top-Banner-Sunward-Dealer-Network-2560x534px-2.png\" \/>\n\t<meta property=\"og:image:width\" content=\"2560\" \/>\n\t<meta property=\"og:image:height\" content=\"534\" \/>\n\t<meta property=\"og:image:type\" content=\"image\/png\" \/>\n<meta name=\"twitter:card\" content=\"summary_large_image\" \/>\n<meta name=\"twitter:label1\" content=\"Est. reading time\" \/>\n\t<meta name=\"twitter:data1\" content=\"2 minutes\" \/>\n<script type=\"application\/ld+json\" class=\"yoast-schema-graph\">{\"@context\":\"https:\/\/schema.org\",\"@graph\":[{\"@type\":\"WebPage\",\"@id\":\"https:\/\/www.sunwardca.com\/service-parts\/find-our-dealers\/\",\"url\":\"https:\/\/www.sunwardca.com\/service-parts\/find-our-dealers\/\",\"name\":\"Trouvez votre concessionnaire - Sunward Canada (site officielle)\",\"isPartOf\":{\"@id\":\"https:\/\/www.sunwardca.com\/fr\/#website\"},\"datePublished\":\"2021-06-29T11:04:09+00:00\",\"dateModified\":\"2026-04-15T22:23:45+00:00\",\"breadcrumb\":{\"@id\":\"https:\/\/www.sunwardca.com\/service-parts\/find-our-dealers\/#breadcrumb\"},\"inLanguage\":\"fr-FR\",\"potentialAction\":[{\"@type\":\"ReadAction\",\"target\":[\"https:\/\/www.sunwardca.com\/service-parts\/find-our-dealers\/\"]}]},{\"@type\":\"BreadcrumbList\",\"@id\":\"https:\/\/www.sunwardca.com\/service-parts\/find-our-dealers\/#breadcrumb\",\"itemListElement\":[{\"@type\":\"ListItem\",\"position\":1,\"name\":\"Home\",\"item\":\"https:\/\/www.sunwardca.com\/\"},{\"@type\":\"ListItem\",\"position\":2,\"name\":\"Service &#038; Parts\",\"item\":\"https:\/\/www.sunwardca.com\/service-parts\/\"},{\"@type\":\"ListItem\",\"position\":3,\"name\":\"Find your dealer\"}]},{\"@type\":\"WebSite\",\"@id\":\"https:\/\/www.sunwardca.com\/fr\/#website\",\"url\":\"https:\/\/www.sunwardca.com\/fr\/\",\"name\":\"Sunward Canada (site officielle)\",\"description\":\"\",\"publisher\":{\"@id\":\"https:\/\/www.sunwardca.com\/fr\/#organization\"},\"potentialAction\":[{\"@type\":\"SearchAction\",\"target\":{\"@type\":\"EntryPoint\",\"urlTemplate\":\"https:\/\/www.sunwardca.com\/fr\/?s={search_term_string}\"},\"query-input\":\"required name=search_term_string\"}],\"inLanguage\":\"fr-FR\"},{\"@type\":\"Organization\",\"@id\":\"https:\/\/www.sunwardca.com\/fr\/#organization\",\"name\":\"Sunward Canada (site officielle)\",\"url\":\"https:\/\/www.sunwardca.com\/fr\/\",\"logo\":{\"@type\":\"ImageObject\",\"inLanguage\":\"fr-FR\",\"@id\":\"https:\/\/www.sunwardca.com\/fr\/#\/schema\/logo\/image\/\",\"url\":\"https:\/\/www.sunwardca.com\/wp-content\/uploads\/2025\/05\/Sunward-Canada-main-logo-small.png\",\"contentUrl\":\"https:\/\/www.sunwardca.com\/wp-content\/uploads\/2025\/05\/Sunward-Canada-main-logo-small.png\",\"width\":300,\"height\":53,\"caption\":\"Sunward Canada (site officielle)\"},\"image\":{\"@id\":\"https:\/\/www.sunwardca.com\/fr\/#\/schema\/logo\/image\/\"}}]}<\/script>\n<!-- \/ Yoast SEO plugin. -->","yoast_head_json":{"title":"Trouvez votre concessionnaire - Sunward Canada (site officielle)","robots":{"index":"index","follow":"follow","max-snippet":"max-snippet:-1","max-image-preview":"max-image-preview:large","max-video-preview":"max-video-preview:-1"},"canonical":"https:\/\/www.sunwardca.com\/service-parts\/find-our-dealers\/","og_locale":"fr_FR","og_type":"article","og_title":"Trouvez votre concessionnaire - Sunward Canada (site officielle)","og_url":"https:\/\/www.sunwardca.com\/service-parts\/find-our-dealers\/","og_site_name":"Sunward Canada (site officielle)","article_modified_time":"2026-04-15T22:23:45+00:00","og_image":[{"width":2560,"height":534,"url":"https:\/\/www.sunwardca.com\/wp-content\/uploads\/2022\/01\/Website-Top-Banner-Sunward-Dealer-Network-2560x534px-2.png","type":"image\/png"}],"twitter_card":"summary_large_image","twitter_misc":{"Est. reading time":"2 minutes"},"schema":{"@context":"https:\/\/schema.org","@graph":[{"@type":"WebPage","@id":"https:\/\/www.sunwardca.com\/service-parts\/find-our-dealers\/","url":"https:\/\/www.sunwardca.com\/service-parts\/find-our-dealers\/","name":"Trouvez votre concessionnaire - Sunward Canada (site officielle)","isPartOf":{"@id":"https:\/\/www.sunwardca.com\/fr\/#website"},"datePublished":"2021-06-29T11:04:09+00:00","dateModified":"2026-04-15T22:23:45+00:00","breadcrumb":{"@id":"https:\/\/www.sunwardca.com\/service-parts\/find-our-dealers\/#breadcrumb"},"inLanguage":"fr-FR","potentialAction":[{"@type":"ReadAction","target":["https:\/\/www.sunwardca.com\/service-parts\/find-our-dealers\/"]}]},{"@type":"BreadcrumbList","@id":"https:\/\/www.sunwardca.com\/service-parts\/find-our-dealers\/#breadcrumb","itemListElement":[{"@type":"ListItem","position":1,"name":"Home","item":"https:\/\/www.sunwardca.com\/"},{"@type":"ListItem","position":2,"name":"Service &#038; Parts","item":"https:\/\/www.sunwardca.com\/service-parts\/"},{"@type":"ListItem","position":3,"name":"Find your dealer"}]},{"@type":"WebSite","@id":"https:\/\/www.sunwardca.com\/fr\/#website","url":"https:\/\/www.sunwardca.com\/fr\/","name":"Sunward Canada (site officielle)","description":"","publisher":{"@id":"https:\/\/www.sunwardca.com\/fr\/#organization"},"potentialAction":[{"@type":"SearchAction","target":{"@type":"EntryPoint","urlTemplate":"https:\/\/www.sunwardca.com\/fr\/?s={search_term_string}"},"query-input":"required name=search_term_string"}],"inLanguage":"fr-FR"},{"@type":"Organization","@id":"https:\/\/www.sunwardca.com\/fr\/#organization","name":"Sunward Canada (site officielle)","url":"https:\/\/www.sunwardca.com\/fr\/","logo":{"@type":"ImageObject","inLanguage":"fr-FR","@id":"https:\/\/www.sunwardca.com\/fr\/#\/schema\/logo\/image\/","url":"https:\/\/www.sunwardca.com\/wp-content\/uploads\/2025\/05\/Sunward-Canada-main-logo-small.png","contentUrl":"https:\/\/www.sunwardca.com\/wp-content\/uploads\/2025\/05\/Sunward-Canada-main-logo-small.png","width":300,"height":53,"caption":"Sunward Canada (site officielle)"},"image":{"@id":"https:\/\/www.sunwardca.com\/fr\/#\/schema\/logo\/image\/"}}]}},"_links":{"self":[{"href":"https:\/\/www.sunwardca.com\/fr\/wp-json\/wp\/v2\/pages\/487"}],"collection":[{"href":"https:\/\/www.sunwardca.com\/fr\/wp-json\/wp\/v2\/pages"}],"about":[{"href":"https:\/\/www.sunwardca.com\/fr\/wp-json\/wp\/v2\/types\/page"}],"author":[{"embeddable":true,"href":"https:\/\/www.sunwardca.com\/fr\/wp-json\/wp\/v2\/users\/8"}],"replies":[{"embeddable":true,"href":"https:\/\/www.sunwardca.com\/fr\/wp-json\/wp\/v2\/comments?post=487"}],"version-history":[{"count":81,"href":"https:\/\/www.sunwardca.com\/fr\/wp-json\/wp\/v2\/pages\/487\/revisions"}],"predecessor-version":[{"id":4449,"href":"https:\/\/www.sunwardca.com\/fr\/wp-json\/wp\/v2\/pages\/487\/revisions\/4449"}],"up":[{"embeddable":true,"href":"https:\/\/www.sunwardca.com\/fr\/wp-json\/wp\/v2\/pages\/535"}],"wp:featuredmedia":[{"embeddable":true,"href":"https:\/\/www.sunwardca.com\/fr\/wp-json\/wp\/v2\/media\/1855"}],"wp:attachment":[{"href":"https:\/\/www.sunwardca.com\/fr\/wp-json\/wp\/v2\/media?parent=487"}],"curies":[{"name":"wp","href":"https:\/\/api.w.org\/{rel}","templated":true}]}}