{"id":537,"date":"2021-06-30T09:06:32","date_gmt":"2021-06-30T07:06:32","guid":{"rendered":"https:\/\/www.sunwardca.com\/?page_id=537"},"modified":"2025-12-23T15:43:09","modified_gmt":"2025-12-23T23:43:09","slug":"spare-parts-2","status":"publish","type":"page","link":"https:\/\/www.sunwardca.com\/fr\/service-parts\/spare-parts-2\/","title":{"rendered":"Garantie"},"content":{"rendered":"<p>[vc_row full_width=&#8221;stretch_row&#8221; content_placement=&#8221;middle&#8221; css_animation=&#8221;fadeIn&#8221; css=&#8221;.vc_custom_1624962250059{background-color: #f8fbfb !important;}&#8221; el_id=&#8221;europe&#8221;][vc_column offset=&#8221;vc_col-lg-5 vc_col-md-5&#8243;][vc_single_image image=&#8221;2504&#8243; img_size=&#8221;full&#8221; style=&#8221;vc_box_rounded&#8221; el_class=&#8221;img-styled bottom left&#8221;][\/vc_column][vc_column offset=&#8221;vc_col-lg-7 vc_col-md-7&#8243; el_class=&#8221;text-col-right&#8221;][vc_custom_heading text=&#8221;TRANQUILLIT\u00c9<br \/>\n<b>D&#8217;ESPRIT<\/b>&#8221; font_container=&#8221;tag:h2|font_size:44|text_align:left|color:%23008d84|line_height:53px&#8221; use_theme_fonts=&#8221;yes&#8221; css_animation=&#8221;fadeInUp&#8221; el_class=&#8221;text-uppercase&#8221;][vc_column_text css_animation=&#8221;fadeInUp&#8221;]Pour votre tranquillit\u00e9 d&#8217;esprit, tous les produits pour excavatrices et chargeuses compactes sont garantis jusqu&#8217;\u00e0 3 ans.[\/vc_column_text][\/vc_column][\/vc_row][vc_section full_width=&#8221;stretch_row&#8221; el_id=&#8221;section-1&#8243; el_class=&#8221;page-section&#8221; css=&#8221;.vc_custom_1625225596385{background-color: #f8fbfb !important;}&#8221;][vc_row full_width=&#8221;stretch_row&#8221; rtl_reverse=&#8221;yes&#8221; content_placement=&#8221;middle&#8221; css_animation=&#8221;fadeIn&#8221;][vc_column offset=&#8221;vc_col-lg-6 vc_col-md-6&#8243; el_class=&#8221;text-col-left&#8221;][vc_custom_heading text=&#8221;<b>DES COMPOSANTS<\/b><br \/>\nHAUT DE GAMME&#8221; font_container=&#8221;tag:h2|font_size:48|text_align:left|color:%23008d84|line_height:58px&#8221; use_theme_fonts=&#8221;yes&#8221; css_animation=&#8221;fadeInUp&#8221; el_class=&#8221;text-uppercase&#8221;][vc_column_text css_animation=&#8221;fadeInUp&#8221;]Sunward est votre investissement le plus intelligent en mati\u00e8re de fiabilit\u00e9, de performances et de retour sur investissement \u00e9lev\u00e9. En effet, la conception experte de Sunward comprend une s\u00e9lection bien pens\u00e9e de composants haut de gamme qui rationalisent le fonctionnement, la maintenance et surtout la durabilit\u00e9, couronn\u00e9e par jusqu&#8217;\u00e0 3 ans de garantie, standard pour tous les produits Sunward.[\/vc_column_text][\/vc_column][vc_column offset=&#8221;vc_col-lg-6 vc_col-md-6&#8243;][vc_single_image image=&#8221;2443&#8243; img_size=&#8221;full&#8221; alignment=&#8221;right&#8221; style=&#8221;vc_box_rounded&#8221; el_class=&#8221;img-styled bottom right&#8221;][\/vc_column][\/vc_row][vc_row full_width=&#8221;stretch_row&#8221; rtl_reverse=&#8221;yes&#8221; content_placement=&#8221;middle&#8221; css_animation=&#8221;fadeIn&#8221;][vc_column offset=&#8221;vc_col-lg-6 vc_col-md-6&#8243; el_class=&#8221;text-col-left&#8221;][vc_single_image image=&#8221;2444&#8243; img_size=&#8221;full&#8221; alignment=&#8221;right&#8221; style=&#8221;vc_box_rounded&#8221; el_class=&#8221;img-styled bottom right&#8221;][\/vc_column][vc_column offset=&#8221;vc_col-lg-6 vc_col-md-6&#8243;][vc_custom_heading text=&#8221;<b>CONTR\u00d4LE QUALIT\u00c9<\/b><br \/>\nAU TOP&#8221; font_container=&#8221;tag:h2|font_size:48|text_align:left|color:%23008d84|line_height:58px&#8221; use_theme_fonts=&#8221;yes&#8221; css_animation=&#8221;fadeInUp&#8221; el_class=&#8221;text-uppercase&#8221;][vc_column_text css_animation=&#8221;fadeInUp&#8221;]Le contr\u00f4le qualit\u00e9 de nos machines est au c\u0153ur de la strat\u00e9gie de Sunward. Ainsi, pour maintenir une qualit\u00e9 constante, tous nos \u00e9quipements sont soumis \u00e0 une inspection de livraison de produit (PDI) dans notre si\u00e8ge europ\u00e9en \u00e0 Tessenderlo, en Belgique.[\/vc_column_text][\/vc_column][\/vc_row][\/vc_section]<\/p>\n","protected":false},"excerpt":{"rendered":"<p>[vc_row full_width=&#8221;stretch_row&#8221; content_placement=&#8221;middle&#8221; css_animation=&#8221;fadeIn&#8221; css=&#8221;.vc_custom_1624962250059{background-color: #f8fbfb !important;}&#8221; el_id=&#8221;europe&#8221;][vc_column offset=&#8221;vc_col-lg-5 vc_col-md-5&#8243;][vc_single_image image=&#8221;2504&#8243; img_size=&#8221;full&#8221; style=&#8221;vc_box_rounded&#8221; el_class=&#8221;img-styled bottom left&#8221;][\/vc_column][vc_column offset=&#8221;vc_col-lg-7 vc_col-md-7&#8243; el_class=&#8221;text-col-right&#8221;][vc_custom_heading text=&#8221;TRANQUILLIT\u00c9 D&#8217;ESPRIT&#8221; font_container=&#8221;tag:h2|font_size:44|text_align:left|color:%23008d84|line_height:53px&#8221; use_theme_fonts=&#8221;yes&#8221; css_animation=&#8221;fadeInUp&#8221; el_class=&#8221;text-uppercase&#8221;][vc_column_text css_animation=&#8221;fadeInUp&#8221;]Pour votre tranquillit\u00e9 d&#8217;esprit, tous les produits pour excavatrices et chargeuses compactes sont garantis jusqu&#8217;\u00e0 3 ans.[\/vc_column_text][\/vc_column][\/vc_row][vc_section full_width=&#8221;stretch_row&#8221; el_id=&#8221;section-1&#8243; el_class=&#8221;page-section&#8221; css=&#8221;.vc_custom_1625225596385{background-color: #f8fbfb !important;}&#8221;][vc_row full_width=&#8221;stretch_row&#8221; rtl_reverse=&#8221;yes&#8221; content_placement=&#8221;middle&#8221; css_animation=&#8221;fadeIn&#8221;][vc_column offset=&#8221;vc_col-lg-6 vc_col-md-6&#8243; el_class=&#8221;text-col-left&#8221;][vc_custom_heading [&#8230;]<\/p>\n<p><a class=\"btn btn-secondary understrap-read-more-link\" href=\"https:\/\/www.sunwardca.com\/fr\/service-parts\/spare-parts-2\/\">Lire la suite&#8230;<\/a><\/p>\n","protected":false},"author":8,"featured_media":0,"parent":535,"menu_order":0,"comment_status":"closed","ping_status":"closed","template":"","meta":{"inline_featured_image":false},"translation":{"provider":"WPGlobus","version":"2.12.0","language":"fr","enabled_languages":["en","fr"],"languages":{"en":{"title":true,"content":true,"excerpt":false},"fr":{"title":true,"content":true,"excerpt":false}}},"acf":[],"yoast_head":"<!-- This site is optimized with the Yoast SEO plugin v20.7 - https:\/\/yoast.com\/wordpress\/plugins\/seo\/ -->\n<title>Garantie - Sunward Canada (site officielle)<\/title>\n<meta name=\"robots\" content=\"index, follow, max-snippet:-1, max-image-preview:large, max-video-preview:-1\" \/>\n<link rel=\"canonical\" href=\"https:\/\/www.sunwardca.com\/service-parts\/spare-parts-2\/\" \/>\n<meta property=\"og:locale\" content=\"fr_FR\" \/>\n<meta property=\"og:type\" content=\"article\" \/>\n<meta property=\"og:title\" content=\"Garantie - Sunward Canada (site officielle)\" \/>\n<meta property=\"og:url\" content=\"https:\/\/www.sunwardca.com\/service-parts\/spare-parts-2\/\" \/>\n<meta property=\"og:site_name\" content=\"Sunward Canada (site officielle)\" \/>\n<meta property=\"article:modified_time\" content=\"2025-12-23T23:43:09+00:00\" \/>\n<meta name=\"twitter:card\" content=\"summary_large_image\" \/>\n<meta name=\"twitter:label1\" content=\"Est. reading time\" \/>\n\t<meta name=\"twitter:data1\" content=\"1 minute\" \/>\n<script type=\"application\/ld+json\" class=\"yoast-schema-graph\">{\"@context\":\"https:\/\/schema.org\",\"@graph\":[{\"@type\":\"WebPage\",\"@id\":\"https:\/\/www.sunwardca.com\/service-parts\/spare-parts-2\/\",\"url\":\"https:\/\/www.sunwardca.com\/service-parts\/spare-parts-2\/\",\"name\":\"Garantie - Sunward Canada (site officielle)\",\"isPartOf\":{\"@id\":\"https:\/\/www.sunwardca.com\/fr\/#website\"},\"datePublished\":\"2021-06-30T07:06:32+00:00\",\"dateModified\":\"2025-12-23T23:43:09+00:00\",\"breadcrumb\":{\"@id\":\"https:\/\/www.sunwardca.com\/service-parts\/spare-parts-2\/#breadcrumb\"},\"inLanguage\":\"fr-FR\",\"potentialAction\":[{\"@type\":\"ReadAction\",\"target\":[\"https:\/\/www.sunwardca.com\/service-parts\/spare-parts-2\/\"]}]},{\"@type\":\"BreadcrumbList\",\"@id\":\"https:\/\/www.sunwardca.com\/service-parts\/spare-parts-2\/#breadcrumb\",\"itemListElement\":[{\"@type\":\"ListItem\",\"position\":1,\"name\":\"Home\",\"item\":\"https:\/\/www.sunwardca.com\/\"},{\"@type\":\"ListItem\",\"position\":2,\"name\":\"Service &#038; Parts\",\"item\":\"https:\/\/www.sunwardca.com\/service-parts\/\"},{\"@type\":\"ListItem\",\"position\":3,\"name\":\"Warranty\"}]},{\"@type\":\"WebSite\",\"@id\":\"https:\/\/www.sunwardca.com\/fr\/#website\",\"url\":\"https:\/\/www.sunwardca.com\/fr\/\",\"name\":\"Sunward Canada (site officielle)\",\"description\":\"\",\"publisher\":{\"@id\":\"https:\/\/www.sunwardca.com\/fr\/#organization\"},\"potentialAction\":[{\"@type\":\"SearchAction\",\"target\":{\"@type\":\"EntryPoint\",\"urlTemplate\":\"https:\/\/www.sunwardca.com\/fr\/?s={search_term_string}\"},\"query-input\":\"required name=search_term_string\"}],\"inLanguage\":\"fr-FR\"},{\"@type\":\"Organization\",\"@id\":\"https:\/\/www.sunwardca.com\/fr\/#organization\",\"name\":\"Sunward Canada (site officielle)\",\"url\":\"https:\/\/www.sunwardca.com\/fr\/\",\"logo\":{\"@type\":\"ImageObject\",\"inLanguage\":\"fr-FR\",\"@id\":\"https:\/\/www.sunwardca.com\/fr\/#\/schema\/logo\/image\/\",\"url\":\"https:\/\/www.sunwardca.com\/wp-content\/uploads\/2025\/05\/Sunward-Canada-main-logo-small.png\",\"contentUrl\":\"https:\/\/www.sunwardca.com\/wp-content\/uploads\/2025\/05\/Sunward-Canada-main-logo-small.png\",\"width\":300,\"height\":53,\"caption\":\"Sunward Canada (site officielle)\"},\"image\":{\"@id\":\"https:\/\/www.sunwardca.com\/fr\/#\/schema\/logo\/image\/\"}}]}<\/script>\n<!-- \/ Yoast SEO plugin. -->","yoast_head_json":{"title":"Garantie - Sunward Canada (site officielle)","robots":{"index":"index","follow":"follow","max-snippet":"max-snippet:-1","max-image-preview":"max-image-preview:large","max-video-preview":"max-video-preview:-1"},"canonical":"https:\/\/www.sunwardca.com\/service-parts\/spare-parts-2\/","og_locale":"fr_FR","og_type":"article","og_title":"Garantie - Sunward Canada (site officielle)","og_url":"https:\/\/www.sunwardca.com\/service-parts\/spare-parts-2\/","og_site_name":"Sunward Canada (site officielle)","article_modified_time":"2025-12-23T23:43:09+00:00","twitter_card":"summary_large_image","twitter_misc":{"Est. reading time":"1 minute"},"schema":{"@context":"https:\/\/schema.org","@graph":[{"@type":"WebPage","@id":"https:\/\/www.sunwardca.com\/service-parts\/spare-parts-2\/","url":"https:\/\/www.sunwardca.com\/service-parts\/spare-parts-2\/","name":"Garantie - Sunward Canada (site officielle)","isPartOf":{"@id":"https:\/\/www.sunwardca.com\/fr\/#website"},"datePublished":"2021-06-30T07:06:32+00:00","dateModified":"2025-12-23T23:43:09+00:00","breadcrumb":{"@id":"https:\/\/www.sunwardca.com\/service-parts\/spare-parts-2\/#breadcrumb"},"inLanguage":"fr-FR","potentialAction":[{"@type":"ReadAction","target":["https:\/\/www.sunwardca.com\/service-parts\/spare-parts-2\/"]}]},{"@type":"BreadcrumbList","@id":"https:\/\/www.sunwardca.com\/service-parts\/spare-parts-2\/#breadcrumb","itemListElement":[{"@type":"ListItem","position":1,"name":"Home","item":"https:\/\/www.sunwardca.com\/"},{"@type":"ListItem","position":2,"name":"Service &#038; Parts","item":"https:\/\/www.sunwardca.com\/service-parts\/"},{"@type":"ListItem","position":3,"name":"Warranty"}]},{"@type":"WebSite","@id":"https:\/\/www.sunwardca.com\/fr\/#website","url":"https:\/\/www.sunwardca.com\/fr\/","name":"Sunward Canada (site officielle)","description":"","publisher":{"@id":"https:\/\/www.sunwardca.com\/fr\/#organization"},"potentialAction":[{"@type":"SearchAction","target":{"@type":"EntryPoint","urlTemplate":"https:\/\/www.sunwardca.com\/fr\/?s={search_term_string}"},"query-input":"required name=search_term_string"}],"inLanguage":"fr-FR"},{"@type":"Organization","@id":"https:\/\/www.sunwardca.com\/fr\/#organization","name":"Sunward Canada (site officielle)","url":"https:\/\/www.sunwardca.com\/fr\/","logo":{"@type":"ImageObject","inLanguage":"fr-FR","@id":"https:\/\/www.sunwardca.com\/fr\/#\/schema\/logo\/image\/","url":"https:\/\/www.sunwardca.com\/wp-content\/uploads\/2025\/05\/Sunward-Canada-main-logo-small.png","contentUrl":"https:\/\/www.sunwardca.com\/wp-content\/uploads\/2025\/05\/Sunward-Canada-main-logo-small.png","width":300,"height":53,"caption":"Sunward Canada (site officielle)"},"image":{"@id":"https:\/\/www.sunwardca.com\/fr\/#\/schema\/logo\/image\/"}}]}},"_links":{"self":[{"href":"https:\/\/www.sunwardca.com\/fr\/wp-json\/wp\/v2\/pages\/537"}],"collection":[{"href":"https:\/\/www.sunwardca.com\/fr\/wp-json\/wp\/v2\/pages"}],"about":[{"href":"https:\/\/www.sunwardca.com\/fr\/wp-json\/wp\/v2\/types\/page"}],"author":[{"embeddable":true,"href":"https:\/\/www.sunwardca.com\/fr\/wp-json\/wp\/v2\/users\/8"}],"replies":[{"embeddable":true,"href":"https:\/\/www.sunwardca.com\/fr\/wp-json\/wp\/v2\/comments?post=537"}],"version-history":[{"count":17,"href":"https:\/\/www.sunwardca.com\/fr\/wp-json\/wp\/v2\/pages\/537\/revisions"}],"predecessor-version":[{"id":4165,"href":"https:\/\/www.sunwardca.com\/fr\/wp-json\/wp\/v2\/pages\/537\/revisions\/4165"}],"up":[{"embeddable":true,"href":"https:\/\/www.sunwardca.com\/fr\/wp-json\/wp\/v2\/pages\/535"}],"wp:attachment":[{"href":"https:\/\/www.sunwardca.com\/fr\/wp-json\/wp\/v2\/media?parent=537"}],"curies":[{"name":"wp","href":"https:\/\/api.w.org\/{rel}","templated":true}]}}