{"id":1164,"date":"2022-01-17T23:42:45","date_gmt":"2022-01-17T22:42:45","guid":{"rendered":"https:\/\/www.sunwardca.com\/?post_type=product&#038;p=1164"},"modified":"2025-05-01T10:26:59","modified_gmt":"2025-05-01T17:26:59","slug":"swe-35uf","status":"publish","type":"product","link":"https:\/\/www.sunwardca.com\/fr\/produit\/swe-35uf\/","title":{"rendered":"SWE 35UF"},"content":{"rendered":"<p>[vc_row][vc_column][vc_tta_accordion style=&#8221;flat&#8221; c_icon=&#8221;chevron&#8221; c_position=&#8221;right&#8221; active_section=&#8221;1&#8243; no_fill=&#8221;true&#8221; el_class=&#8221;custom-accordion&#8221;][vc_tta_section title=&#8221;SP\u00c9CIFICATIONS&#8221; tab_id=&#8221;1623355628079-f58b5c44-7c4b&#8221;][vc_custom_heading text=&#8221;SUNWARD SWE 35UF&#8221; font_container=&#8221;tag:h3|text_align:left&#8221; use_theme_fonts=&#8221;yes&#8221;][vc_column_text]La mini-pelle Sunward SWE 35UF est la plus grande mini-pelle de la gamme Sunward. La SWE35UF sans d\u00e9port arri\u00e8re est adapt\u00e9e \u00e0 des projets de plus grande envergure que ses compagnons de taille inf\u00e9rieure, tout en assurant une performance, une maniabilit\u00e9 et une rapidit\u00e9 d\u2019ex\u00e9cution de haut niveau. Sa cabine ROPS \/ FOPS \u00e9quip\u00e9e de la climatisation et du chauffage permet de continuer \u00e0 travailler quelles que soient les conditions. Sunward est traditionnellement attach\u00e9 \u00e0 toujours offrir le meilleur rapport qualit\u00e9\/prix. La SWE\u00a035UF ne fait pas exception \u00e0 cette r\u00e8gle, puisqu\u2019elle pr\u00e9sente de nombreuses fonctionnalit\u00e9s et jusqu\u2019\u00e0 3 ans de garantie standard, \u00e0 un prix adapt\u00e9. Et bien s\u00fbr, parce que nous savons que la s\u00e9curit\u00e9 et le confort vont de pair, la SWE\u00a035UF assure en toutes conditions s\u00e9curit\u00e9 et confort de haut niveau.<br \/>\nD\u00e9couvrez tous les autres avantages de la pelle Sunward SWE\u00a035UF.[\/vc_column_text][vc_row_inner][vc_column_inner width=&#8221;1\/2&#8243;][vc_toggle title=&#8221;TYPE DE CABINE&#8221;]<\/p>\n<table width=\"1274\">\n<tbody>\n<tr>\n<td width=\"631\">Type de cabine<\/td>\n<td width=\"643\">Cabine ou canopy<\/td>\n<\/tr>\n<\/tbody>\n<\/table>\n<p>[\/vc_toggle][vc_toggle title=&#8221;DIMENSIONS&#8221;]<\/p>\n<table width=\"1274\">\n<tbody>\n<tr>\n<td width=\"631\">Poids op\u00e9rationnel<\/td>\n<td width=\"643\">3 850 \u2012 3 750 kg<\/td>\n<td width=\"643\">8,490 lbs.<\/td>\n<\/tr>\n<tr>\n<td width=\"631\">Capacit\u00e9 du godet standard<\/td>\n<td>0,11 m\u00b3<\/td>\n<td>2905.87 gal<\/td>\n<\/tr>\n<tr>\n<td width=\"631\">Longueur de transport<\/td>\n<td>4\u2009890 mm<\/td>\n<td>16\u2032<\/td>\n<\/tr>\n<tr>\n<td width=\"631\">Largeur de transport<\/td>\n<td>1\u2009700 mm<\/td>\n<td>5\u20197\u2033<\/td>\n<\/tr>\n<tr>\n<td width=\"631\">Hauteur au-dessus du toit de la cabine<\/td>\n<td>2\u2009555 mm<\/td>\n<td>8\u20195\u2033<\/td>\n<\/tr>\n<\/tbody>\n<\/table>\n<p>[\/vc_toggle][vc_toggle title=&#8221;MOTEUR&#8221;]<\/p>\n<table width=\"1274\">\n<tbody>\n<tr>\n<td width=\"631\">Mod\u00e8le<\/td>\n<td width=\"643\">Kubota D1703-E4B-SWD-1<\/td>\n<td width=\"643\">Kubota D1703-E4B-SWD-1<\/td>\n<\/tr>\n<tr>\n<td>Norme antipollution<\/td>\n<td>UE Phase V (EU Stage V)<\/td>\n<td>UE Phase V (EU Stage V)<\/td>\n<\/tr>\n<tr>\n<td>Cylindr\u00e9e<\/td>\n<td>1,647\u00a0L<\/td>\n<td>101.64 cu.in.<\/td>\n<\/tr>\n<tr>\n<td>Puissance de sortie nominale<\/td>\n<td>18,2 kW<\/td>\n<td>24.8HP<\/td>\n<\/tr>\n<\/tbody>\n<\/table>\n<p>[\/vc_toggle][vc_toggle title=&#8221;SYST\u00c8ME HYDRAULIQUE&#8221;]<\/p>\n<table width=\"1274\">\n<tbody>\n<tr>\n<td width=\"631\">Type<\/td>\n<td width=\"643\">1 pompe \u00e0 pistons, \u00e0 d\u00e9bit variable<\/td>\n<td width=\"643\">1 pompe \u00e0 pistons, \u00e0 d\u00e9bit variable<\/td>\n<\/tr>\n<tr>\n<td>Cylindr\u00e9e<\/td>\n<td>88\u00a0l\/min<\/td>\n<td>32.2 gal\/min<\/td>\n<\/tr>\n<tr>\n<td>Pression hydraulique<\/td>\n<td>24,5\u00a0MPa<\/td>\n<td>3,553 psi<\/td>\n<\/tr>\n<\/tbody>\n<\/table>\n<p>[\/vc_toggle][vc_toggle title=&#8221;ENVELOPPE DE TRAVAIL&#8221;]<\/p>\n<table width=\"1274\">\n<tbody>\n<tr>\n<td width=\"631\">Profondeur de fouille max.<\/td>\n<td width=\"643\">3\u2009120 mm<\/td>\n<td width=\"643\">10\u20193\u2033<\/td>\n<\/tr>\n<tr>\n<td>Port\u00e9e de fouille max.<\/td>\n<td>5\u2009390 mm<\/td>\n<td>17\u20198\u2033<\/td>\n<\/tr>\n<tr>\n<td>Force de fouille max. du godet<\/td>\n<td>31,8 kN<\/td>\n<td>7100 lbf<\/td>\n<\/tr>\n<tr>\n<td>Force de fouille max. du balancier<\/td>\n<td>22,53 kN<\/td>\n<td>4400 lbf<\/td>\n<\/tr>\n<\/tbody>\n<\/table>\n<p>[\/vc_toggle][\/vc_column_inner][vc_column_inner width=&#8221;1\/2&#8243;][\/vc_column_inner][\/vc_row_inner][\/vc_tta_section][vc_tta_section title=&#8221;FONCTIONNALIT\u00c9S ET ATOUTS&#8221; tab_id=&#8221;1623355710952-d36b50a3-81ed&#8221;][vc_row_inner][vc_column_inner width=&#8221;1\/4&#8243;][vc_single_image image=&#8221;1070&#8243; img_size=&#8221;medium&#8221;][\/vc_column_inner][vc_column_inner width=&#8221;3\/4&#8243;][vc_custom_heading text=&#8221;CON\u00c7UE POUR L\u2019EUROPE&#8221; font_container=&#8221;tag:h3|text_align:left&#8221; use_theme_fonts=&#8221;yes&#8221;][vc_column_text]Outre sa certification CE, la Sunward SWE\u00a035UF, comme toutes les machines Sunward destin\u00e9es au march\u00e9 europ\u00e9en, est sp\u00e9cifiquement con\u00e7ue pour r\u00e9pondre aux besoins des clients europ\u00e9ens.[\/vc_column_text][\/vc_column_inner][\/vc_row_inner][vc_separator][vc_row_inner][vc_column_inner width=&#8221;1\/4&#8243;][vc_single_image image=&#8221;1182&#8243; img_size=&#8221;medium&#8221;][\/vc_column_inner][vc_column_inner width=&#8221;3\/4&#8243;][vc_custom_heading text=&#8221;UN MOTEUR PUISSANT ET FIABLE&#8221; font_container=&#8221;tag:h3|text_align:left&#8221; use_theme_fonts=&#8221;yes&#8221;][vc_column_text]Nous avons choisi le puissant moteur Kubota D1703 pour plusieurs bonnes raisons. C&#8217;est un moteur diesel 4 temps, vertical, \u00e0 refroidissement liquide, d\u00e9veloppant 18,2 kW \u00e0 2 200 tr\/min. Avec son sol\u00e9no\u00efde int\u00e9gr\u00e9, son ventilateur en position basse et ses points de contr\u00f4le et d&#8217;entretien regroup\u00e9s sur un seul c\u00f4t\u00e9, le Kubota D1703 combine des performances \u00e9lev\u00e9es, une fiabilit\u00e9 exceptionnelle et une long\u00e9vit\u00e9 remarquable qui r\u00e9pondront aux besoins des applications les plus diverses. Il convient id\u00e9alement \u00e0 notre mini-pelle SWE 35UF fiable et polyvalente.[\/vc_column_text][\/vc_column_inner][\/vc_row_inner][vc_separator][vc_row_inner][vc_column_inner width=&#8221;1\/4&#8243;][vc_single_image image=&#8221;1091&#8243; img_size=&#8221;medium&#8221;][\/vc_column_inner][vc_column_inner width=&#8221;3\/4&#8243;][vc_custom_heading text=&#8221;DES COMPOSANTS HAUT DE GAMME&#8221; font_container=&#8221;tag:h3|text_align:left&#8221; use_theme_fonts=&#8221;yes&#8221;][vc_column_text]Tous les composants cl\u00e9s des pelles Sunward ont \u00e9t\u00e9 s\u00e9lectionn\u00e9s avec soin, du moteur Kubota jusqu\u2019aux composants du syst\u00e8me hydraulique. Le syst\u00e8me hydraulique est souvent consid\u00e9r\u00e9 comme le c\u0153ur de la machine. C&#8217;est pourquoi Sunward se fournit exclusivement aupr\u00e8s des plus grandes marques du march\u00e9. Pour la Sunward SWE 35UF, nous avons choisi HENGLI comme fournisseur pour la pompe hydraulique et KYB ou Nachi pour les moteurs de translation et le moteur d&#8217;orientation. Tous ces composants hydrauliques, sp\u00e9cialement con\u00e7us pour les engins de chantier, sont efficaces, fiables et compacts. Il \u00e9tait donc tout naturel que Sunward les choisisse pour contribuer \u00e0 la fiabilit\u00e9 de la SWE 35UF.[\/vc_column_text][\/vc_column_inner][\/vc_row_inner][vc_separator][vc_row_inner][vc_column_inner width=&#8221;1\/4&#8243;][vc_single_image image=&#8221;1076&#8243; img_size=&#8221;medium&#8221;][\/vc_column_inner][vc_column_inner width=&#8221;3\/4&#8243;][vc_custom_heading text=&#8221;UNE ENVELOPPE DE TRAVAIL \u00c9TENDUE&#8221; font_container=&#8221;tag:h3|text_align:left&#8221; use_theme_fonts=&#8221;yes&#8221;][vc_column_text]Avec ses forces de fouille exceptionnelles (31,8 kN au godet et 22,53 kN au balancier) la SWE 35UF peut affronter tranquillement n&#8217;importe quelles concurrentes de 3,5t sur le march\u00e9. Et si l&#8217;on consid\u00e8re la port\u00e9e, avec sa conception du v\u00e9rin de fl\u00e8che offrant une port\u00e9e au sol de plus de 5,2 m (5 260 mm) et une port\u00e9e max. de plus de 5,3 m (5 390 mm), il est clair que la SWE 35UF \u00e9tablit une nouvelle r\u00e9f\u00e9rence dans sa cat\u00e9gorie.[\/vc_column_text][\/vc_column_inner][\/vc_row_inner][vc_separator][vc_row_inner][vc_column_inner width=&#8221;1\/4&#8243;][vc_single_image image=&#8221;1079&#8243; img_size=&#8221;medium&#8221;][\/vc_column_inner][vc_column_inner width=&#8221;3\/4&#8243;][vc_custom_heading text=&#8221;PR\u00caTE POUR DE MULTIPLES APPLICATIONS&#8221; font_container=&#8221;tag:h3|text_align:left&#8221; use_theme_fonts=&#8221;yes&#8221;][vc_column_text]La polyvalence d&#8217;une mini-pelle commence avec une bonne conception. La SWE 35UF est une mini-pelle sans d\u00e9port arri\u00e8re aux dimensions v\u00e9ritablement compactes (1 700 mm de large) et l\u00e9g\u00e8re (3 850 \u2012 3 750 kg), assurant puissance et facilit\u00e9 d\u2019utilisation m\u00eame dans les endroits exigus, sans aucun compromis en termes de s\u00e9curit\u00e9. En outre, la SWE 35UF s&#8217;adapte \u00e0 tous les chantiers gr\u00e2ce \u00e0 ses circuits hydrauliques auxiliaires complets int\u00e9gr\u00e9s \u00e0 l&#8217;\u00e9quipement standard. Leur pression et leur d\u00e9bit sont r\u00e9glables \u00e0 volont\u00e9. Son \u00e9quipement standard inclut 3 circuits hydrauliques auxiliaires distincts (l&#8217;offre habituelle sur le march\u00e9 est de 1 ou 2 circuits auxiliaires). Ainsi, un large choix d\u2019accessoires s\u2019adapte facilement pour une plus grande polyvalence.[\/vc_column_text][\/vc_column_inner][\/vc_row_inner][vc_separator][vc_row_inner][vc_column_inner width=&#8221;1\/4&#8243;][vc_single_image image=&#8221;1183&#8243; img_size=&#8221;medium&#8221;][\/vc_column_inner][vc_column_inner width=&#8221;3\/4&#8243;][vc_custom_heading text=&#8221;TOTALEMENT \u00c9QUIP\u00c9E D\u00c8S LE D\u00c9PART&#8221; font_container=&#8221;tag:h3|text_align:left&#8221; use_theme_fonts=&#8221;yes&#8221;][vc_column_text]Cette mini-pelle Sunward SWE\u00a035UF dispose d&#8217;un \u00e9quipement des plus complets d\u00e8s sa sortie d&#8217;usine\u00a0:<br \/>\n\u2013 Mise au ralenti automatique du moteur pour \u00e9conomiser du carburant. \u2013 Alors que d&#8217;autres constructeurs utilisent habituellement une r\u00e9gulation \u00e0 restriction de d\u00e9bit (parce que c&#8217;est moins cher), chez Sunward nous avons choisi un syst\u00e8me hydraulique \u00e0 d\u00e9tection de charge (Load Sensing), offrant de meilleures possibilit\u00e9s au niveau de la consommation d&#8217;\u00e9nergie.<br \/>\n\u2013 Clapets de s\u00e9curit\u00e9 de charge sur le v\u00e9rin de fl\u00e8che pour des op\u00e9rations plus s\u00fbres.<br \/>\n\u2013 Moteurs de translation \u00e0 passage de gamme automatique pour un travail plus fluide et une utilisation plus confortable.<br \/>\n\u2013 Cabine TOPS et FOPS<br \/>\n\u2013 Coupe-batterie\u00a0: s\u00e9curit\u00e9 des entretiens, long\u00e9vit\u00e9 et puissance de la batterie accrues \u2013 particuli\u00e8rement appr\u00e9ciable dans le climat froid des pays scandinaves, par exemple.<br \/>\n\u2013 Circuit hydraulique double effet<br \/>\n\u2013 Conduites hydrauliques d\u2019attelage rapide mont\u00e9es en usine<br \/>\n\u2013 Ligne de marteau et rotation mont\u00e9e en usine<br \/>\n\u2013 Conduite de vidange de carter mont\u00e9e en usine<br \/>\n\u2013 Commande hydraulique pilote \u00e0 double interrupteur de contact mont\u00e9e en usine<br \/>\n\u2013 Commandes au manipulateur configur\u00e9es pour Tiltrotator mont\u00e9es en usine (Tiltrotator au choix)<br \/>\n\u2013 4 feux de travail LED de s\u00e9rie\u00a0: 2 \u00e0 l&#8217;avant de la cabine, 1 du c\u00f4t\u00e9 gauche de la fl\u00e8che et 1 \u00e0 l&#8217;arri\u00e8re[\/vc_column_text][\/vc_column_inner][\/vc_row_inner][vc_separator][vc_row_inner][vc_column_inner width=&#8221;1\/4&#8243;][vc_single_image image=&#8221;1146&#8243; img_size=&#8221;medium&#8221;][\/vc_column_inner][vc_column_inner width=&#8221;3\/4&#8243;][vc_custom_heading text=&#8221;ENTRETIEN FACILE&#8221; font_container=&#8221;tag:h3|text_align:left&#8221; use_theme_fonts=&#8221;yes&#8221;][vc_column_text]Pour r\u00e9duire le co\u00fbt et le temps d&#8217;entretien de la SWE 35UF, la porte arri\u00e8re et le capot lat\u00e9ral m\u00e9nagent un acc\u00e8s sans restriction aux points de contr\u00f4le et d&#8217;entretien. Les points d&#8217;entretien courant \u2013 filtres \u00e0 air, \u00e0 huile et \u00e0 carburant \u2013 sont directement accessibles par la porte arri\u00e8re. Avec son acc\u00e8s direct au r\u00e9servoir de carburant et ses graisseurs centralis\u00e9s, cette mini-pelle est aussi facile \u00e0 entretenir qu&#8217;\u00e0 utiliser.[\/vc_column_text][\/vc_column_inner][\/vc_row_inner][vc_separator][vc_row_inner][vc_column_inner width=&#8221;1\/4&#8243;][vc_single_image image=&#8221;1071&#8243; img_size=&#8221;medium&#8221;][\/vc_column_inner][vc_column_inner width=&#8221;3\/4&#8243;][vc_custom_heading text=&#8221;LE MEILLEUR RAPPORT QUALIT\u00c9-PRIX&#8221; font_container=&#8221;tag:h3|text_align:left&#8221; use_theme_fonts=&#8221;yes&#8221;][vc_column_text]Sunward est le meilleur investissement en termes de fiabilit\u00e9, de performances et de retour sur investissement \u00e9lev\u00e9. En effet, la conception soigneusement \u00e9tudi\u00e9e de la SWE\u00a035UF inclut une s\u00e9lection bien \u00e9tudi\u00e9e de composants qui facilitent l&#8217;utilisation et l&#8217;entretien de la machine. Les choix que nous avons faits nous permettent de vous offrir une machine \u00e0 l&#8217;\u00e9quipement standard sans \u00e9gal, avec des composants de premi\u00e8re qualit\u00e9 et des performances de haut niveau&#8230;. \u00e0 un prix tr\u00e8s abordable.<br \/>\nEn outre, les pi\u00e8ces d\u00e9tach\u00e9es Sunward sont, elles aussi, tr\u00e8s \u00e9conomiques, sans parler de la garantie standard de 3 ans accompagnant tous les produits Sunward, qui compl\u00e8te l&#8217;offre en beaut\u00e9.[\/vc_column_text][\/vc_column_inner][\/vc_row_inner][\/vc_tta_section][vc_tta_section title=&#8221;VID\u00c9O&#8221; tab_id=&#8221;1623857706491-8aa3a03f-cca1&#8243;][vc_video link=&#8221;https:\/\/youtu.be\/qQXZoHRDPTw&#8221;][\/vc_tta_section][vc_tta_section title=&#8221;BROCHURE&#8221; tab_id=&#8221;1623857795794-8fd5289e-c5a3&#8243;][vc_row_inner content_placement=&#8221;middle&#8221;][vc_column_inner width=&#8221;1\/4&#8243;][vc_single_image image=&#8221;1184&#8243; img_size=&#8221;large&#8221;][\/vc_column_inner][vc_column_inner width=&#8221;3\/4&#8243;][vc_custom_heading text=&#8221;BROCHURE PRODUIT&#8221; font_container=&#8221;tag:h3|text_align:left&#8221; use_theme_fonts=&#8221;yes&#8221;][vc_btn title=&#8221;T\u00c9L\u00c9CHARGEMENT&#8221; color=&#8221;orange&#8221; size=&#8221;lg&#8221; link=&#8221;url:http%3A%2F%2Fwww.sunwardca.com%2Fwp-content%2Fuploads%2F2022%2F01%2FSunward_SWE35UF_220113_STEP-5-sent-for-FINAL-validation.pdf|title:Sunward%20SWE%2035UF%20Product%20Brochure|target:%20_blank|&#8221;][\/vc_column_inner][\/vc_row_inner][\/vc_tta_section][\/vc_tta_accordion][\/vc_column][\/vc_row]<\/p>\n","protected":false},"excerpt":{"rendered":"<p>La mini-pelle Sunward SWE 35UF est la plus grande mini-pelle de la gamme Sunward. La SWE35UF sans d\u00e9port arri\u00e8re est adapt\u00e9e \u00e0 des projets de plus grande envergure que ses compagnons de taille inf\u00e9rieure, tout en assurant une performance, une maniabilit\u00e9 et une rapidit\u00e9 d\u2019ex\u00e9cution de haut niveau. Sa cabine ROPS \/ FOPS \u00e9quip\u00e9e de la climatisation et du chauffage permet de continuer \u00e0 travailler quelles que soient les conditions. [&#8230;]<\/p>\n<p><a class=\"btn btn-secondary understrap-read-more-link\" href=\"https:\/\/www.sunwardca.com\/fr\/produit\/swe-35uf\/\">Lire la suite&#8230;<\/a><\/p>\n","protected":false},"featured_media":1165,"comment_status":"closed","ping_status":"closed","template":"","meta":{"inline_featured_image":false},"product_cat":[26,37],"product_tag":[],"translation":{"provider":"WPGlobus","version":"2.12.0","language":"fr","enabled_languages":["en","fr"],"languages":{"en":{"title":true,"content":true,"excerpt":true},"fr":{"title":true,"content":true,"excerpt":true}}},"acf":[],"yoast_head":"<!-- This site is optimized with the Yoast SEO plugin v20.7 - https:\/\/yoast.com\/wordpress\/plugins\/seo\/ -->\n<title>SWE 35UF - Sunward Canada (site officielle)<\/title>\n<meta name=\"robots\" content=\"index, follow, max-snippet:-1, max-image-preview:large, max-video-preview:-1\" \/>\n<link rel=\"canonical\" href=\"https:\/\/www.sunwardca.com\/product\/swe-35uf\/\" \/>\n<meta property=\"og:locale\" content=\"fr_FR\" \/>\n<meta property=\"og:type\" content=\"article\" \/>\n<meta property=\"og:title\" content=\"SWE 35UF - Sunward Canada (site officielle)\" \/>\n<meta property=\"og:url\" content=\"https:\/\/www.sunwardca.com\/product\/swe-35uf\/\" \/>\n<meta property=\"og:site_name\" content=\"Sunward Canada (site officielle)\" \/>\n<meta property=\"article:modified_time\" content=\"2025-05-01T17:26:59+00:00\" \/>\n<meta property=\"og:image\" content=\"https:\/\/www.sunwardca.com\/wp-content\/uploads\/2022\/01\/Sunward_SWE35UF_MAIN.png\" \/>\n\t<meta property=\"og:image:width\" content=\"1000\" \/>\n\t<meta property=\"og:image:height\" content=\"1000\" \/>\n\t<meta property=\"og:image:type\" content=\"image\/png\" \/>\n<meta name=\"twitter:card\" content=\"summary_large_image\" \/>\n<meta name=\"twitter:label1\" content=\"Est. reading time\" \/>\n\t<meta name=\"twitter:data1\" content=\"5 minutes\" \/>\n<script type=\"application\/ld+json\" class=\"yoast-schema-graph\">{\"@context\":\"https:\/\/schema.org\",\"@graph\":[{\"@type\":\"WebPage\",\"@id\":\"https:\/\/www.sunwardca.com\/product\/swe-35uf\/\",\"url\":\"https:\/\/www.sunwardca.com\/product\/swe-35uf\/\",\"name\":\"SWE 35UF - Sunward Canada (site officielle)\",\"isPartOf\":{\"@id\":\"https:\/\/www.sunwardca.com\/#website\"},\"datePublished\":\"2022-01-17T22:42:45+00:00\",\"dateModified\":\"2025-05-01T17:26:59+00:00\",\"breadcrumb\":{\"@id\":\"https:\/\/www.sunwardca.com\/product\/swe-35uf\/#breadcrumb\"},\"inLanguage\":\"fr-FR\",\"potentialAction\":[{\"@type\":\"ReadAction\",\"target\":[\"https:\/\/www.sunwardca.com\/product\/swe-35uf\/\"]}]},{\"@type\":\"BreadcrumbList\",\"@id\":\"https:\/\/www.sunwardca.com\/product\/swe-35uf\/#breadcrumb\",\"itemListElement\":[{\"@type\":\"ListItem\",\"position\":1,\"name\":\"Home\",\"item\":\"https:\/\/www.sunwardca.com\/\"},{\"@type\":\"ListItem\",\"position\":2,\"name\":\"Products\",\"item\":\"https:\/\/www.sunwardca.com\/shop\/\"},{\"@type\":\"ListItem\",\"position\":3,\"name\":\"Excavators\",\"item\":\"https:\/\/www.sunwardca.com\/product-category\/excavators\/\"},{\"@type\":\"ListItem\",\"position\":4,\"name\":\"SWE 35UF\"}]},{\"@type\":\"WebSite\",\"@id\":\"https:\/\/www.sunwardca.com\/#website\",\"url\":\"https:\/\/www.sunwardca.com\/\",\"name\":\"Sunward Canada (site officielle)\",\"description\":\"\",\"publisher\":{\"@id\":\"https:\/\/www.sunwardca.com\/#organization\"},\"potentialAction\":[{\"@type\":\"SearchAction\",\"target\":{\"@type\":\"EntryPoint\",\"urlTemplate\":\"https:\/\/www.sunwardca.com\/?s={search_term_string}\"},\"query-input\":\"required name=search_term_string\"}],\"inLanguage\":\"fr-FR\"},{\"@type\":\"Organization\",\"@id\":\"https:\/\/www.sunwardca.com\/#organization\",\"name\":\"Sunward Canada (site officielle)\",\"url\":\"https:\/\/www.sunwardca.com\/\",\"logo\":{\"@type\":\"ImageObject\",\"inLanguage\":\"fr-FR\",\"@id\":\"https:\/\/www.sunwardca.com\/#\/schema\/logo\/image\/\",\"url\":\"https:\/\/www.sunwardca.com\/wp-content\/uploads\/2025\/05\/Sunward-Canada-main-logo-small.png\",\"contentUrl\":\"https:\/\/www.sunwardca.com\/wp-content\/uploads\/2025\/05\/Sunward-Canada-main-logo-small.png\",\"width\":300,\"height\":53,\"caption\":\"Sunward Canada (site officielle)\"},\"image\":{\"@id\":\"https:\/\/www.sunwardca.com\/#\/schema\/logo\/image\/\"}}]}<\/script>\n<!-- \/ Yoast SEO plugin. -->","yoast_head_json":{"title":"SWE 35UF - Sunward Canada (site officielle)","robots":{"index":"index","follow":"follow","max-snippet":"max-snippet:-1","max-image-preview":"max-image-preview:large","max-video-preview":"max-video-preview:-1"},"canonical":"https:\/\/www.sunwardca.com\/product\/swe-35uf\/","og_locale":"fr_FR","og_type":"article","og_title":"SWE 35UF - Sunward Canada (site officielle)","og_url":"https:\/\/www.sunwardca.com\/product\/swe-35uf\/","og_site_name":"Sunward Canada (site officielle)","article_modified_time":"2025-05-01T17:26:59+00:00","og_image":[{"width":1000,"height":1000,"url":"https:\/\/www.sunwardca.com\/wp-content\/uploads\/2022\/01\/Sunward_SWE35UF_MAIN.png","type":"image\/png"}],"twitter_card":"summary_large_image","twitter_misc":{"Est. reading time":"5 minutes"},"schema":{"@context":"https:\/\/schema.org","@graph":[{"@type":"WebPage","@id":"https:\/\/www.sunwardca.com\/product\/swe-35uf\/","url":"https:\/\/www.sunwardca.com\/product\/swe-35uf\/","name":"SWE 35UF - Sunward Canada (site officielle)","isPartOf":{"@id":"https:\/\/www.sunwardca.com\/#website"},"datePublished":"2022-01-17T22:42:45+00:00","dateModified":"2025-05-01T17:26:59+00:00","breadcrumb":{"@id":"https:\/\/www.sunwardca.com\/product\/swe-35uf\/#breadcrumb"},"inLanguage":"fr-FR","potentialAction":[{"@type":"ReadAction","target":["https:\/\/www.sunwardca.com\/product\/swe-35uf\/"]}]},{"@type":"BreadcrumbList","@id":"https:\/\/www.sunwardca.com\/product\/swe-35uf\/#breadcrumb","itemListElement":[{"@type":"ListItem","position":1,"name":"Home","item":"https:\/\/www.sunwardca.com\/"},{"@type":"ListItem","position":2,"name":"Products","item":"https:\/\/www.sunwardca.com\/shop\/"},{"@type":"ListItem","position":3,"name":"Excavators","item":"https:\/\/www.sunwardca.com\/product-category\/excavators\/"},{"@type":"ListItem","position":4,"name":"SWE 35UF"}]},{"@type":"WebSite","@id":"https:\/\/www.sunwardca.com\/#website","url":"https:\/\/www.sunwardca.com\/","name":"Sunward Canada (site officielle)","description":"","publisher":{"@id":"https:\/\/www.sunwardca.com\/#organization"},"potentialAction":[{"@type":"SearchAction","target":{"@type":"EntryPoint","urlTemplate":"https:\/\/www.sunwardca.com\/?s={search_term_string}"},"query-input":"required name=search_term_string"}],"inLanguage":"fr-FR"},{"@type":"Organization","@id":"https:\/\/www.sunwardca.com\/#organization","name":"Sunward Canada (site officielle)","url":"https:\/\/www.sunwardca.com\/","logo":{"@type":"ImageObject","inLanguage":"fr-FR","@id":"https:\/\/www.sunwardca.com\/#\/schema\/logo\/image\/","url":"https:\/\/www.sunwardca.com\/wp-content\/uploads\/2025\/05\/Sunward-Canada-main-logo-small.png","contentUrl":"https:\/\/www.sunwardca.com\/wp-content\/uploads\/2025\/05\/Sunward-Canada-main-logo-small.png","width":300,"height":53,"caption":"Sunward Canada (site officielle)"},"image":{"@id":"https:\/\/www.sunwardca.com\/#\/schema\/logo\/image\/"}}]}},"_links":{"self":[{"href":"https:\/\/www.sunwardca.com\/fr\/wp-json\/wp\/v2\/product\/1164"}],"collection":[{"href":"https:\/\/www.sunwardca.com\/fr\/wp-json\/wp\/v2\/product"}],"about":[{"href":"https:\/\/www.sunwardca.com\/fr\/wp-json\/wp\/v2\/types\/product"}],"replies":[{"embeddable":true,"href":"https:\/\/www.sunwardca.com\/fr\/wp-json\/wp\/v2\/comments?post=1164"}],"wp:featuredmedia":[{"embeddable":true,"href":"https:\/\/www.sunwardca.com\/fr\/wp-json\/wp\/v2\/media\/1165"}],"wp:attachment":[{"href":"https:\/\/www.sunwardca.com\/fr\/wp-json\/wp\/v2\/media?parent=1164"}],"wp:term":[{"taxonomy":"product_cat","embeddable":true,"href":"https:\/\/www.sunwardca.com\/fr\/wp-json\/wp\/v2\/product_cat?post=1164"},{"taxonomy":"product_tag","embeddable":true,"href":"https:\/\/www.sunwardca.com\/fr\/wp-json\/wp\/v2\/product_tag?post=1164"}],"curies":[{"name":"wp","href":"https:\/\/api.w.org\/{rel}","templated":true}]}}