{"id":1207,"date":"2022-01-18T13:23:18","date_gmt":"2022-01-18T12:23:18","guid":{"rendered":"https:\/\/www.sunwardca.com\/?post_type=product&#038;p=1207"},"modified":"2025-11-28T01:17:31","modified_gmt":"2025-11-28T09:17:31","slug":"swe-90uf","status":"publish","type":"product","link":"https:\/\/www.sunwardca.com\/fr\/produit\/swe-90uf\/","title":{"rendered":"SWE 90UF"},"content":{"rendered":"<p>[vc_row][vc_column][vc_tta_accordion style=&#8221;flat&#8221; c_icon=&#8221;chevron&#8221; c_position=&#8221;right&#8221; active_section=&#8221;1&#8243; no_fill=&#8221;true&#8221; el_class=&#8221;custom-accordion&#8221;][vc_tta_section title=&#8221;SP\u00c9CIFICATIONS&#8221; tab_id=&#8221;1623355628079-f58b5c44-7c4b&#8221;][vc_custom_heading text=&#8221;SUNWARD SWE 90UF&#8221; font_container=&#8221;tag:h3|text_align:left&#8221; use_theme_fonts=&#8221;yes&#8221;][vc_column_text]La pelle compacte Sunward SWE 90UF a \u00e9t\u00e9 lanc\u00e9e sur la march\u00e9 fin 2020. La SWE 90UF a \u00e9t\u00e9 con\u00e7ue sp\u00e9cialement pour le march\u00e9 europ\u00e9en o\u00f9 les entreprises des secteurs de la d\u00e9molition \u00e0 ceux de la location appr\u00e9cieront une machine compacte offrant des performances de haut niveau. Elle se distingue par un rayon d&#8217;orientation arri\u00e8re tr\u00e8s court\u00a0: c\u2019est la pelle 9 tonnes \u00e0 d\u00e9port arri\u00e8re le plus court (de pr\u00e8s de 20\u00a0cm) disponible sur le march\u00e9. Gr\u00e2ce \u00e0 sa conception, la SWE 90UF offre une grande puissance pour une empreinte carbone r\u00e9duite et est adapt\u00e9e \u00e0 des espaces plus exigus que d\u2019autres produits similaires.<br \/>\nElle combine la puissance du moteur Yanmar 4TNV98C, d\u00e9veloppant 46,2\u00a0kW, avec une pr\u00e9cision incroyable gr\u00e2ce aux doubles manipulateurs proportionnels, au d\u00e9bit hydraulique parfaitement adapt\u00e9, combin\u00e9 au syst\u00e8me LUDFF (contr\u00f4le du d\u00e9bit ind\u00e9pendant de la charge). Pour obtenir l&#8217;\u00e9quilibre id\u00e9al entre consommation de carburant et productivit\u00e9 souhait\u00e9e, la SWE 90UF dispose de 3 modes de travail.<br \/>\nEt bien s\u00fbr, parce que nous savons que la s\u00e9curit\u00e9 et le confort vont de pair, la SWE\u00a090UF assure en toutes conditions s\u00e9curit\u00e9 et confort de haut niveau.<br \/>\nSunward est traditionnellement attach\u00e9 \u00e0 toujours offrir le meilleur rapport qualit\u00e9\/prix. La SWE\u00a090UF ne fait pas exception \u00e0 cette r\u00e8gle, puisqu\u2019elle pr\u00e9sente de nombreuses fonctionnalit\u00e9s et jusqu\u2019\u00e0 3 ans de garantie standard, \u00e0 un prix adapt\u00e9.<br \/>\nD\u00e9couvrez tous les autres avantages de la pelle Sunward SWE\u00a090UF.[\/vc_column_text][vc_row_inner][vc_column_inner width=&#8221;1\/2&#8243;][vc_toggle title=&#8221;DIMENSIONS&#8221;]<\/p>\n<table width=\"1274\">\n<tbody>\n<tr>\n<td width=\"631\">Poids op\u00e9rationnel<\/td>\n<td width=\"643\">8 750\u2013 8 900 kg<\/td>\n<td width=\"643\">19,290 lbs.<\/td>\n<\/tr>\n<tr>\n<td width=\"631\">Capacit\u00e9 du godet standard<\/td>\n<td>0,26 m\u00b3<\/td>\n<td>68 gal<\/td>\n<\/tr>\n<tr>\n<td width=\"631\">Longueur de transport<\/td>\n<td>6 494 mm<\/td>\n<td>21\u20194\u2033<\/td>\n<\/tr>\n<tr>\n<td width=\"631\">Largeur de transport<\/td>\n<td>2 250 mm<\/td>\n<td>7\u20195\u2033<\/td>\n<\/tr>\n<tr>\n<td width=\"631\">Hauteur au-dessus du toit de la cabine<\/td>\n<td>2 735 mm<\/td>\n<td>8\u201912\u201d<\/td>\n<\/tr>\n<\/tbody>\n<\/table>\n<p>[\/vc_toggle][vc_toggle title=&#8221;MOTEUR&#8221;]<\/p>\n<table width=\"1274\">\n<tbody>\n<tr>\n<td width=\"631\">Mod\u00e8le<\/td>\n<td width=\"643\">Yanmar 4TNV98C<\/td>\n<td width=\"643\">Yanmar 4TNV98C<\/td>\n<\/tr>\n<tr>\n<td>Norme antipollution<\/td>\n<td>UE Phase V (EU Stage V)<\/td>\n<td>UE Phase V (EU Stage V)<\/td>\n<\/tr>\n<tr>\n<td>Cylindr\u00e9e<\/td>\n<td>3,319\u00a0L<\/td>\n<td>161.7 cu.in.<\/td>\n<\/tr>\n<tr>\n<td>Puissance de sortie nominale<\/td>\n<td>46,2 kW<\/td>\n<td>49 HP<\/td>\n<\/tr>\n<\/tbody>\n<\/table>\n<p>[\/vc_toggle][vc_toggle title=&#8221;SYST\u00c8ME HYDRAULIQUE&#8221;]<\/p>\n<table width=\"1274\">\n<tbody>\n<tr>\n<td width=\"631\">Type<\/td>\n<td width=\"643\">1 pompe \u00e0 pistons, \u00e0 d\u00e9bit variable<\/td>\n<td width=\"643\">1 pompe \u00e0 pistons, \u00e0 d\u00e9bit variable<\/td>\n<\/tr>\n<tr>\n<td>Cylindr\u00e9e<\/td>\n<td>160\u00a0l\/min<\/td>\n<td>26.4 gal\/min<\/td>\n<\/tr>\n<tr>\n<td>Pression hydraulique<\/td>\n<td>28\u00a0MPa<\/td>\n<td>4,064 psi<\/td>\n<\/tr>\n<\/tbody>\n<\/table>\n<p>[\/vc_toggle][vc_toggle title=&#8221;ENVELOPPE DE TRAVAIL&#8221;]<\/p>\n<table width=\"1274\">\n<tbody>\n<tr>\n<td width=\"631\">Profondeur de fouille max.<\/td>\n<td width=\"643\">4 545 mm<\/td>\n<td width=\"643\">14\u201911\u201d<\/td>\n<\/tr>\n<tr>\n<td>Port\u00e9e de fouille max.<\/td>\n<td>7 445 mm<\/td>\n<td>24\u20195\u2033\/td&gt;<\/td>\n<\/tr>\n<tr>\n<td>Force de fouille max. du godet<\/td>\n<td>63,5 kN<\/td>\n<td>4,275 lbf<\/td>\n<\/tr>\n<tr>\n<td>Force de fouille max. du balancier<\/td>\n<td>38 kN<\/td>\n<td>8,543 lbf<\/td>\n<\/tr>\n<\/tbody>\n<\/table>\n<p>[\/vc_toggle][\/vc_column_inner][vc_column_inner width=&#8221;1\/2&#8243;][\/vc_column_inner][\/vc_row_inner][\/vc_tta_section][vc_tta_section title=&#8221;FONCTIONNALIT\u00c9S ET ATOUTS&#8221; tab_id=&#8221;1623355710952-d36b50a3-81ed&#8221;][vc_row_inner][vc_column_inner width=&#8221;1\/4&#8243;][vc_single_image image=&#8221;1070&#8243; img_size=&#8221;medium&#8221;][\/vc_column_inner][vc_column_inner width=&#8221;3\/4&#8243;][vc_custom_heading text=&#8221;CON\u00c7UE POUR L\u2019EUROPE&#8221; font_container=&#8221;tag:h3|text_align:left&#8221; use_theme_fonts=&#8221;yes&#8221;][vc_column_text]Outre sa certification UE, la SWE 90UF a \u00e9t\u00e9 sp\u00e9cifiquement d\u00e9velopp\u00e9e en fonction des besoins du march\u00e9 europ\u00e9en.[\/vc_column_text][\/vc_column_inner][\/vc_row_inner][vc_separator][vc_row_inner][vc_column_inner width=&#8221;1\/4&#8243;][vc_single_image image=&#8221;1209&#8243; img_size=&#8221;medium&#8221;][\/vc_column_inner][vc_column_inner width=&#8221;3\/4&#8243;][vc_custom_heading text=&#8221;UN MOTEUR PUISSANT ET FIABLE&#8221; font_container=&#8221;tag:h3|text_align:left&#8221; use_theme_fonts=&#8221;yes&#8221;][vc_column_text]Constituant le c\u0153ur de la SWE 90UF, nous avons opt\u00e9 pour le moteur Yanmar 4TNV98C, conforme aux derni\u00e8res exigences antipollution Phase\u00a0V de l\u2019Union Europ\u00e9enne. Ce moteur nouvelle g\u00e9n\u00e9ration pr\u00e9sente une injection directe Common Rail, assurant une alimentation et un contr\u00f4le du carburant plus pr\u00e9cis, davantage d\u2019\u00e9conomies de carburant, un traitement plus efficace des gaz d\u2019\u00e9chappement, des \u00e9missions r\u00e9duites et des performances am\u00e9lior\u00e9es. En termes de puissance, le moteur Yanmar 4TNV98C atteint une puissance de sortie de 46,2 kW, satisfaisant \u00e0 un large \u00e9ventail d\u2019applications.[\/vc_column_text][\/vc_column_inner][\/vc_row_inner][vc_separator][vc_row_inner][vc_column_inner width=&#8221;1\/4&#8243;][vc_single_image image=&#8221;1091&#8243; img_size=&#8221;medium&#8221;][\/vc_column_inner][vc_column_inner width=&#8221;3\/4&#8243;][vc_custom_heading text=&#8221;DES COMPOSANTS HAUT DE GAMME&#8221; font_container=&#8221;tag:h3|text_align:left&#8221; use_theme_fonts=&#8221;yes&#8221;][vc_column_text]Tous les composants cl\u00e9s des pelles Sunward ont \u00e9t\u00e9 s\u00e9lectionn\u00e9s avec soin, du moteur Yanmar jusqu\u2019aux composants du syst\u00e8me hydraulique. Le syst\u00e8me hydraulique est souvent consid\u00e9r\u00e9 comme le c\u0153ur de la machine. C&#8217;est pourquoi Sunward se fournit exclusivement aupr\u00e8s des plus grandes marques du march\u00e9. Bosch Rexroth est le leader du march\u00e9 en mati\u00e8re d&#8217;innovation, de conception et de fabrication de pompes hydrauliques. Il \u00e9tait donc tout naturel pour Sunward de choisir cette marque de premier plan comme notre principal fournisseur de pompes, distributeurs et manipulateurs. Nos pompes hydrauliques Bosch Rexroth sont extr\u00eamement pr\u00e9cises et particuli\u00e8rement fiables, et contribuent ainsi \u00e0 la grande fiabilit\u00e9 de cette machine. Nous avons \u00e9galement s\u00e9lectionn\u00e9 KYB ou Flutek pour les moteurs de translation et le moteur d&#8217;orientation.[\/vc_column_text][\/vc_column_inner][\/vc_row_inner][vc_separator][vc_row_inner][vc_column_inner width=&#8221;1\/4&#8243;][vc_single_image image=&#8221;1076&#8243; img_size=&#8221;medium&#8221;][\/vc_column_inner][vc_column_inner width=&#8221;3\/4&#8243;][vc_custom_heading text=&#8221;UNE ENVELOPPE DE TRAVAIL \u00c9TENDUE&#8221; font_container=&#8221;tag:h3|text_align:left&#8221; use_theme_fonts=&#8221;yes&#8221;][vc_column_text]Avec 38 kN de force d&#8217;arrachement au balancier et pr\u00e8s de 63,5 kN au godet, la SWE 90UF offre une force de fouille exceptionnelle et certainement des performances similaires, et m\u00eame sup\u00e9rieures, \u00e0 celles des pelles de 9 tonnes qui font r\u00e9f\u00e9rence sur le march\u00e9. Et en mati\u00e8re de capacit\u00e9 de fouille \u00e0 grande port\u00e9e \u2013 avec pr\u00e8s de 7,5 m de port\u00e9e max. \u2013 la SWE 90UF est \u00e9galement tr\u00e8s bien plac\u00e9e.[\/vc_column_text][\/vc_column_inner][\/vc_row_inner][vc_separator][vc_row_inner][vc_column_inner width=&#8221;1\/4&#8243;][vc_single_image image=&#8221;1220&#8243; img_size=&#8221;medium&#8221;][\/vc_column_inner][vc_column_inner width=&#8221;3\/4&#8243;][vc_custom_heading text=&#8221;UNE GRANDE PUISSANCE&#8221; font_container=&#8221;tag:h3|text_align:left&#8221; use_theme_fonts=&#8221;yes&#8221;][vc_column_text]Avec ses capacit\u00e9s de levage exceptionnelles (jusqu&#8217;\u00e0 4 749 kg) et sa port\u00e9e max. de 7 445 mm, la SWE 90UF concurrence ais\u00e9ment les pelles de 9 tonnes \u00e9tablies depuis longtemps dans ce segment de march\u00e9.[\/vc_column_text][\/vc_column_inner][\/vc_row_inner][vc_separator][vc_row_inner][vc_column_inner width=&#8221;1\/4&#8243;][vc_single_image image=&#8221;1221&#8243; img_size=&#8221;medium&#8221;][\/vc_column_inner][vc_column_inner width=&#8221;3\/4&#8243;][vc_custom_heading text=&#8221;UNE FORME COMPACTE DANS UN RAYON COURT&#8221; font_container=&#8221;tag:h3|text_align:left&#8221; use_theme_fonts=&#8221;yes&#8221;][vc_column_text]La conception exclusive de la SWE 90UF maximise les performances de ses composants de haute qualit\u00e9. En effet, cette pelle compacte de 9 tonnes se distingue par le rayon d&#8217;orientation arri\u00e8re le plus court (de pr\u00e8s de 20 cm) dans ce segment de march\u00e9. Ces pr\u00e9cieux centim\u00e8tres en moins font toute la diff\u00e9rence entre pouvoir transporter la pelle avec un camion ordinaire ou devoir utiliser un porte-char. Mais une fois sur le chantier, la SWE 90UF offre l&#8217;excellente stabilit\u00e9 que requi\u00e8rent l&#8217;excavation \u00e0 grande port\u00e9e et le levage d&#8217;objets lourds.[\/vc_column_text][\/vc_column_inner][\/vc_row_inner][vc_separator][vc_row_inner][vc_column_inner width=&#8221;1\/4&#8243;][vc_single_image image=&#8221;1183&#8243; img_size=&#8221;medium&#8221;][\/vc_column_inner][vc_column_inner width=&#8221;3\/4&#8243;][vc_custom_heading text=&#8221;TOTALEMENT \u00c9QUIP\u00c9E D\u00c8S LE D\u00c9PART&#8221; font_container=&#8221;tag:h3|text_align:left&#8221; use_theme_fonts=&#8221;yes&#8221;][vc_column_text]Cette mini-pelle Sunward SWE\u00a090UF dispose d&#8217;un \u00e9quipement des plus complets d\u00e8s sa sortie d&#8217;usine\u00a0:<br \/>\n\u2013 Mise au ralenti automatique du moteur pour \u00e9conomiser du carburant. \u2013 Alors que d&#8217;autres constructeurs utilisent habituellement une r\u00e9gulation \u00e0 restriction de d\u00e9bit (parce que c&#8217;est moins cher), chez Sunward nous avons choisi un syst\u00e8me hydraulique \u00e0 d\u00e9tection de charge (Load Sensing), offrant de meilleures possibilit\u00e9s au niveau de la consommation d&#8217;\u00e9nergie.<br \/>\n\u2013 Clapets de s\u00e9curit\u00e9 de charge sur le v\u00e9rin de fl\u00e8che pour des op\u00e9rations plus s\u00fbres.<br \/>\n\u2013 Moteurs de translation \u00e0 passage de gamme automatique pour un travail plus fluide et une utilisation plus confortable.<br \/>\n\u2013 Cabine TOPS, FOPS et ROPS.<br \/>\n\u2013 Coupe-batterie\u00a0: s\u00e9curit\u00e9 des entretiens, long\u00e9vit\u00e9 et puissance de la batterie accrues \u2013 particuli\u00e8rement appr\u00e9ciable dans le climat froid des pays scandinaves, par exemple.<br \/>\n\u2013 Circuit hydraulique double effet<br \/>\n\u2013 Conduites hydrauliques d\u2019attelage rapide mont\u00e9es en usine<br \/>\n\u2013 Ligne de marteau et rotation mont\u00e9e en usine<br \/>\n\u2013 Conduite de vidange de carter mont\u00e9e en usine<br \/>\n&#8211; Manipulateurs proportionnels doubles mont\u00e9s en usine<br \/>\n\u2013 Commandes au manipulateur configur\u00e9es pour Tiltrotator mont\u00e9es en usine (Tiltrotator au choix)<br \/>\n\u2013 4 feux de travail LED de s\u00e9rie\u00a0: 2 \u00e0 l&#8217;avant de la cabine et 2 de chaque c\u00f4t\u00e9 de la fl\u00e8che[\/vc_column_text][\/vc_column_inner][\/vc_row_inner][vc_separator][vc_row_inner][vc_column_inner width=&#8221;1\/4&#8243;][vc_single_image image=&#8221;1146&#8243; img_size=&#8221;medium&#8221;][\/vc_column_inner][vc_column_inner width=&#8221;3\/4&#8243;][vc_custom_heading text=&#8221;ENTRETIEN FACILE&#8221; font_container=&#8221;tag:h3|text_align:left&#8221; use_theme_fonts=&#8221;yes&#8221;][vc_column_text]Pour r\u00e9duire le co\u00fbt et le temps d&#8217;entretien de la SWE 90UF, la porte arri\u00e8re et le capot lat\u00e9ral m\u00e9nagent un acc\u00e8s sans restriction aux points de contr\u00f4le et d&#8217;entretien. Les points d&#8217;entretien courant \u2013 filtres \u00e0 air, \u00e0 huile et \u00e0 carburant \u2013 sont directement accessibles par la porte arri\u00e8re. Avec son acc\u00e8s direct au r\u00e9servoir de carburant et ses graisseurs centralis\u00e9s, cette mini-pelle est aussi facile \u00e0 entretenir qu&#8217;\u00e0 utiliser.[\/vc_column_text][\/vc_column_inner][\/vc_row_inner][vc_separator][vc_row_inner][vc_column_inner width=&#8221;1\/4&#8243;][vc_single_image image=&#8221;1205&#8243; img_size=&#8221;medium&#8221;][\/vc_column_inner][vc_column_inner width=&#8221;3\/4&#8243;][vc_custom_heading text=&#8221;UNE CABINE S\u00dbRE&#8221; font_container=&#8221;tag:h3|text_align:left&#8221; use_theme_fonts=&#8221;yes&#8221;][vc_column_text]La cabine standard de la SWE 90UF r\u00e9pond aux normes FOPS, TOPS et ROPS afin que l&#8217;op\u00e9rateur b\u00e9n\u00e9ficie d&#8217;un poste de travail s\u00fbr et confortable, quelles que soient les conditions de travail. Malgr\u00e9 sa taille ext\u00e9rieure compacte, la SWE 90UF offre un acc\u00e8s ais\u00e9 \u00e0 une cabine spacieuse, pour les op\u00e9rateurs de toutes tailles partout en Europe. Des vastes surfaces vitr\u00e9es \u00e0 l&#8217;agencement int\u00e9rieur soigneusement \u00e9tudi\u00e9, tout est fait pour le confort, la productivit\u00e9 et la s\u00e9curit\u00e9 de l&#8217;op\u00e9rateur.[\/vc_column_text][\/vc_column_inner][\/vc_row_inner][vc_separator][vc_row_inner][vc_column_inner width=&#8221;1\/4&#8243;][vc_single_image image=&#8221;1071&#8243; img_size=&#8221;medium&#8221;][\/vc_column_inner][vc_column_inner width=&#8221;3\/4&#8243;][vc_custom_heading text=&#8221;LE MEILLEUR RAPPORT QUALIT\u00c9-PRIX&#8221; font_container=&#8221;tag:h3|text_align:left&#8221; use_theme_fonts=&#8221;yes&#8221;][vc_column_text]Sunward est le meilleur investissement en termes de fiabilit\u00e9, de performances et de retour sur investissement \u00e9lev\u00e9. En effet, la conception soigneusement \u00e9tudi\u00e9e de la SWE\u00a090UF inclut une s\u00e9lection bien \u00e9tudi\u00e9e de composants qui facilitent l&#8217;utilisation et l&#8217;entretien de la machine. Les choix que nous avons faits nous permettent de vous offrir une machine \u00e0 l&#8217;\u00e9quipement standard sans \u00e9gal, avec des composants de premi\u00e8re qualit\u00e9 et des performances de haut niveau&#8230;. \u00e0 un prix tr\u00e8s abordable.<br \/>\nEn outre, les pi\u00e8ces d\u00e9tach\u00e9es Sunward sont, elles aussi, tr\u00e8s \u00e9conomiques, sans parler de la garantie standard de 3 ans accompagnant tous les produits Sunward, qui compl\u00e8te l&#8217;offre en beaut\u00e9.[\/vc_column_text][\/vc_column_inner][\/vc_row_inner][\/vc_tta_section][vc_tta_section title=&#8221;VID\u00c9O&#8221; tab_id=&#8221;1623857706491-8aa3a03f-cca1&#8243;][vc_video link=&#8221;https:\/\/youtu.be\/pVgC2LFxO7Y&#8221;][\/vc_tta_section][vc_tta_section title=&#8221;BROCHURE&#8221; tab_id=&#8221;1623857795794-8fd5289e-c5a3&#8243;][vc_row_inner content_placement=&#8221;middle&#8221;][vc_column_inner width=&#8221;1\/4&#8243;][vc_single_image image=&#8221;1210&#8243; img_size=&#8221;large&#8221;][\/vc_column_inner][vc_column_inner width=&#8221;3\/4&#8243;][vc_custom_heading text=&#8221;BROCHURE PRODUIT&#8221; font_container=&#8221;tag:h3|text_align:left&#8221; use_theme_fonts=&#8221;yes&#8221;][vc_btn title=&#8221;T\u00c9L\u00c9CHARGEMENT&#8221; color=&#8221;orange&#8221; size=&#8221;lg&#8221; link=&#8221;url:http%3A%2F%2Fwww.sunwardca.com%2Fwp-content%2Fuploads%2F2022%2F01%2FSunward-SWE90-UF_12-210113a-LowRes-B.pdf|title:Sunward%20SWE%2090UF%20Product%20Brochure|target:%20_blank|&#8221;][\/vc_column_inner][\/vc_row_inner][\/vc_tta_section][\/vc_tta_accordion][\/vc_column][\/vc_row]<\/p>\n","protected":false},"excerpt":{"rendered":"<p>La pelle compacte Sunward SWE 90UF a \u00e9t\u00e9 lanc\u00e9e sur la march\u00e9 fin 2020. La SWE 90UF a \u00e9t\u00e9 con\u00e7ue sp\u00e9cialement pour le march\u00e9 europ\u00e9en o\u00f9 les entreprises des secteurs de la d\u00e9molition \u00e0 ceux de la location appr\u00e9cieront une machine compacte offrant des performances de haut niveau. Elle se distingue par un rayon d&#8217;orientation arri\u00e8re tr\u00e8s court\u00a0: c\u2019est la pelle 9 tonnes \u00e0 d\u00e9port arri\u00e8re le plus court (de pr\u00e8s de 20\u00a0cm) disponible sur le march\u00e9. [&#8230;]<\/p>\n<p><a class=\"btn btn-secondary understrap-read-more-link\" href=\"https:\/\/www.sunwardca.com\/fr\/produit\/swe-90uf\/\">Lire la suite&#8230;<\/a><\/p>\n","protected":false},"featured_media":1212,"comment_status":"closed","ping_status":"closed","template":"","meta":{"inline_featured_image":false},"product_cat":[26,36],"product_tag":[],"translation":{"provider":"WPGlobus","version":"2.12.0","language":"fr","enabled_languages":["en","fr"],"languages":{"en":{"title":true,"content":true,"excerpt":true},"fr":{"title":true,"content":true,"excerpt":true}}},"acf":[],"yoast_head":"<!-- This site is optimized with the Yoast SEO plugin v20.7 - https:\/\/yoast.com\/wordpress\/plugins\/seo\/ -->\n<title>SWE 90UF - Sunward Canada (site officielle)<\/title>\n<meta name=\"robots\" content=\"index, follow, max-snippet:-1, max-image-preview:large, max-video-preview:-1\" \/>\n<link rel=\"canonical\" href=\"https:\/\/www.sunwardca.com\/product\/swe-90uf\/\" \/>\n<meta property=\"og:locale\" content=\"fr_FR\" \/>\n<meta property=\"og:type\" content=\"article\" \/>\n<meta property=\"og:title\" content=\"SWE 90UF - Sunward Canada (site officielle)\" \/>\n<meta property=\"og:url\" content=\"https:\/\/www.sunwardca.com\/product\/swe-90uf\/\" \/>\n<meta property=\"og:site_name\" content=\"Sunward Canada (site officielle)\" \/>\n<meta property=\"article:modified_time\" content=\"2025-11-28T09:17:31+00:00\" \/>\n<meta property=\"og:image\" content=\"https:\/\/www.sunwardca.com\/wp-content\/uploads\/2022\/01\/Sunward_SWE90UF_MAIN.png\" \/>\n\t<meta property=\"og:image:width\" content=\"1000\" \/>\n\t<meta property=\"og:image:height\" content=\"1000\" \/>\n\t<meta property=\"og:image:type\" content=\"image\/png\" \/>\n<meta name=\"twitter:card\" content=\"summary_large_image\" \/>\n<meta name=\"twitter:label1\" content=\"Est. reading time\" \/>\n\t<meta name=\"twitter:data1\" content=\"6 minutes\" \/>\n<script type=\"application\/ld+json\" class=\"yoast-schema-graph\">{\"@context\":\"https:\/\/schema.org\",\"@graph\":[{\"@type\":\"WebPage\",\"@id\":\"https:\/\/www.sunwardca.com\/product\/swe-90uf\/\",\"url\":\"https:\/\/www.sunwardca.com\/product\/swe-90uf\/\",\"name\":\"SWE 90UF - Sunward Canada (site officielle)\",\"isPartOf\":{\"@id\":\"https:\/\/www.sunwardca.com\/#website\"},\"datePublished\":\"2022-01-18T12:23:18+00:00\",\"dateModified\":\"2025-11-28T09:17:31+00:00\",\"breadcrumb\":{\"@id\":\"https:\/\/www.sunwardca.com\/product\/swe-90uf\/#breadcrumb\"},\"inLanguage\":\"fr-FR\",\"potentialAction\":[{\"@type\":\"ReadAction\",\"target\":[\"https:\/\/www.sunwardca.com\/product\/swe-90uf\/\"]}]},{\"@type\":\"BreadcrumbList\",\"@id\":\"https:\/\/www.sunwardca.com\/product\/swe-90uf\/#breadcrumb\",\"itemListElement\":[{\"@type\":\"ListItem\",\"position\":1,\"name\":\"Home\",\"item\":\"https:\/\/www.sunwardca.com\/\"},{\"@type\":\"ListItem\",\"position\":2,\"name\":\"Products\",\"item\":\"https:\/\/www.sunwardca.com\/shop\/\"},{\"@type\":\"ListItem\",\"position\":3,\"name\":\"Excavators\",\"item\":\"https:\/\/www.sunwardca.com\/product-category\/excavators\/\"},{\"@type\":\"ListItem\",\"position\":4,\"name\":\"SWE 90UF\"}]},{\"@type\":\"WebSite\",\"@id\":\"https:\/\/www.sunwardca.com\/#website\",\"url\":\"https:\/\/www.sunwardca.com\/\",\"name\":\"Sunward Canada (site officielle)\",\"description\":\"\",\"publisher\":{\"@id\":\"https:\/\/www.sunwardca.com\/#organization\"},\"potentialAction\":[{\"@type\":\"SearchAction\",\"target\":{\"@type\":\"EntryPoint\",\"urlTemplate\":\"https:\/\/www.sunwardca.com\/?s={search_term_string}\"},\"query-input\":\"required name=search_term_string\"}],\"inLanguage\":\"fr-FR\"},{\"@type\":\"Organization\",\"@id\":\"https:\/\/www.sunwardca.com\/#organization\",\"name\":\"Sunward Canada (site officielle)\",\"url\":\"https:\/\/www.sunwardca.com\/\",\"logo\":{\"@type\":\"ImageObject\",\"inLanguage\":\"fr-FR\",\"@id\":\"https:\/\/www.sunwardca.com\/#\/schema\/logo\/image\/\",\"url\":\"https:\/\/www.sunwardca.com\/wp-content\/uploads\/2025\/05\/Sunward-Canada-main-logo-small.png\",\"contentUrl\":\"https:\/\/www.sunwardca.com\/wp-content\/uploads\/2025\/05\/Sunward-Canada-main-logo-small.png\",\"width\":300,\"height\":53,\"caption\":\"Sunward Canada (site officielle)\"},\"image\":{\"@id\":\"https:\/\/www.sunwardca.com\/#\/schema\/logo\/image\/\"}}]}<\/script>\n<!-- \/ Yoast SEO plugin. -->","yoast_head_json":{"title":"SWE 90UF - Sunward Canada (site officielle)","robots":{"index":"index","follow":"follow","max-snippet":"max-snippet:-1","max-image-preview":"max-image-preview:large","max-video-preview":"max-video-preview:-1"},"canonical":"https:\/\/www.sunwardca.com\/product\/swe-90uf\/","og_locale":"fr_FR","og_type":"article","og_title":"SWE 90UF - Sunward Canada (site officielle)","og_url":"https:\/\/www.sunwardca.com\/product\/swe-90uf\/","og_site_name":"Sunward Canada (site officielle)","article_modified_time":"2025-11-28T09:17:31+00:00","og_image":[{"width":1000,"height":1000,"url":"https:\/\/www.sunwardca.com\/wp-content\/uploads\/2022\/01\/Sunward_SWE90UF_MAIN.png","type":"image\/png"}],"twitter_card":"summary_large_image","twitter_misc":{"Est. reading time":"6 minutes"},"schema":{"@context":"https:\/\/schema.org","@graph":[{"@type":"WebPage","@id":"https:\/\/www.sunwardca.com\/product\/swe-90uf\/","url":"https:\/\/www.sunwardca.com\/product\/swe-90uf\/","name":"SWE 90UF - Sunward Canada (site officielle)","isPartOf":{"@id":"https:\/\/www.sunwardca.com\/#website"},"datePublished":"2022-01-18T12:23:18+00:00","dateModified":"2025-11-28T09:17:31+00:00","breadcrumb":{"@id":"https:\/\/www.sunwardca.com\/product\/swe-90uf\/#breadcrumb"},"inLanguage":"fr-FR","potentialAction":[{"@type":"ReadAction","target":["https:\/\/www.sunwardca.com\/product\/swe-90uf\/"]}]},{"@type":"BreadcrumbList","@id":"https:\/\/www.sunwardca.com\/product\/swe-90uf\/#breadcrumb","itemListElement":[{"@type":"ListItem","position":1,"name":"Home","item":"https:\/\/www.sunwardca.com\/"},{"@type":"ListItem","position":2,"name":"Products","item":"https:\/\/www.sunwardca.com\/shop\/"},{"@type":"ListItem","position":3,"name":"Excavators","item":"https:\/\/www.sunwardca.com\/product-category\/excavators\/"},{"@type":"ListItem","position":4,"name":"SWE 90UF"}]},{"@type":"WebSite","@id":"https:\/\/www.sunwardca.com\/#website","url":"https:\/\/www.sunwardca.com\/","name":"Sunward Canada (site officielle)","description":"","publisher":{"@id":"https:\/\/www.sunwardca.com\/#organization"},"potentialAction":[{"@type":"SearchAction","target":{"@type":"EntryPoint","urlTemplate":"https:\/\/www.sunwardca.com\/?s={search_term_string}"},"query-input":"required name=search_term_string"}],"inLanguage":"fr-FR"},{"@type":"Organization","@id":"https:\/\/www.sunwardca.com\/#organization","name":"Sunward Canada (site officielle)","url":"https:\/\/www.sunwardca.com\/","logo":{"@type":"ImageObject","inLanguage":"fr-FR","@id":"https:\/\/www.sunwardca.com\/#\/schema\/logo\/image\/","url":"https:\/\/www.sunwardca.com\/wp-content\/uploads\/2025\/05\/Sunward-Canada-main-logo-small.png","contentUrl":"https:\/\/www.sunwardca.com\/wp-content\/uploads\/2025\/05\/Sunward-Canada-main-logo-small.png","width":300,"height":53,"caption":"Sunward Canada (site officielle)"},"image":{"@id":"https:\/\/www.sunwardca.com\/#\/schema\/logo\/image\/"}}]}},"_links":{"self":[{"href":"https:\/\/www.sunwardca.com\/fr\/wp-json\/wp\/v2\/product\/1207"}],"collection":[{"href":"https:\/\/www.sunwardca.com\/fr\/wp-json\/wp\/v2\/product"}],"about":[{"href":"https:\/\/www.sunwardca.com\/fr\/wp-json\/wp\/v2\/types\/product"}],"replies":[{"embeddable":true,"href":"https:\/\/www.sunwardca.com\/fr\/wp-json\/wp\/v2\/comments?post=1207"}],"wp:featuredmedia":[{"embeddable":true,"href":"https:\/\/www.sunwardca.com\/fr\/wp-json\/wp\/v2\/media\/1212"}],"wp:attachment":[{"href":"https:\/\/www.sunwardca.com\/fr\/wp-json\/wp\/v2\/media?parent=1207"}],"wp:term":[{"taxonomy":"product_cat","embeddable":true,"href":"https:\/\/www.sunwardca.com\/fr\/wp-json\/wp\/v2\/product_cat?post=1207"},{"taxonomy":"product_tag","embeddable":true,"href":"https:\/\/www.sunwardca.com\/fr\/wp-json\/wp\/v2\/product_tag?post=1207"}],"curies":[{"name":"wp","href":"https:\/\/api.w.org\/{rel}","templated":true}]}}