{"id":2903,"date":"2022-10-06T15:09:00","date_gmt":"2022-10-06T13:09:00","guid":{"rendered":"https:\/\/www.sunwardca.com\/?post_type=product&#038;p=2903"},"modified":"2025-09-02T08:17:58","modified_gmt":"2025-09-02T15:17:58","slug":"swe-20fed","status":"publish","type":"product","link":"https:\/\/www.sunwardca.com\/fr\/produit\/swe-20fed\/","title":{"rendered":"SWE 20FED"},"content":{"rendered":"<p>[vc_row][vc_column][vc_tta_accordion style=&#8221;flat&#8221; c_icon=&#8221;chevron&#8221; c_position=&#8221;right&#8221; active_section=&#8221;1&#8243; no_fill=&#8221;true&#8221; el_class=&#8221;custom-accordion&#8221;][vc_tta_section title=&#8221;SPECIFICATIONS&#8221; tab_id=&#8221;1623355628079-f58b5c44-7c4b&#8221;][vc_custom_heading text=&#8221;SUNWARD SWE 20FED&#8221; font_container=&#8221;tag:h3|text_align:left&#8221; use_theme_fonts=&#8221;yes&#8221;][vc_column_text]The Sunward SWE 20FED is the first electric mini excavator from Sunward. Based on our bestseller in the European market, the SWE 20F, the SWE 20FED combines durability, reliability, performance, and easy maintenance with the best of technology developed by Sunward. This 2 ton excavator, available in cab or canopy, will make a mark on the new market of electric excavators with its exceptional value for money.<\/p>\n<p>Featuring a lithium-ion battery and a three-phase asynchronous motor, it has an autonomy of more than 6 hours in full working load, it can benefit from a fast charge in less than 2 hours or from a full charge in 7 hours.<\/p>\n<p>The SWE 20FED remains a very compact machine, with a tail swing radius of just 1110mm, allowing it to work in the tightest of environments.<\/p>\n<p>It is mainly suitable for urban areas with high requirements in terms of exhaust gas emissions and noise, but also high and cold plateaus, with large temperature differences and insufficient oxygen supply, and finally construction sites in relatively confined spaces underground and tunnels.<\/p>\n<div style=\"overflow: hidden; height: 1px;\">As a leading supplier of compact construction equipment, Sunward pays great attention to the quality and integrity of the products we offer. A prime example of this is our SWE-20FED mini excavator, specially designed for operation in challenging conditions. This powerful and versatile mini excavator is equipped with a 14.5 kW Yanmar engine and operates with maximum precision, which can even be compared to the precision and satisfaction you will experience when visiting Casino Rewards Group. Discover Sunward&#8217;s modern technology, similar to the advanced technologies featured on the gambling platforms that are part of the industry-leading Casino Rewards Group <a href=\"https:\/\/icasinoreviews.co.nz\/casino-rewards-group\/\">https:\/\/icasinoreviews.co.nz\/casino-rewards-group\/<\/a>. The SWE-20FED combines optimal efficiency and durability, just as online casinos combine entertainment and profitability. The same can be said about joining the Casino Rewards Group, where you will not only get a gaming experience, but also unmatched entertainment and the potential for attractive profits.<\/div>\n<p>[\/vc_column_text][vc_row_inner][vc_column_inner width=&#8221;1\/2&#8243;][vc_toggle title=&#8221;TYPE OF CAB&#8221;]<\/p>\n<table width=\"655\">\n<tbody>\n<tr>\n<td width=\"417\">Type of cab<\/td>\n<td width=\"238\">Cab or Canopy<\/td>\n<\/tr>\n<\/tbody>\n<\/table>\n<p>[\/vc_toggle][vc_toggle title=&#8221;DIMENSIONS&#8221;]<\/p>\n<table width=\"655\">\n<tbody>\n<tr>\n<td width=\"417\">Operating weight<\/td>\n<td width=\"238\">1 640 &#8211; 1 780 kg<\/td>\n<\/tr>\n<tr>\n<td width=\"417\">Standard bucket capacity<\/td>\n<td>0,035 m\u00b3<\/td>\n<\/tr>\n<tr>\n<td width=\"417\">Shipping length<\/td>\n<td>3 840 mm<\/td>\n<\/tr>\n<tr>\n<td width=\"417\">Shipping width<\/td>\n<td>990 mm<\/td>\n<\/tr>\n<tr>\n<td width=\"417\">Height over cabin<\/td>\n<td>2 360 mm<\/td>\n<\/tr>\n<\/tbody>\n<\/table>\n<p>[\/vc_toggle][vc_toggle title=&#8221;MOTOR&#8221;]<\/p>\n<table width=\"655\">\n<tbody>\n<tr>\n<td width=\"417\">Motor type<\/td>\n<td width=\"238\">Type 3-Phase asynchronous<\/td>\n<\/tr>\n<tr>\n<td>Emission rating<\/td>\n<td>Zero emission<\/td>\n<\/tr>\n<tr>\n<td>Power<\/td>\n<td>8 kW<\/td>\n<\/tr>\n<tr>\n<td>Max. torque<\/td>\n<td>120 N*m<\/td>\n<\/tr>\n<\/tbody>\n<\/table>\n<p>[\/vc_toggle][vc_toggle title=&#8221;HYDRAULIC SYSTEM&#8221;]<\/p>\n<table width=\"655\">\n<tbody>\n<tr>\n<td width=\"417\">Type<\/td>\n<td width=\"238\">Single axial swashplate piston pump<\/td>\n<\/tr>\n<tr>\n<td>Displacement<\/td>\n<td>67.2 L\/min<\/td>\n<\/tr>\n<tr>\n<td>Hydraulic pressure<\/td>\n<td>245 bar<\/td>\n<\/tr>\n<\/tbody>\n<\/table>\n<p>[\/vc_toggle][vc_toggle title=&#8221;WORKING RANGE&#8221;]<\/p>\n<table width=\"655\">\n<tbody>\n<tr>\n<td width=\"417\">Max. digging depth<\/td>\n<td width=\"238\">2 057\u00a0mm<\/td>\n<\/tr>\n<tr>\n<td>Max. digging reach<\/td>\n<td>3 883 mm<\/td>\n<\/tr>\n<tr>\n<td>Max. bucket digging force<\/td>\n<td>21 kN<\/td>\n<\/tr>\n<tr>\n<td>Max. arm digging force<\/td>\n<td>12 kN<\/td>\n<\/tr>\n<\/tbody>\n<\/table>\n<p>[\/vc_toggle][\/vc_column_inner][vc_column_inner width=&#8221;1\/2&#8243;][\/vc_column_inner][\/vc_row_inner][\/vc_tta_section][vc_tta_section title=&#8221;FEATURES &amp; BENEFITS&#8221; tab_id=&#8221;1623355710952-d36b50a3-81ed&#8221;][vc_row_inner][vc_column_inner width=&#8221;1\/4&#8243;][vc_single_image image=&#8221;1070&#8243; img_size=&#8221;medium&#8221;][\/vc_column_inner][vc_column_inner width=&#8221;3\/4&#8243;][vc_custom_heading text=&#8221;MADE FOR EUROPE&#8221; font_container=&#8221;tag:h3|text_align:left&#8221; use_theme_fonts=&#8221;yes&#8221;][vc_column_text]On top of its EU certification, the Sunward SWE 20FED, like all Sunward machines on the European market, is designed to meet European customer needs.[\/vc_column_text][\/vc_column_inner][\/vc_row_inner][vc_separator][vc_row_inner][vc_column_inner width=&#8221;1\/4&#8243;][vc_single_image image=&#8221;1080&#8243; img_size=&#8221;medium&#8221;][\/vc_column_inner][vc_column_inner width=&#8221;3\/4&#8243;][vc_custom_heading text=&#8221;POWERFUL &amp; RELIABLE MOTOR&#8221; font_container=&#8221;tag:h3|text_align:left&#8221; use_theme_fonts=&#8221;yes&#8221;][vc_column_text]We chose the powerful three-phase asynchronous motor, ensuring intensive work in a severe environment.[\/vc_column_text][\/vc_column_inner][\/vc_row_inner][vc_separator][vc_row_inner][vc_column_inner width=&#8221;1\/4&#8243;][vc_single_image image=&#8221;1091&#8243; img_size=&#8221;medium&#8221;][\/vc_column_inner][vc_column_inner width=&#8221;3\/4&#8243;][vc_custom_heading text=&#8221;PREMIUM COMPONENTS&#8221; font_container=&#8221;tag:h3|text_align:left&#8221; use_theme_fonts=&#8221;yes&#8221;][vc_column_text]All key components in Sunward excavators are carefully selected, from lithium-ion battery and three-phase asynchronous motor to hydraulics. Because hydraulics are often regarded as the heart of the machine, Sunward sources exclusively from the highest references in the market.[\/vc_column_text][\/vc_column_inner][\/vc_row_inner][vc_separator][vc_row_inner][vc_column_inner width=&#8221;1\/4&#8243;][vc_single_image image=&#8221;1132&#8243; img_size=&#8221;medium&#8221;][\/vc_column_inner][vc_column_inner width=&#8221;3\/4&#8243;][vc_custom_heading text=&#8221;FLEXIBLE AND STABLE&#8221; font_container=&#8221;tag:h3|text_align:left&#8221; use_theme_fonts=&#8221;yes&#8221;][vc_column_text]The SWE 20FED\u2019s extendable undercarriage \u2013 the track width can be extended from 990 mm to 1360 mm \u2013 provides sturdy stability, ensuring safe and comfortable operation in all kinds of job applications. The adjustable crawler track is ideal in confined areas or when greater stability is required.[\/vc_column_text][\/vc_column_inner][\/vc_row_inner][vc_separator][vc_row_inner][vc_column_inner width=&#8221;1\/4&#8243;][vc_single_image image=&#8221;1076&#8243; img_size=&#8221;medium&#8221;][\/vc_column_inner][vc_column_inner width=&#8221;3\/4&#8243;][vc_custom_heading text=&#8221;HIGH WORKING RANGE&#8221; font_container=&#8221;tag:h3|text_align:left&#8221; use_theme_fonts=&#8221;yes&#8221;][vc_column_text]The SWE 20FED has exceptional digging forces of over 21 kN (bucket) and almost 12 kN (arm), which easily rival the 2-ton excavator competitors on the market. And when it comes to its long-reach digging capacity, the SWE 20FED\u2019s boom cylinder design provides a reach that\u2019s over 3,7 meter (3 762 mm) long.[\/vc_column_text][\/vc_column_inner][\/vc_row_inner][vc_separator][vc_row_inner][vc_column_inner width=&#8221;1\/4&#8243;][vc_single_image image=&#8221;1079&#8243; img_size=&#8221;medium&#8221;][\/vc_column_inner][vc_column_inner width=&#8221;3\/4&#8243;][vc_custom_heading text=&#8221;READY FOR A VARIETY OF APPLICATIONS&#8221; font_container=&#8221;tag:h3|text_align:left&#8221; use_theme_fonts=&#8221;yes&#8221;][vc_column_text]A mini-excavator\u2019s versality starts with how well it is designed for transportation. The SWE 20FED does more than simply align with the EU\u2019s transportation regulations \u2013 truly compact (990 mm width) and lightweight (1 640-1 780 kg), it allows easy, safe, and secure transport. The machine can be safely transported on a small trailer with up to 3 buckets and a hydraulic breaker, while maintaining a total transport weight close to 2 tons. The SWE 20FED can adapt to any job site, thanks to the complete auxiliary settings built-in as standard \u2013 providing fully adjustable pressure and flow monitoring. This results in no less than 3 separate auxiliary lines as standard (while the market provides 1 to 2 lines as standard). Thus, a wide range of attachments can be easily fitted to answer a variety of applications.[\/vc_column_text][\/vc_column_inner][\/vc_row_inner][vc_separator][vc_row_inner][vc_column_inner width=&#8221;1\/4&#8243;][vc_single_image image=&#8221;1071&#8243; img_size=&#8221;medium&#8221;][\/vc_column_inner][vc_column_inner width=&#8221;3\/4&#8243;][vc_custom_heading text=&#8221;BEST VALUE FOR MONEY&#8221; font_container=&#8221;tag:h3|text_align:left&#8221; use_theme_fonts=&#8221;yes&#8221;][vc_column_text]Sunward is your smartest investment in reliability, performance and high ROI. Indeed, the SWE 20FED\u2019s expert design includes a well-thought-out selection of components that streamline operation and maintenance. Our design choices result in a machine that provides so many standard features, premium-brand key components, and capabilities at the right price.<br \/>\nAnd furthermore, Sunward\u2019s own genuine spare parts are economical as well \u2013 and all of this best value for money is crowned by up to 3 years of warranty, standard for all Sunward products.[\/vc_column_text][\/vc_column_inner][\/vc_row_inner][\/vc_tta_section][vc_tta_section title=&#8221;VIDEO&#8221; tab_id=&#8221;1623857706491-8aa3a03f-cca1&#8243;][vc_video link=&#8221;https:\/\/youtu.be\/F6KNmM_ug14&#8243;][\/vc_tta_section][vc_tta_section title=&#8221;BROCHURE&#8221; tab_id=&#8221;1623857795794-8fd5289e-c5a3&#8243;][vc_row_inner content_placement=&#8221;middle&#8221;][vc_column_inner width=&#8221;1\/4&#8243;][vc_single_image image=&#8221;2940&#8243; img_size=&#8221;large&#8221;][\/vc_column_inner][vc_column_inner width=&#8221;3\/4&#8243;][vc_custom_heading text=&#8221;Spec sheet&#8221; font_container=&#8221;tag:h3|text_align:left&#8221; use_theme_fonts=&#8221;yes&#8221;][vc_btn title=&#8221;DOWNLOAD&#8221; color=&#8221;orange&#8221; size=&#8221;lg&#8221; link=&#8221;url:http%3A%2F%2Fwww.sunwardca.com%2Fwp-content%2Fuploads%2F2025%2F03%2FSunward_SWE-20FED_EN.pdf|title:Sunward%20SWE%2020FED%20Spec%20Sheet|target:%20_blank|&#8221;][\/vc_column_inner][\/vc_row_inner][\/vc_tta_section][\/vc_tta_accordion][vc_raw_html]JTNDcCUyMHN0eWxlJTNEJTIyY29sb3IlM0ElMjB3aGl0ZSUzQiUyMiUzRU91ciUyMHBhcnRuZXIlMjBodHRwcyUzQSUyRiUyRnBsLmthc3lub3BvbHNrYTEwLmNvbSUyRiUyMHNhaWQlM0ElMjAlMjJPZHdpZWQlQzUlQkElMjAlM0NhJTIwaHJlZiUzRCUyMmh0dHBzJTNBJTJGJTJGcGwua2FzeW5vcG9sc2thMTAuY29tJTJGJTIyJTIwc3R5bGUlM0QlMjJjb2xvciUzQSUyMHdoaXRlJTNCJTIyJTNFY2FzaW5vMTAlM0MlMkZhJTNFJTIwaSUyMHBvem5haiUyMG5hamxlcHN6ZSUyMGthc3luYSUyMG9ubGluZSUyMHclMjBQb2xzY2UlMkMlMjBrdCVDMyVCM3JlJTIwcmVrb21lbmR1amVteSUyMG5hc3p5bSUyMGdyYWN6b20uJTIyJTNDJTJGcCUzRSUwQQ==[\/vc_raw_html][\/vc_column][\/vc_row]<\/p>\n","protected":false},"excerpt":{"rendered":"<p>La mini-pelle Sunward SWE 20F est notre bestseller sur le march\u00e9 europ\u00e9en. Cette mini-pelle qui a fait ses preuves, excelle en termes de durabilit\u00e9, de fiabilit\u00e9, de performance et de facilit\u00e9 d\u2019entretien. Sa cat\u00e9gorie de poids et son ch\u00e2ssis inf\u00e9rieur \u00e0 voie variable la rendent tr\u00e8s facile \u00e0 transporter. Avec la SWE 20F, vous \u00eates en s\u00e9curit\u00e9 et votre confort est garanti en toutes conditions. [&#8230;]<\/p>\n<p><a class=\"btn btn-secondary understrap-read-more-link\" href=\"https:\/\/www.sunwardca.com\/fr\/produit\/swe-20fed\/\">Lire la suite&#8230;<\/a><\/p>\n","protected":false},"featured_media":2929,"comment_status":"closed","ping_status":"closed","template":"","meta":{"inline_featured_image":false},"product_cat":[26,37],"product_tag":[],"translation":{"provider":"WPGlobus","version":"2.12.0","language":"fr","enabled_languages":["en","fr"],"languages":{"en":{"title":true,"content":true,"excerpt":true},"fr":{"title":false,"content":false,"excerpt":true}}},"acf":[],"yoast_head":"<!-- This site is optimized with the Yoast SEO plugin v20.7 - https:\/\/yoast.com\/wordpress\/plugins\/seo\/ -->\n<title>SWE 20FED - Sunward Canada (site officielle)<\/title>\n<meta name=\"robots\" content=\"index, follow, max-snippet:-1, max-image-preview:large, max-video-preview:-1\" \/>\n<link rel=\"canonical\" href=\"https:\/\/www.sunwardca.com\/fr\/produit\/swe-20fed\/\" \/>\n<meta property=\"og:locale\" content=\"fr_FR\" \/>\n<meta property=\"og:type\" content=\"article\" \/>\n<meta property=\"og:title\" content=\"SWE 20FED - Sunward Canada (site officielle)\" \/>\n<meta property=\"og:url\" content=\"https:\/\/www.sunwardca.com\/fr\/produit\/swe-20fed\/\" \/>\n<meta property=\"og:site_name\" content=\"Sunward Canada (site officielle)\" \/>\n<meta property=\"article:modified_time\" content=\"2025-09-02T15:17:58+00:00\" \/>\n<meta property=\"og:image\" content=\"https:\/\/www.sunwardca.com\/wp-content\/uploads\/2022\/10\/SWE20FED_MAIN.png\" \/>\n\t<meta property=\"og:image:width\" content=\"1000\" \/>\n\t<meta property=\"og:image:height\" content=\"1000\" \/>\n\t<meta property=\"og:image:type\" content=\"image\/png\" \/>\n<meta name=\"twitter:card\" content=\"summary_large_image\" \/>\n<meta name=\"twitter:label1\" content=\"Est. reading time\" \/>\n\t<meta name=\"twitter:data1\" content=\"4 minutes\" \/>\n<script type=\"application\/ld+json\" class=\"yoast-schema-graph\">{\"@context\":\"https:\/\/schema.org\",\"@graph\":[{\"@type\":\"WebPage\",\"@id\":\"https:\/\/www.sunwardca.com\/fr\/produit\/swe-20fed\/\",\"url\":\"https:\/\/www.sunwardca.com\/fr\/produit\/swe-20fed\/\",\"name\":\"SWE 20FED - Sunward Canada (site officielle)\",\"isPartOf\":{\"@id\":\"https:\/\/www.sunwardca.com\/#website\"},\"datePublished\":\"2022-10-06T13:09:00+00:00\",\"dateModified\":\"2025-09-02T15:17:58+00:00\",\"breadcrumb\":{\"@id\":\"https:\/\/www.sunwardca.com\/fr\/produit\/swe-20fed\/#breadcrumb\"},\"inLanguage\":\"fr-FR\",\"potentialAction\":[{\"@type\":\"ReadAction\",\"target\":[\"https:\/\/www.sunwardca.com\/fr\/produit\/swe-20fed\/\"]}]},{\"@type\":\"BreadcrumbList\",\"@id\":\"https:\/\/www.sunwardca.com\/fr\/produit\/swe-20fed\/#breadcrumb\",\"itemListElement\":[{\"@type\":\"ListItem\",\"position\":1,\"name\":\"Home\",\"item\":\"https:\/\/www.sunwardca.com\/\"},{\"@type\":\"ListItem\",\"position\":2,\"name\":\"Products\",\"item\":\"https:\/\/www.sunwardca.com\/shop\/\"},{\"@type\":\"ListItem\",\"position\":3,\"name\":\"Excavators\",\"item\":\"https:\/\/www.sunwardca.com\/product-category\/excavators\/\"},{\"@type\":\"ListItem\",\"position\":4,\"name\":\"SWE 20FED\"}]},{\"@type\":\"WebSite\",\"@id\":\"https:\/\/www.sunwardca.com\/#website\",\"url\":\"https:\/\/www.sunwardca.com\/\",\"name\":\"Sunward Canada (site officielle)\",\"description\":\"\",\"publisher\":{\"@id\":\"https:\/\/www.sunwardca.com\/#organization\"},\"potentialAction\":[{\"@type\":\"SearchAction\",\"target\":{\"@type\":\"EntryPoint\",\"urlTemplate\":\"https:\/\/www.sunwardca.com\/?s={search_term_string}\"},\"query-input\":\"required name=search_term_string\"}],\"inLanguage\":\"fr-FR\"},{\"@type\":\"Organization\",\"@id\":\"https:\/\/www.sunwardca.com\/#organization\",\"name\":\"Sunward Canada (site officielle)\",\"url\":\"https:\/\/www.sunwardca.com\/\",\"logo\":{\"@type\":\"ImageObject\",\"inLanguage\":\"fr-FR\",\"@id\":\"https:\/\/www.sunwardca.com\/#\/schema\/logo\/image\/\",\"url\":\"https:\/\/www.sunwardca.com\/wp-content\/uploads\/2025\/05\/Sunward-Canada-main-logo-small.png\",\"contentUrl\":\"https:\/\/www.sunwardca.com\/wp-content\/uploads\/2025\/05\/Sunward-Canada-main-logo-small.png\",\"width\":300,\"height\":53,\"caption\":\"Sunward Canada (site officielle)\"},\"image\":{\"@id\":\"https:\/\/www.sunwardca.com\/#\/schema\/logo\/image\/\"}}]}<\/script>\n<!-- \/ Yoast SEO plugin. -->","yoast_head_json":{"title":"SWE 20FED - Sunward Canada (site officielle)","robots":{"index":"index","follow":"follow","max-snippet":"max-snippet:-1","max-image-preview":"max-image-preview:large","max-video-preview":"max-video-preview:-1"},"canonical":"https:\/\/www.sunwardca.com\/fr\/produit\/swe-20fed\/","og_locale":"fr_FR","og_type":"article","og_title":"SWE 20FED - Sunward Canada (site officielle)","og_url":"https:\/\/www.sunwardca.com\/fr\/produit\/swe-20fed\/","og_site_name":"Sunward Canada (site officielle)","article_modified_time":"2025-09-02T15:17:58+00:00","og_image":[{"width":1000,"height":1000,"url":"https:\/\/www.sunwardca.com\/wp-content\/uploads\/2022\/10\/SWE20FED_MAIN.png","type":"image\/png"}],"twitter_card":"summary_large_image","twitter_misc":{"Est. reading time":"4 minutes"},"schema":{"@context":"https:\/\/schema.org","@graph":[{"@type":"WebPage","@id":"https:\/\/www.sunwardca.com\/fr\/produit\/swe-20fed\/","url":"https:\/\/www.sunwardca.com\/fr\/produit\/swe-20fed\/","name":"SWE 20FED - Sunward Canada (site officielle)","isPartOf":{"@id":"https:\/\/www.sunwardca.com\/#website"},"datePublished":"2022-10-06T13:09:00+00:00","dateModified":"2025-09-02T15:17:58+00:00","breadcrumb":{"@id":"https:\/\/www.sunwardca.com\/fr\/produit\/swe-20fed\/#breadcrumb"},"inLanguage":"fr-FR","potentialAction":[{"@type":"ReadAction","target":["https:\/\/www.sunwardca.com\/fr\/produit\/swe-20fed\/"]}]},{"@type":"BreadcrumbList","@id":"https:\/\/www.sunwardca.com\/fr\/produit\/swe-20fed\/#breadcrumb","itemListElement":[{"@type":"ListItem","position":1,"name":"Home","item":"https:\/\/www.sunwardca.com\/"},{"@type":"ListItem","position":2,"name":"Products","item":"https:\/\/www.sunwardca.com\/shop\/"},{"@type":"ListItem","position":3,"name":"Excavators","item":"https:\/\/www.sunwardca.com\/product-category\/excavators\/"},{"@type":"ListItem","position":4,"name":"SWE 20FED"}]},{"@type":"WebSite","@id":"https:\/\/www.sunwardca.com\/#website","url":"https:\/\/www.sunwardca.com\/","name":"Sunward Canada (site officielle)","description":"","publisher":{"@id":"https:\/\/www.sunwardca.com\/#organization"},"potentialAction":[{"@type":"SearchAction","target":{"@type":"EntryPoint","urlTemplate":"https:\/\/www.sunwardca.com\/?s={search_term_string}"},"query-input":"required name=search_term_string"}],"inLanguage":"fr-FR"},{"@type":"Organization","@id":"https:\/\/www.sunwardca.com\/#organization","name":"Sunward Canada (site officielle)","url":"https:\/\/www.sunwardca.com\/","logo":{"@type":"ImageObject","inLanguage":"fr-FR","@id":"https:\/\/www.sunwardca.com\/#\/schema\/logo\/image\/","url":"https:\/\/www.sunwardca.com\/wp-content\/uploads\/2025\/05\/Sunward-Canada-main-logo-small.png","contentUrl":"https:\/\/www.sunwardca.com\/wp-content\/uploads\/2025\/05\/Sunward-Canada-main-logo-small.png","width":300,"height":53,"caption":"Sunward Canada (site officielle)"},"image":{"@id":"https:\/\/www.sunwardca.com\/#\/schema\/logo\/image\/"}}]}},"_links":{"self":[{"href":"https:\/\/www.sunwardca.com\/fr\/wp-json\/wp\/v2\/product\/2903"}],"collection":[{"href":"https:\/\/www.sunwardca.com\/fr\/wp-json\/wp\/v2\/product"}],"about":[{"href":"https:\/\/www.sunwardca.com\/fr\/wp-json\/wp\/v2\/types\/product"}],"replies":[{"embeddable":true,"href":"https:\/\/www.sunwardca.com\/fr\/wp-json\/wp\/v2\/comments?post=2903"}],"wp:featuredmedia":[{"embeddable":true,"href":"https:\/\/www.sunwardca.com\/fr\/wp-json\/wp\/v2\/media\/2929"}],"wp:attachment":[{"href":"https:\/\/www.sunwardca.com\/fr\/wp-json\/wp\/v2\/media?parent=2903"}],"wp:term":[{"taxonomy":"product_cat","embeddable":true,"href":"https:\/\/www.sunwardca.com\/fr\/wp-json\/wp\/v2\/product_cat?post=2903"},{"taxonomy":"product_tag","embeddable":true,"href":"https:\/\/www.sunwardca.com\/fr\/wp-json\/wp\/v2\/product_tag?post=2903"}],"curies":[{"name":"wp","href":"https:\/\/api.w.org\/{rel}","templated":true}]}}