{"id":2905,"date":"2022-10-06T16:32:30","date_gmt":"2022-10-06T14:32:30","guid":{"rendered":"https:\/\/www.sunwardca.com\/?post_type=product&#038;p=2905"},"modified":"2025-11-28T01:21:56","modified_gmt":"2025-11-28T09:21:56","slug":"swe-155uf-2pb","status":"publish","type":"product","link":"https:\/\/www.sunwardca.com\/fr\/produit\/swe-155uf-2pb\/","title":{"rendered":"SWE 155UF-2PB"},"content":{"rendered":"<p>[vc_row][vc_column][vc_tta_accordion style=&#8221;flat&#8221; c_icon=&#8221;chevron&#8221; c_position=&#8221;right&#8221; active_section=&#8221;1&#8243; no_fill=&#8221;true&#8221; el_class=&#8221;custom-accordion&#8221;][vc_tta_section title=&#8221;SP\u00c9CIFICATIONS&#8221; tab_id=&#8221;1623355628079-f58b5c44-7c4b&#8221;][vc_custom_heading text=&#8221;SUNWARD SWE 155F&#8221; font_container=&#8221;tag:h3|text_align:left&#8221; use_theme_fonts=&#8221;yes&#8221;][vc_column_text]Vous recherchez une pelle capable de creuser sur un chantier, mais sans prendre trop de place\u00a0? La pelle midi Sunward SWE\u00a0155F conviendra id\u00e9alement aux chantiers de grande envergure, qu&#8217;il s&#8217;agisse de b\u00e2timents, de routes, de d\u00e9molition, de carri\u00e8res ou d&#8217;exploitation foresti\u00e8re. Nous l&#8217;avons con\u00e7ue pour \u00eatre polyvalente, robuste et particuli\u00e8rement durable. La conception remarquable de la SWE\u00a0155F, son moteur Cummins conforme \u00e0 la norme antipollution europ\u00e9enne Phase\u00a0V et son syst\u00e8me hydraulique sophistiqu\u00e9 garantissent une utilisation facile et une productivit\u00e9 \u00e9lev\u00e9e. Cette pelle haut de gamme combine d&#8217;excellentes performances avec un confort exceptionnel, une grande s\u00e9curit\u00e9 d&#8217;utilisation et une simplicit\u00e9 d&#8217;entretien exemplaire.<\/p>\n<p>Sunward est traditionnellement attach\u00e9 \u00e0 toujours offrir le meilleur rapport qualit\u00e9\/prix. La SWE\u00a0155F ne fait pas exception \u00e0 cette r\u00e8gle, puisqu\u2019elle pr\u00e9sente de nombreuses fonctionnalit\u00e9s et jusqu\u2019\u00e0 3 ans de garantie standard, \u00e0 un prix adapt\u00e9.<\/p>\n<p>D\u00e9couvrez tous les autres avantages de la pelle Sunward SWE\u00a0155F.[\/vc_column_text][vc_row_inner][vc_column_inner width=&#8221;1\/2&#8243;][vc_toggle title=&#8221;DIMENSIONS&#8221;]<\/p>\n<table width=\"1274\">\n<tbody>\n<tr>\n<td width=\"631\">Poids op\u00e9rationnel<\/td>\n<td width=\"643\">15 600 kg<\/td>\n<\/tr>\n<tr>\n<td width=\"631\">Capacit\u00e9 du godet standard<\/td>\n<td>0,61 m\u00b3<\/td>\n<\/tr>\n<tr>\n<td width=\"631\">Longueur de transport<\/td>\n<td>7\u2009825 mm<\/td>\n<\/tr>\n<tr>\n<td width=\"631\">Largeur de transport<\/td>\n<td>2\u2009600 mm<\/td>\n<\/tr>\n<tr>\n<td width=\"631\">Hauteur au-dessus du toit de la cabine<\/td>\n<td>2\u2009825 mm<\/td>\n<\/tr>\n<\/tbody>\n<\/table>\n<p>[\/vc_toggle][vc_toggle title=&#8221;MOTEUR&#8221;]<\/p>\n<table width=\"1274\">\n<tbody>\n<tr>\n<td width=\"631\">Mod\u00e8le<\/td>\n<td width=\"643\">Cummins QSF3. 8<\/td>\n<\/tr>\n<tr>\n<td>Norme antipollution<\/td>\n<td>UE Phase V (EU Stage V)<\/td>\n<\/tr>\n<tr>\n<td>Cylindr\u00e9e<\/td>\n<td>3,8\u00a0L<\/td>\n<\/tr>\n<tr>\n<td>Puissance de sortie nominale<\/td>\n<td>93 kW<\/td>\n<\/tr>\n<\/tbody>\n<\/table>\n<p>[\/vc_toggle][vc_toggle title=&#8221;SYST\u00c8ME HYDRAULIQUE&#8221;]<\/p>\n<table width=\"1274\">\n<tbody>\n<tr>\n<td width=\"631\">Type<\/td>\n<td width=\"643\">2 pompe \u00e0 pistons, \u00e0 d\u00e9bit variable<\/td>\n<\/tr>\n<tr>\n<td>Cylindr\u00e9e<\/td>\n<td>2 \u00d7 126,4\u00a0l\/min<\/td>\n<\/tr>\n<tr>\n<td>Pression hydraulique<\/td>\n<td>31,4\/ 34,3 Mpa<\/td>\n<\/tr>\n<\/tbody>\n<\/table>\n<p>[\/vc_toggle][vc_toggle title=&#8221;ENVELOPPE DE TRAVAIL&#8221;]<\/p>\n<table width=\"1274\">\n<tbody>\n<tr>\n<td width=\"631\">Profondeur de fouille max.<\/td>\n<td width=\"643\">5\u2009525 mm<\/td>\n<\/tr>\n<tr>\n<td>Port\u00e9e de fouille max.<\/td>\n<td>8\u2009370 mm<\/td>\n<\/tr>\n<tr>\n<td>Force de fouille max. du godet<\/td>\n<td>100 kN<\/td>\n<\/tr>\n<tr>\n<td>Force de fouille max. du balancier<\/td>\n<td>76 kN<\/td>\n<\/tr>\n<\/tbody>\n<\/table>\n<p>[\/vc_toggle][\/vc_column_inner][vc_column_inner width=&#8221;1\/2&#8243;][\/vc_column_inner][\/vc_row_inner][\/vc_tta_section][vc_tta_section title=&#8221;FONCTIONNALIT\u00c9S ET ATOUTS&#8221; tab_id=&#8221;1623355710952-d36b50a3-81ed&#8221;][vc_row_inner][vc_column_inner width=&#8221;1\/4&#8243;][vc_single_image image=&#8221;1070&#8243; img_size=&#8221;medium&#8221;][\/vc_column_inner][vc_column_inner width=&#8221;3\/4&#8243;][vc_custom_heading text=&#8221;CON\u00c7UE POUR L\u2019EUROPE&#8221; font_container=&#8221;tag:h3|text_align:left&#8221; use_theme_fonts=&#8221;yes&#8221;][vc_column_text]Outre sa certification CE, la Sunward SWE\u00a0155F, comme toutes les machines Sunward destin\u00e9es au march\u00e9 europ\u00e9en, est sp\u00e9cifiquement con\u00e7ue pour r\u00e9pondre aux besoins des clients europ\u00e9ens.[\/vc_column_text][\/vc_column_inner][\/vc_row_inner][vc_separator][vc_row_inner][vc_column_inner width=&#8221;1\/4&#8243;][vc_single_image image=&#8221;1240&#8243; img_size=&#8221;medium&#8221;][\/vc_column_inner][vc_column_inner width=&#8221;3\/4&#8243;][vc_custom_heading text=&#8221;UN MOTEUR PUISSANT ET FIABLE&#8221; font_container=&#8221;tag:h3|text_align:left&#8221; use_theme_fonts=&#8221;yes&#8221;][vc_column_text]Atteindre presque z\u00e9ro \u00e9missions tout en d\u00e9veloppant de 55\u2009\u00e0 98\u00a0kW, sans faire de compromis en mati\u00e8re de puissance, de performances ou d&#8217;\u00e9conomie de carburant, tel est le d\u00e9fi que rel\u00e8ve le puissant et compact moteur Cummins QSF3.8. Ce moteur est tr\u00e8s appr\u00e9ci\u00e9 sur le march\u00e9 et dispose donc d&#8217;un vaste r\u00e9seau d&#8217;assistance technique. C&#8217;est le moteur que Sunward a choisi pour la SWE 155F et il va de soi qu&#8217;il est conforme aux normes antipollution europ\u00e9ennes Phase\u00a0V.[\/vc_column_text][\/vc_column_inner][\/vc_row_inner][vc_separator][vc_row_inner][vc_column_inner width=&#8221;1\/4&#8243;][vc_single_image image=&#8221;1091&#8243; img_size=&#8221;medium&#8221;][\/vc_column_inner][vc_column_inner width=&#8221;3\/4&#8243;][vc_custom_heading text=&#8221;DES COMPOSANTS HAUT DE GAMME&#8221; font_container=&#8221;tag:h3|text_align:left&#8221; use_theme_fonts=&#8221;yes&#8221;][vc_column_text]Tous les composants cl\u00e9s des pelles Sunward ont \u00e9t\u00e9 s\u00e9lectionn\u00e9s avec soin, du moteur Cummins jusqu\u2019aux composants du syst\u00e8me hydraulique. Le syst\u00e8me hydraulique est souvent consid\u00e9r\u00e9 comme le c\u0153ur de la machine. C&#8217;est pourquoi Sunward se fournit exclusivement aupr\u00e8s des plus grandes marques du march\u00e9. Pour la SWE 155F, nous avons choisi comme fournisseurs les marques japonaises r\u00e9put\u00e9es KPM pour la pompe hydraulique et le moteur d&#8217;orientation, et KYB pour le distributeur principal. Ces deux marques, renomm\u00e9es pour la fiabilit\u00e9, l&#8217;efficacit\u00e9 et la long\u00e9vit\u00e9 de leurs produits, les con\u00e7oivent sp\u00e9cialement pour les besoins des pelles hydrauliques.[\/vc_column_text][\/vc_column_inner][\/vc_row_inner][vc_separator][vc_row_inner][vc_column_inner width=&#8221;1\/4&#8243;][vc_single_image image=&#8221;1241&#8243; img_size=&#8221;medium&#8221;][\/vc_column_inner][vc_column_inner width=&#8221;3\/4&#8243;][vc_custom_heading text=&#8221;CONSTRUITE POUR DURER&#8221; font_container=&#8221;tag:h3|text_align:left&#8221; use_theme_fonts=&#8221;yes&#8221;][vc_column_text]La SWE\u00a0155F a \u00e9t\u00e9 construite pour durer. Le moteur Cummins a une r\u00e9putation bien \u00e9tablie en termes de durabilit\u00e9, m\u00eame en cas de conditions de travail extr\u00eames. De m\u00eame, une attention particuli\u00e8re a \u00e9t\u00e9 port\u00e9e aux structures fondamentales de la SWE\u00a0155F, telles que la fl\u00e8che et le balancier, construits avec des t\u00f4les plus \u00e9paisses. Tous les \u00e9l\u00e9ments porteurs sont des pi\u00e8ces massives forg\u00e9es en acier haute r\u00e9sistance et haute ductilit\u00e9. Ce proc\u00e9d\u00e9 offre le grand avantage de produire des \u00e9l\u00e9ments combinant int\u00e9grit\u00e9 structurelle et r\u00e9sistance \u00e9lev\u00e9e \u00e0 l&#8217;usure. Nous obtenons ainsi un accroissement spectaculaire de la fiabilit\u00e9 des machines utilis\u00e9es en conditions extr\u00eames. Par exemple, le balancier et l&#8217;articulation de godet ont \u00e9t\u00e9 con\u00e7us pour une long\u00e9vit\u00e9 standard de 20\u00a0000 heures.<br \/>\nDe m\u00eame, les \u00e9l\u00e9ments s\u00e9rie lourde de la SWE 155F sont soigneusement recuits afin d&#8217;\u00e9liminer totalement les contraintes r\u00e9siduelles g\u00e9n\u00e9r\u00e9es par les soudures et accro\u00eetre ainsi significativement la fiabilit\u00e9 de la machine. Apr\u00e8s soudure, afin d&#8217;\u00e9viter le refroidissement naturel (et le risque d&#8217;un refroidissement in\u00e9gal), nous chauffons le m\u00e9tal dans un four isol\u00e9 \u00e0 600\u2009-\u2009800\u00a0\u00b0C avant de les laisser refroidir lentement (durant 5 \u00e0 8 heures), \u00e9vitant ainsi toutes contraintes r\u00e9siduelles et d\u00e9fauts. Ce type de processus de refroidissement n&#8217;est gu\u00e8re utilis\u00e9 par les constructeurs qui veulent \u00e9conomiser du temps et de l&#8217;argent.<br \/>\nPour finir, le ch\u00e2ssis X a \u00e9t\u00e9 renforc\u00e9, apportant une excellente r\u00e9sistance \u00e0 la d\u00e9formation.[\/vc_column_text][\/vc_column_inner][\/vc_row_inner][vc_separator][vc_row_inner][vc_column_inner width=&#8221;1\/4&#8243;][vc_single_image image=&#8221;1242&#8243; img_size=&#8221;medium&#8221;][\/vc_column_inner][vc_column_inner width=&#8221;3\/4&#8243;][vc_custom_heading text=&#8221;UNE CONSOMMATION R\u00c9DUITE&#8221; font_container=&#8221;tag:h3|text_align:left&#8221; use_theme_fonts=&#8221;yes&#8221;][vc_column_text]Gr\u00e2ce au moteur Cummins QSF3.8 \u00e0 4 cylindres en ligne, la SWE 155F consomme moins de carburant, avec une efficacit\u00e9 des fluides totale (incluant \u00e0 la fois le carburant et le fluide d\u2019\u00e9chappement diesel) am\u00e9lior\u00e9e de jusqu\u2019\u00e0 3 pour cent, sans compromis au niveau des performances (les performances de ce moteur sont encore meilleures que celles de la version pr\u00e9c\u00e9dente, d\u00e9veloppant 10\u00a0% de puissance en plus et pr\u00e8s de 20\u00a0% de couple en plus sur toute la plage des r\u00e9gimes).<\/p>\n<p>La pelle midi Sunward SWE\u00a0155F se distingue \u00e9galement par le meilleur rendement hydraulique, ce qui se traduit par une faible consommation de carburant. Avec sa nouvelle pompe principale de haute qualit\u00e9 KPM et l\u2019approche innovante de Sunward, nous avons accru le d\u00e9bit de 7\u00a0%, la puissance de 4\u00a0% et l&#8217;efficacit\u00e9 volum\u00e9trique de 6\u00a0%, ce qui am\u00e9liore le rendement \u00e9nerg\u00e9tique de la machine toute enti\u00e8re.<br \/>\nPour finir, gr\u00e2ce aux 3 modes de travail \u00e9quipement diff\u00e9rents, l\u2019op\u00e9rateur profite de la polyvalence, mais aussi de l\u2019optimisation de la consommation de carburant.[\/vc_column_text][\/vc_column_inner][\/vc_row_inner][vc_separator][vc_row_inner][vc_column_inner width=&#8221;1\/4&#8243;][vc_single_image image=&#8221;1243&#8243; img_size=&#8221;medium&#8221;][\/vc_column_inner][vc_column_inner width=&#8221;3\/4&#8243;][vc_custom_heading text=&#8221;CON\u00c7UE POUR LA POLYVALENCE&#8221; font_container=&#8221;tag:h3|text_align:left&#8221; use_theme_fonts=&#8221;yes&#8221;][vc_column_text]Dans l&#8217;esprit du slogan de Sunward \u00ab\u00a0Innovation Leads to Value\u00a0\u00bb (l&#8217;innovation engendre la qualit\u00e9), tout le travail d&#8217;ing\u00e9nierie et de conception investi dans la SWE\u00a0155F vise \u00e0 produire une valeur ajout\u00e9e maximale pour l&#8217;acheteur tout en offrant une polyvalence optimale \u00e0 l&#8217;utilisateur de la machine. C&#8217;est pourquoi, la SWE\u00a0155F peut \u00eatre utilis\u00e9e dans les conditions et les applications les plus diverses. Et gr\u00e2ce \u00e0 3 circuits hydrauliques auxiliaires distincts (dont 2 sont \u00e9quip\u00e9s d\u2019une soupape d\u2019arr\u00eat pour une installation facile et sans fuite d\u2019huile des accessoires), aux 3 modes de travail du godet et au 3 modes de travail des accessoires, l\u2019op\u00e9rateur n\u2019aura besoin que de quelques minutes pour appr\u00e9cier pleinement les possibilit\u00e9s offertes.[\/vc_column_text][\/vc_column_inner][\/vc_row_inner][vc_separator][vc_row_inner][vc_column_inner width=&#8221;1\/4&#8243;][vc_single_image image=&#8221;1146&#8243; img_size=&#8221;medium&#8221;][\/vc_column_inner][vc_column_inner width=&#8221;3\/4&#8243;][vc_custom_heading text=&#8221;ENTRETIEN FACILE&#8221; font_container=&#8221;tag:h3|text_align:left&#8221; use_theme_fonts=&#8221;yes&#8221;][vc_column_text]Pour des entretiens rapides et faciles, le capot moteur et les portes lat\u00e9rales s&#8217;ouvrent en grand et m\u00e9nagent un acc\u00e8s sans restriction aux points de contr\u00f4le et d&#8217;entretien. Avec son acc\u00e8s direct au r\u00e9servoir de carburant et ses graisseurs centralis\u00e9s, la SWE 155F est aussi facile \u00e0 entretenir qu&#8217;\u00e0 utiliser.[\/vc_column_text][\/vc_column_inner][\/vc_row_inner][vc_separator][vc_row_inner][vc_column_inner width=&#8221;1\/4&#8243;][vc_single_image image=&#8221;1205&#8243; img_size=&#8221;medium&#8221;][\/vc_column_inner][vc_column_inner width=&#8221;3\/4&#8243;][vc_custom_heading text=&#8221;UNE CABINE S\u00dbRE&#8221; font_container=&#8221;tag:h3|text_align:left&#8221; use_theme_fonts=&#8221;yes&#8221;][vc_column_text]La cabine haute s\u00e9curit\u00e9 standard de la SWE\u00a0155F r\u00e9pond aux normes FOPS, TOPS et ROPS afin que l&#8217;op\u00e9rateur b\u00e9n\u00e9ficie d&#8217;un poste de travail s\u00fbr et confortable, quelles que soient les conditions de travail. Malgr\u00e9 sa taille ext\u00e9rieure compacte, la SWE\u00a0155F offre un acc\u00e8s ais\u00e9 \u00e0 une cabine spacieuse, pour les op\u00e9rateurs de toutes tailles partout en Europe. Des vastes surfaces vitr\u00e9es \u00e0 l&#8217;agencement int\u00e9rieur soigneusement \u00e9tudi\u00e9, tout est fait pour le confort, la productivit\u00e9 et la s\u00e9curit\u00e9 de l&#8217;op\u00e9rateur.[\/vc_column_text][\/vc_column_inner][\/vc_row_inner][vc_separator][vc_row_inner][vc_column_inner width=&#8221;1\/4&#8243;][vc_single_image image=&#8221;1071&#8243; img_size=&#8221;medium&#8221;][\/vc_column_inner][vc_column_inner width=&#8221;3\/4&#8243;][vc_custom_heading text=&#8221;LE MEILLEUR RAPPORT QUALIT\u00c9-PRIX&#8221; font_container=&#8221;tag:h3|text_align:left&#8221; use_theme_fonts=&#8221;yes&#8221;][vc_column_text]Sunward est le meilleur investissement en termes de fiabilit\u00e9, de performances et de retour sur investissement \u00e9lev\u00e9. En effet, la conception soigneusement \u00e9tudi\u00e9e de la SWE\u00a0155F inclut une s\u00e9lection bien \u00e9tudi\u00e9e de composants qui facilitent l&#8217;utilisation et l&#8217;entretien de la machine. Les choix que nous avons faits nous permettent de vous offrir une machine \u00e0 l&#8217;\u00e9quipement standard sans \u00e9gal, avec des composants de premi\u00e8re qualit\u00e9 et des performances de haut niveau&#8230;. \u00e0 un prix tr\u00e8s abordable.<br \/>\nEn outre, les pi\u00e8ces d\u00e9tach\u00e9es Sunward sont, elles aussi, tr\u00e8s \u00e9conomiques, sans parler de la garantie standard de 3 ans accompagnant tous les produits Sunward, qui compl\u00e8te l&#8217;offre en beaut\u00e9.[\/vc_column_text][\/vc_column_inner][\/vc_row_inner][\/vc_tta_section][vc_tta_section title=&#8221;VID\u00c9O&#8221; tab_id=&#8221;1623857706491-8aa3a03f-cca1&#8243;][vc_video link=&#8221;https:\/\/youtu.be\/1Ll8m9Y9d8Q&#8221;][\/vc_tta_section][vc_tta_section title=&#8221;BROCHURE&#8221; tab_id=&#8221;1623857795794-8fd5289e-c5a3&#8243;][vc_row_inner content_placement=&#8221;middle&#8221;][vc_column_inner width=&#8221;1\/4&#8243;][vc_single_image image=&#8221;1244&#8243; img_size=&#8221;large&#8221;][\/vc_column_inner][vc_column_inner width=&#8221;3\/4&#8243;][vc_custom_heading text=&#8221;BROCHURE PRODUIT&#8221; font_container=&#8221;tag:h3|text_align:left&#8221; use_theme_fonts=&#8221;yes&#8221;][vc_btn title=&#8221;T\u00c9L\u00c9CHARGEMENT&#8221; color=&#8221;orange&#8221; size=&#8221;lg&#8221; link=&#8221;url:http%3A%2F%2Fwww.sunwardca.com%2Fwp-content%2Fuploads%2F2022%2F01%2FSunward-SWE155F_Brochure.pdf|title:Sunward%20SWE%20155F%20Product%20Brochure|target:%20_blank|&#8221;][\/vc_column_inner][\/vc_row_inner][\/vc_tta_section][\/vc_tta_accordion][\/vc_column][\/vc_row]<\/p>\n","protected":false},"excerpt":{"rendered":"<p>Vous recherchez une pelle capable de creuser sur un chantier, mais sans prendre trop de place\u00a0? La pelle midi Sunward SWE 155F conviendra id\u00e9alement aux chantiers de grande envergure, qu&#8217;il s&#8217;agisse de b\u00e2timents, de routes, de d\u00e9molition, de carri\u00e8res ou d&#8217;exploitation foresti\u00e8re. Nous l&#8217;avons con\u00e7ue pour \u00eatre polyvalente, robuste et particuli\u00e8rement durable. La conception remarquable de la SWE\u00a0155F, son moteur Cummins conforme \u00e0 la norme antipollution europ\u00e9enne Phase\u00a0V et son syst\u00e8me hydraulique sophistiqu\u00e9 garantissent une utilisation facile et une productivit\u00e9 \u00e9lev\u00e9e. Cette pelle haut de gamme combine d&#8217;excellentes performances avec un confort exceptionnel, une grande s\u00e9curit\u00e9 d&#8217;utilisation et une simplicit\u00e9 d&#8217;entretien exemplaire. [&#8230;]<\/p>\n<p><a class=\"btn btn-secondary understrap-read-more-link\" href=\"https:\/\/www.sunwardca.com\/fr\/produit\/swe-155uf-2pb\/\">Lire la suite&#8230;<\/a><\/p>\n","protected":false},"featured_media":2949,"comment_status":"closed","ping_status":"closed","template":"","meta":{"inline_featured_image":false},"product_cat":[26,35],"product_tag":[],"translation":{"provider":"WPGlobus","version":"2.12.0","language":"fr","enabled_languages":["en","fr"],"languages":{"en":{"title":true,"content":true,"excerpt":true},"fr":{"title":false,"content":true,"excerpt":true}}},"acf":[],"yoast_head":"<!-- This site is optimized with the Yoast SEO plugin v20.7 - https:\/\/yoast.com\/wordpress\/plugins\/seo\/ -->\n<title>SWE 155UF-2PB - Sunward Canada (site officielle)<\/title>\n<meta name=\"robots\" content=\"index, follow, max-snippet:-1, max-image-preview:large, max-video-preview:-1\" \/>\n<link rel=\"canonical\" href=\"https:\/\/www.sunwardca.com\/fr\/produit\/swe-155uf-2pb\/\" \/>\n<meta property=\"og:locale\" content=\"fr_FR\" \/>\n<meta property=\"og:type\" content=\"article\" \/>\n<meta property=\"og:title\" content=\"SWE 155UF-2PB - Sunward Canada (site officielle)\" \/>\n<meta property=\"og:url\" content=\"https:\/\/www.sunwardca.com\/fr\/produit\/swe-155uf-2pb\/\" \/>\n<meta property=\"og:site_name\" content=\"Sunward Canada (site officielle)\" \/>\n<meta property=\"article:modified_time\" content=\"2025-11-28T09:21:56+00:00\" \/>\n<meta property=\"og:image\" content=\"https:\/\/www.sunwardca.com\/wp-content\/uploads\/2022\/10\/Sunward-SWE-155UF-2PB_MAIN.png\" \/>\n\t<meta property=\"og:image:width\" content=\"1000\" \/>\n\t<meta property=\"og:image:height\" content=\"1000\" \/>\n\t<meta property=\"og:image:type\" content=\"image\/png\" \/>\n<meta name=\"twitter:card\" content=\"summary_large_image\" \/>\n<meta name=\"twitter:label1\" content=\"Est. reading time\" \/>\n\t<meta name=\"twitter:data1\" content=\"6 minutes\" \/>\n<script type=\"application\/ld+json\" class=\"yoast-schema-graph\">{\"@context\":\"https:\/\/schema.org\",\"@graph\":[{\"@type\":\"WebPage\",\"@id\":\"https:\/\/www.sunwardca.com\/fr\/produit\/swe-155uf-2pb\/\",\"url\":\"https:\/\/www.sunwardca.com\/fr\/produit\/swe-155uf-2pb\/\",\"name\":\"SWE 155UF-2PB - Sunward Canada (site officielle)\",\"isPartOf\":{\"@id\":\"https:\/\/www.sunwardca.com\/#website\"},\"datePublished\":\"2022-10-06T14:32:30+00:00\",\"dateModified\":\"2025-11-28T09:21:56+00:00\",\"breadcrumb\":{\"@id\":\"https:\/\/www.sunwardca.com\/fr\/produit\/swe-155uf-2pb\/#breadcrumb\"},\"inLanguage\":\"fr-FR\",\"potentialAction\":[{\"@type\":\"ReadAction\",\"target\":[\"https:\/\/www.sunwardca.com\/fr\/produit\/swe-155uf-2pb\/\"]}]},{\"@type\":\"BreadcrumbList\",\"@id\":\"https:\/\/www.sunwardca.com\/fr\/produit\/swe-155uf-2pb\/#breadcrumb\",\"itemListElement\":[{\"@type\":\"ListItem\",\"position\":1,\"name\":\"Home\",\"item\":\"https:\/\/www.sunwardca.com\/\"},{\"@type\":\"ListItem\",\"position\":2,\"name\":\"Products\",\"item\":\"https:\/\/www.sunwardca.com\/shop\/\"},{\"@type\":\"ListItem\",\"position\":3,\"name\":\"Excavators\",\"item\":\"https:\/\/www.sunwardca.com\/product-category\/excavators\/\"},{\"@type\":\"ListItem\",\"position\":4,\"name\":\"SWE 155UF-2PB\"}]},{\"@type\":\"WebSite\",\"@id\":\"https:\/\/www.sunwardca.com\/#website\",\"url\":\"https:\/\/www.sunwardca.com\/\",\"name\":\"Sunward Canada (site officielle)\",\"description\":\"\",\"publisher\":{\"@id\":\"https:\/\/www.sunwardca.com\/#organization\"},\"potentialAction\":[{\"@type\":\"SearchAction\",\"target\":{\"@type\":\"EntryPoint\",\"urlTemplate\":\"https:\/\/www.sunwardca.com\/?s={search_term_string}\"},\"query-input\":\"required name=search_term_string\"}],\"inLanguage\":\"fr-FR\"},{\"@type\":\"Organization\",\"@id\":\"https:\/\/www.sunwardca.com\/#organization\",\"name\":\"Sunward Canada (site officielle)\",\"url\":\"https:\/\/www.sunwardca.com\/\",\"logo\":{\"@type\":\"ImageObject\",\"inLanguage\":\"fr-FR\",\"@id\":\"https:\/\/www.sunwardca.com\/#\/schema\/logo\/image\/\",\"url\":\"https:\/\/www.sunwardca.com\/wp-content\/uploads\/2025\/05\/Sunward-Canada-main-logo-small.png\",\"contentUrl\":\"https:\/\/www.sunwardca.com\/wp-content\/uploads\/2025\/05\/Sunward-Canada-main-logo-small.png\",\"width\":300,\"height\":53,\"caption\":\"Sunward Canada (site officielle)\"},\"image\":{\"@id\":\"https:\/\/www.sunwardca.com\/#\/schema\/logo\/image\/\"}}]}<\/script>\n<!-- \/ Yoast SEO plugin. -->","yoast_head_json":{"title":"SWE 155UF-2PB - Sunward Canada (site officielle)","robots":{"index":"index","follow":"follow","max-snippet":"max-snippet:-1","max-image-preview":"max-image-preview:large","max-video-preview":"max-video-preview:-1"},"canonical":"https:\/\/www.sunwardca.com\/fr\/produit\/swe-155uf-2pb\/","og_locale":"fr_FR","og_type":"article","og_title":"SWE 155UF-2PB - Sunward Canada (site officielle)","og_url":"https:\/\/www.sunwardca.com\/fr\/produit\/swe-155uf-2pb\/","og_site_name":"Sunward Canada (site officielle)","article_modified_time":"2025-11-28T09:21:56+00:00","og_image":[{"width":1000,"height":1000,"url":"https:\/\/www.sunwardca.com\/wp-content\/uploads\/2022\/10\/Sunward-SWE-155UF-2PB_MAIN.png","type":"image\/png"}],"twitter_card":"summary_large_image","twitter_misc":{"Est. reading time":"6 minutes"},"schema":{"@context":"https:\/\/schema.org","@graph":[{"@type":"WebPage","@id":"https:\/\/www.sunwardca.com\/fr\/produit\/swe-155uf-2pb\/","url":"https:\/\/www.sunwardca.com\/fr\/produit\/swe-155uf-2pb\/","name":"SWE 155UF-2PB - Sunward Canada (site officielle)","isPartOf":{"@id":"https:\/\/www.sunwardca.com\/#website"},"datePublished":"2022-10-06T14:32:30+00:00","dateModified":"2025-11-28T09:21:56+00:00","breadcrumb":{"@id":"https:\/\/www.sunwardca.com\/fr\/produit\/swe-155uf-2pb\/#breadcrumb"},"inLanguage":"fr-FR","potentialAction":[{"@type":"ReadAction","target":["https:\/\/www.sunwardca.com\/fr\/produit\/swe-155uf-2pb\/"]}]},{"@type":"BreadcrumbList","@id":"https:\/\/www.sunwardca.com\/fr\/produit\/swe-155uf-2pb\/#breadcrumb","itemListElement":[{"@type":"ListItem","position":1,"name":"Home","item":"https:\/\/www.sunwardca.com\/"},{"@type":"ListItem","position":2,"name":"Products","item":"https:\/\/www.sunwardca.com\/shop\/"},{"@type":"ListItem","position":3,"name":"Excavators","item":"https:\/\/www.sunwardca.com\/product-category\/excavators\/"},{"@type":"ListItem","position":4,"name":"SWE 155UF-2PB"}]},{"@type":"WebSite","@id":"https:\/\/www.sunwardca.com\/#website","url":"https:\/\/www.sunwardca.com\/","name":"Sunward Canada (site officielle)","description":"","publisher":{"@id":"https:\/\/www.sunwardca.com\/#organization"},"potentialAction":[{"@type":"SearchAction","target":{"@type":"EntryPoint","urlTemplate":"https:\/\/www.sunwardca.com\/?s={search_term_string}"},"query-input":"required name=search_term_string"}],"inLanguage":"fr-FR"},{"@type":"Organization","@id":"https:\/\/www.sunwardca.com\/#organization","name":"Sunward Canada (site officielle)","url":"https:\/\/www.sunwardca.com\/","logo":{"@type":"ImageObject","inLanguage":"fr-FR","@id":"https:\/\/www.sunwardca.com\/#\/schema\/logo\/image\/","url":"https:\/\/www.sunwardca.com\/wp-content\/uploads\/2025\/05\/Sunward-Canada-main-logo-small.png","contentUrl":"https:\/\/www.sunwardca.com\/wp-content\/uploads\/2025\/05\/Sunward-Canada-main-logo-small.png","width":300,"height":53,"caption":"Sunward Canada (site officielle)"},"image":{"@id":"https:\/\/www.sunwardca.com\/#\/schema\/logo\/image\/"}}]}},"_links":{"self":[{"href":"https:\/\/www.sunwardca.com\/fr\/wp-json\/wp\/v2\/product\/2905"}],"collection":[{"href":"https:\/\/www.sunwardca.com\/fr\/wp-json\/wp\/v2\/product"}],"about":[{"href":"https:\/\/www.sunwardca.com\/fr\/wp-json\/wp\/v2\/types\/product"}],"replies":[{"embeddable":true,"href":"https:\/\/www.sunwardca.com\/fr\/wp-json\/wp\/v2\/comments?post=2905"}],"wp:featuredmedia":[{"embeddable":true,"href":"https:\/\/www.sunwardca.com\/fr\/wp-json\/wp\/v2\/media\/2949"}],"wp:attachment":[{"href":"https:\/\/www.sunwardca.com\/fr\/wp-json\/wp\/v2\/media?parent=2905"}],"wp:term":[{"taxonomy":"product_cat","embeddable":true,"href":"https:\/\/www.sunwardca.com\/fr\/wp-json\/wp\/v2\/product_cat?post=2905"},{"taxonomy":"product_tag","embeddable":true,"href":"https:\/\/www.sunwardca.com\/fr\/wp-json\/wp\/v2\/product_tag?post=2905"}],"curies":[{"name":"wp","href":"https:\/\/api.w.org\/{rel}","templated":true}]}}