{"id":3181,"date":"2024-08-12T09:46:07","date_gmt":"2024-08-12T16:46:07","guid":{"rendered":"https:\/\/www.sunwardca.com\/?post_type=product&#038;p=3181"},"modified":"2025-05-02T11:05:34","modified_gmt":"2025-05-02T18:05:34","slug":"swe-10fed","status":"publish","type":"product","link":"https:\/\/www.sunwardca.com\/fr\/produit\/swe-10fed\/","title":{"rendered":"SWE 10FED"},"content":{"rendered":"<p>[vc_row][vc_column][vc_tta_accordion style=&#8221;flat&#8221; c_icon=&#8221;chevron&#8221; c_position=&#8221;right&#8221; active_section=&#8221;1&#8243; no_fill=&#8221;true&#8221; el_class=&#8221;custom-accordion&#8221;][vc_tta_section title=&#8221;SP\u00c9CIFICATIONS&#8221; tab_id=&#8221;1623355628079-f58b5c44-7c4b&#8221;][vc_custom_heading text=&#8221;SUNWARD SWE 20F&#8221; font_container=&#8221;tag:h3|text_align:left&#8221; use_theme_fonts=&#8221;yes&#8221;][vc_column_text]La mini-pelle Sunward SWE 20F est notre bestseller sur le march\u00e9 europ\u00e9en. Cette mini-pelle qui a fait ses preuves, excelle en termes de durabilit\u00e9, de fiabilit\u00e9, de performance et de facilit\u00e9 d\u2019entretien. Sa cat\u00e9gorie de poids la rend tr\u00e8s facile \u00e0 transporter, en conformit\u00e9 avec la r\u00e9glementation europ\u00e9enne relative au transport. Avec son ch\u00e2ssis inf\u00e9rieur \u00e0 voie variable de 990 mm \u00e0 1 360 mm, la SWE 20F offre une excellente stabilit\u00e9 et un travail confortable et s\u00fbr pour tous les types d\u2019applications. Sunward est traditionnellement attach\u00e9 \u00e0 toujours offrir le meilleur rapport qualit\u00e9\/prix. La SWE\u00a020F ne fait pas exception \u00e0 cette r\u00e8gle, puisqu\u2019elle pr\u00e9sente de nombreuses fonctionnalit\u00e9s et jusqu\u2019\u00e0 3 ans de garantie standard, \u00e0 un prix adapt\u00e9. Et bien s\u00fbr, parce que nous savons que la s\u00e9curit\u00e9 et le confort vont de pair, la SWE\u00a020F assure en toutes conditions s\u00e9curit\u00e9 et confort de haut niveau.<br \/>\nD\u00e9couvrez tous les autres avantages de la pelle Sunward SWE\u00a020F.[\/vc_column_text][vc_row_inner][vc_column_inner width=&#8221;1\/2&#8243;][vc_toggle title=&#8221;TYPE DE CABINE&#8221;]<\/p>\n<table width=\"1274\">\n<tbody>\n<tr>\n<td width=\"631\">Type de cabine<\/td>\n<td width=\"643\">Cabine ou canopy<\/td>\n<\/tr>\n<\/tbody>\n<\/table>\n<p>[\/vc_toggle][vc_toggle title=&#8221;DIMENSIONS&#8221;]<\/p>\n<table width=\"1274\">\n<tbody>\n<tr>\n<td width=\"631\">Poids op\u00e9rationnel<\/td>\n<td width=\"643\">1 840 &#8211; 1 940 kg<\/td>\n<\/tr>\n<tr>\n<td width=\"631\">Capacit\u00e9 du godet standard<\/td>\n<td>0,04 m\u00b3<\/td>\n<\/tr>\n<tr>\n<td width=\"631\">Longueur de transport<\/td>\n<td>3\u2009820 mm<\/td>\n<\/tr>\n<tr>\n<td width=\"631\">Largeur de transport<\/td>\n<td>990 mm<\/td>\n<\/tr>\n<tr>\n<td width=\"631\">Hauteur au-dessus du toit de la cabine<\/td>\n<td>2 380 mm<\/td>\n<\/tr>\n<\/tbody>\n<\/table>\n<p>[\/vc_toggle][vc_toggle title=&#8221;MOTEUR&#8221;]<\/p>\n<table width=\"1274\">\n<tbody>\n<tr>\n<td width=\"631\">Mod\u00e8le<\/td>\n<td width=\"643\">Yanmar 3TNV80F-SSU<\/td>\n<\/tr>\n<tr>\n<td>Norme antipollution<\/td>\n<td>UE Phase V (EU Stage V)<\/td>\n<\/tr>\n<tr>\n<td>Cylindr\u00e9e<\/td>\n<td>1,267\u00a0L<\/td>\n<\/tr>\n<tr>\n<td>Puissance de sortie nominale<\/td>\n<td>13,4 kW<\/td>\n<\/tr>\n<\/tbody>\n<\/table>\n<p>[\/vc_toggle][vc_toggle title=&#8221;SYST\u00c8ME HYDRAULIQUE&#8221;]<\/p>\n<table width=\"1274\">\n<tbody>\n<tr>\n<td width=\"631\">Type<\/td>\n<td width=\"643\">2 pompes \u00e0 d\u00e9bit variable \u00e0 pistons + 1 pompe \u00e0 engrenages + 1 pompe pilote \u00e0 engrenages<\/td>\n<\/tr>\n<tr>\n<td>Cylindr\u00e9e<\/td>\n<td>2 x 21 + +13,2 + +6 l\/min<\/td>\n<\/tr>\n<tr>\n<td>Pression hydraulique<\/td>\n<td>21+16 Mpa<\/td>\n<\/tr>\n<\/tbody>\n<\/table>\n<p>[\/vc_toggle][vc_toggle title=&#8221;ENVELOPPE DE TRAVAIL&#8221;]<\/p>\n<table width=\"1274\">\n<tbody>\n<tr>\n<td width=\"631\">Profondeur de fouille max.<\/td>\n<td width=\"643\">2 380 mm<\/td>\n<\/tr>\n<tr>\n<td>Port\u00e9e de fouille max.<\/td>\n<td>3\u2009940 mm<\/td>\n<\/tr>\n<tr>\n<td>Force de fouille max. du godet<\/td>\n<td>21 kN<\/td>\n<\/tr>\n<tr>\n<td>Force de fouille max. du balancier<\/td>\n<td>12 kN<\/td>\n<\/tr>\n<\/tbody>\n<\/table>\n<p>[\/vc_toggle][\/vc_column_inner][vc_column_inner width=&#8221;1\/2&#8243;][\/vc_column_inner][\/vc_row_inner][\/vc_tta_section][vc_tta_section title=&#8221;FONCTIONNALIT\u00c9S ET ATOUTS&#8221; tab_id=&#8221;1623355710952-d36b50a3-81ed&#8221;][vc_row_inner][vc_column_inner width=&#8221;1\/4&#8243;][vc_single_image image=&#8221;1070&#8243; img_size=&#8221;medium&#8221;][\/vc_column_inner][vc_column_inner width=&#8221;3\/4&#8243;][vc_custom_heading text=&#8221;CON\u00c7UE POUR L\u2019EUROPE&#8221; font_container=&#8221;tag:h3|text_align:left&#8221; use_theme_fonts=&#8221;yes&#8221;][vc_column_text]Outre sa certification CE, la Sunward SWE\u00a020F, comme toutes les machines Sunward destin\u00e9es au march\u00e9 europ\u00e9en, est sp\u00e9cifiquement con\u00e7ue pour r\u00e9pondre aux besoins des clients europ\u00e9ens.[\/vc_column_text][\/vc_column_inner][\/vc_row_inner][vc_separator][vc_row_inner][vc_column_inner width=&#8221;1\/4&#8243;][vc_single_image image=&#8221;1080&#8243; img_size=&#8221;medium&#8221;][\/vc_column_inner][vc_column_inner width=&#8221;3\/4&#8243;][vc_custom_heading text=&#8221;UN MOTEUR PUISSANT ET FIABLE&#8221; font_container=&#8221;tag:h3|text_align:left&#8221; use_theme_fonts=&#8221;yes&#8221;][vc_column_text]Nous avons opt\u00e9 pour le puissant moteur Yanmar 3TNV80F-SSU affichant une faible consommation de carburant, un faible niveau sonore et de vibrations et un contr\u00f4le de la performance en altitude, garantissant un travail efficace en environnement difficile. Ce moteur diesel industriel de 13,4 kW est conforme aux normes antipollution europ\u00e9ennes Phase\u00a0V et EPA Final Tier 4. Sa conception compacte signifie qu&#8217;il peut \u00eatre utilis\u00e9 dans de nombreuses applications. Le moteur Yanmar correspond parfaitement \u00e0 la puissance du syst\u00e8me hydraulique, garantissant un fonctionnement impeccable. Ce moteur convient id\u00e9alement \u00e0 notre mini-pelle SWE 20F, fiable et polyvalente.[\/vc_column_text][\/vc_column_inner][\/vc_row_inner][vc_separator][vc_row_inner][vc_column_inner width=&#8221;1\/4&#8243;][vc_single_image image=&#8221;1091&#8243; img_size=&#8221;medium&#8221;][\/vc_column_inner][vc_column_inner width=&#8221;3\/4&#8243;][vc_custom_heading text=&#8221;DES COMPOSANTS HAUT DE GAMME&#8221; font_container=&#8221;tag:h3|text_align:left&#8221; use_theme_fonts=&#8221;yes&#8221;][vc_column_text]Tous les composants cl\u00e9s des pelles Sunward ont \u00e9t\u00e9 s\u00e9lectionn\u00e9s avec soin, du moteur Yanmar jusqu\u2019aux composants du syst\u00e8me hydraulique. Le syst\u00e8me hydraulique est souvent consid\u00e9r\u00e9 comme le c\u0153ur de la machine. C&#8217;est pourquoi Sunward se fournit exclusivement aupr\u00e8s des plus grandes marques du march\u00e9. Pour la pelle Sunward SWE 20F, nous avons choisi NACHI, une marque japonaise haut de gamme, comme fournisseur pour la pompe hydraulique, les moteurs de translation et le moteur d&#8217;orientation. Les pompes et composants hydrauliques NACHI sont efficaces, fiables et compacts. Il \u00e9tait donc tout naturel que Sunward les choisisse pour contribuer \u00e0 la fiabilit\u00e9 de la SWE 20F.[\/vc_column_text][\/vc_column_inner][\/vc_row_inner][vc_separator][vc_row_inner][vc_column_inner width=&#8221;1\/4&#8243;][vc_single_image image=&#8221;1132&#8243; img_size=&#8221;medium&#8221;][\/vc_column_inner][vc_column_inner width=&#8221;3\/4&#8243;][vc_custom_heading text=&#8221;STABLE ET ADAPTABLE&#8221; font_container=&#8221;tag:h3|text_align:left&#8221; use_theme_fonts=&#8221;yes&#8221;][vc_column_text]Avec son ch\u00e2ssis inf\u00e9rieur \u00e0 voie variable (990 mm \u00e0 1360 mm), la SWE20F offre une excellente stabilit\u00e9 qui garantit un travail confortable et s\u00fbr en toutes conditions. Avec le ch\u00e2ssis r\u00e9tract\u00e9, elle peut franchir des passages \u00e9troits puis, avec le ch\u00e2ssis \u00e9tendu, offrir une stabilit\u00e9 maximale pour les op\u00e9rations de levage ou d&#8217;excavation.[\/vc_column_text][\/vc_column_inner][\/vc_row_inner][vc_separator][vc_row_inner][vc_column_inner width=&#8221;1\/4&#8243;][vc_single_image image=&#8221;1076&#8243; img_size=&#8221;medium&#8221;][\/vc_column_inner][vc_column_inner width=&#8221;3\/4&#8243;][vc_custom_heading text=&#8221;UNE ENVELOPPE DE TRAVAIL \u00c9TENDUE&#8221; font_container=&#8221;tag:h3|text_align:left&#8221; use_theme_fonts=&#8221;yes&#8221;][vc_column_text]Avec ses forces de fouille exceptionnelles (plus de 22,7 kN au godet et pr\u00e8s de 10 kN au balancier), la SWE 20F concurrence ais\u00e9ment les autres pelles de 2 tonnes du march\u00e9. Et en mati\u00e8re de port\u00e9e d&#8217;excavation, la conception du v\u00e9rin de fl\u00e8che de la SWE 20F lui permet d&#8217;offrir une port\u00e9e de plus de 1 m (1 150 mm).[\/vc_column_text][\/vc_column_inner][\/vc_row_inner][vc_separator][vc_row_inner][vc_column_inner width=&#8221;1\/4&#8243;][vc_single_image image=&#8221;1079&#8243; img_size=&#8221;medium&#8221;][\/vc_column_inner][vc_column_inner width=&#8221;3\/4&#8243;][vc_custom_heading text=&#8221;PR\u00caTE POUR DE MULTIPLES APPLICATIONS&#8221; font_container=&#8221;tag:h3|text_align:left&#8221; use_theme_fonts=&#8221;yes&#8221;][vc_column_text]La polyvalence d&#8217;une mini-pelle commence avec sa facilit\u00e9 de transport. La SWE 20F fait mieux que r\u00e9pondre aux normes de transport de l&#8217;Union Europ\u00e9enne\u00a0: v\u00e9ritablement compacte (largeur de 990\u00a0mm) et l\u00e9g\u00e8re (1\u00a0840\u00a0kg), elle garantit un transport simple, facile et s\u00fbr. Avec son verrouillage automatique de l&#8217;orientation et ses 4 anneaux d&#8217;arrimage int\u00e9gr\u00e9s au ch\u00e2ssis inf\u00e9rieur, la machine peut \u00eatre transport\u00e9e en toute s\u00e9curit\u00e9 sur une remorque ordinaire, avec jusqu&#8217;\u00e0 3 godets et un brise-roche, sans d\u00e9passer un poids total de transport de 2 tonnes. La SWE\u00a020F s&#8217;adapte \u00e0 tous les chantiers gr\u00e2ce \u00e0 ses circuits hydrauliques auxiliaires complets int\u00e9gr\u00e9s \u00e0 l&#8217;\u00e9quipement standard. Leur pression et leur d\u00e9bit sont r\u00e9glables \u00e0 volont\u00e9. Son \u00e9quipement standard inclut 3 circuits hydrauliques auxiliaires distincts (l&#8217;offre habituelle sur le march\u00e9 est de 1 ou 2 circuits auxiliaires). Ainsi, un large choix d\u2019accessoires s\u2019adapte facilement pour une plus grande polyvalence.[\/vc_column_text][\/vc_column_inner][\/vc_row_inner][vc_separator][vc_row_inner][vc_column_inner width=&#8221;1\/4&#8243;][vc_single_image image=&#8221;1071&#8243; img_size=&#8221;medium&#8221;][\/vc_column_inner][vc_column_inner width=&#8221;3\/4&#8243;][vc_custom_heading text=&#8221;LE MEILLEUR RAPPORT QUALIT\u00c9-PRIX&#8221; font_container=&#8221;tag:h3|text_align:left&#8221; use_theme_fonts=&#8221;yes&#8221;][vc_column_text]Sunward est le meilleur investissement en termes de fiabilit\u00e9, de performances et un retour sur investissement \u00e9lev\u00e9. En effet, la conception soigneusement \u00e9tudi\u00e9e de la SWE\u00a020F inclut une s\u00e9lection bien \u00e9tudi\u00e9e de composants qui facilitent l&#8217;utilisation et l&#8217;entretien de la machine. Les choix que nous avons faits nous permettent de vous offrir une machine \u00e0 l&#8217;\u00e9quipement standard sans \u00e9gal, avec des composants de premi\u00e8re qualit\u00e9 et des performances de haut niveau&#8230;. \u00e0 un prix tr\u00e8s abordable.<br \/>\nEn outre, les pi\u00e8ces d\u00e9tach\u00e9es Sunward sont, elles aussi, tr\u00e8s \u00e9conomiques, sans parler de la garantie standard de 3 ans accompagnant tous les produits Sunward, qui compl\u00e8te l&#8217;offre en beaut\u00e9.[\/vc_column_text][\/vc_column_inner][\/vc_row_inner][\/vc_tta_section][vc_tta_section title=&#8221;VID\u00c9O&#8221; tab_id=&#8221;1623857706491-8aa3a03f-cca1&#8243;][vc_video link=&#8221;https:\/\/youtu.be\/WGf3YOsSiAs&#8221;][\/vc_tta_section][vc_tta_section title=&#8221;BROCHURE&#8221; tab_id=&#8221;1623857795794-8fd5289e-c5a3&#8243;][vc_row_inner content_placement=&#8221;middle&#8221;][vc_column_inner width=&#8221;1\/4&#8243;][vc_single_image image=&#8221;1129&#8243; img_size=&#8221;large&#8221;][\/vc_column_inner][vc_column_inner width=&#8221;3\/4&#8243;][vc_custom_heading text=&#8221;BROCHURE PRODUIT&#8221; font_container=&#8221;tag:h3|text_align:left&#8221; use_theme_fonts=&#8221;yes&#8221;][vc_btn title=&#8221;T\u00c9L\u00c9CHARGEMENT&#8221; color=&#8221;orange&#8221; size=&#8221;lg&#8221; link=&#8221;url:http%3A%2F%2Fwww.sunwardca.com%2Fwp-content%2Fuploads%2F2022%2F01%2FSunward_SWE20F_210930_EN_lowress.pdf|title:Sunward%20SWE%2020F%20Product%20Brochure|target:%20_blank|&#8221;][\/vc_column_inner][\/vc_row_inner][\/vc_tta_section][\/vc_tta_accordion][\/vc_column][\/vc_row]<\/p>\n","protected":false},"excerpt":{"rendered":"<p>La mini-pelle Sunward SWE 20F est notre bestseller sur le march\u00e9 europ\u00e9en. Cette mini-pelle qui a fait ses preuves, excelle en termes de durabilit\u00e9, de fiabilit\u00e9, de performance et de facilit\u00e9 d\u2019entretien. Sa cat\u00e9gorie de poids et son ch\u00e2ssis inf\u00e9rieur \u00e0 voie variable la rendent tr\u00e8s facile \u00e0 transporter. Avec la SWE 20F, vous \u00eates en s\u00e9curit\u00e9 et votre confort est garanti en toutes conditions. [&#8230;]<\/p>\n<p><a class=\"btn btn-secondary understrap-read-more-link\" href=\"https:\/\/www.sunwardca.com\/fr\/produit\/swe-10fed\/\">Lire la suite&#8230;<\/a><\/p>\n","protected":false},"featured_media":3192,"comment_status":"closed","ping_status":"closed","template":"","meta":{"inline_featured_image":false},"product_cat":[26,37],"product_tag":[],"translation":{"provider":"WPGlobus","version":"2.12.0","language":"fr","enabled_languages":["en","fr"],"languages":{"en":{"title":true,"content":true,"excerpt":true},"fr":{"title":false,"content":true,"excerpt":true}}},"acf":[],"yoast_head":"<!-- This site is optimized with the Yoast SEO plugin v20.7 - https:\/\/yoast.com\/wordpress\/plugins\/seo\/ -->\n<title>SWE 10FED - Sunward Canada (site officielle)<\/title>\n<meta name=\"robots\" content=\"index, follow, max-snippet:-1, max-image-preview:large, max-video-preview:-1\" \/>\n<link rel=\"canonical\" href=\"https:\/\/www.sunwardca.com\/product\/swe-10fed\/\" \/>\n<meta property=\"og:locale\" content=\"fr_FR\" \/>\n<meta property=\"og:type\" content=\"article\" \/>\n<meta property=\"og:title\" content=\"SWE 10FED - Sunward Canada (site officielle)\" \/>\n<meta property=\"og:url\" content=\"https:\/\/www.sunwardca.com\/product\/swe-10fed\/\" \/>\n<meta property=\"og:site_name\" content=\"Sunward Canada (site officielle)\" \/>\n<meta property=\"article:modified_time\" content=\"2025-05-02T18:05:34+00:00\" \/>\n<meta property=\"og:image\" content=\"https:\/\/www.sunwardca.com\/wp-content\/uploads\/2024\/08\/Sunward-SWE-10FED_MAIN.png\" \/>\n\t<meta property=\"og:image:width\" content=\"1000\" \/>\n\t<meta property=\"og:image:height\" content=\"1000\" \/>\n\t<meta property=\"og:image:type\" content=\"image\/png\" \/>\n<meta name=\"twitter:card\" content=\"summary_large_image\" \/>\n<meta name=\"twitter:label1\" content=\"Est. reading time\" \/>\n\t<meta name=\"twitter:data1\" content=\"3 minutes\" \/>\n<script type=\"application\/ld+json\" class=\"yoast-schema-graph\">{\"@context\":\"https:\/\/schema.org\",\"@graph\":[{\"@type\":\"WebPage\",\"@id\":\"https:\/\/www.sunwardca.com\/product\/swe-10fed\/\",\"url\":\"https:\/\/www.sunwardca.com\/product\/swe-10fed\/\",\"name\":\"SWE 10FED - Sunward Canada (site officielle)\",\"isPartOf\":{\"@id\":\"https:\/\/www.sunwardca.com\/#website\"},\"datePublished\":\"2024-08-12T16:46:07+00:00\",\"dateModified\":\"2025-05-02T18:05:34+00:00\",\"breadcrumb\":{\"@id\":\"https:\/\/www.sunwardca.com\/product\/swe-10fed\/#breadcrumb\"},\"inLanguage\":\"fr-FR\",\"potentialAction\":[{\"@type\":\"ReadAction\",\"target\":[\"https:\/\/www.sunwardca.com\/product\/swe-10fed\/\"]}]},{\"@type\":\"BreadcrumbList\",\"@id\":\"https:\/\/www.sunwardca.com\/product\/swe-10fed\/#breadcrumb\",\"itemListElement\":[{\"@type\":\"ListItem\",\"position\":1,\"name\":\"Home\",\"item\":\"https:\/\/www.sunwardca.com\/\"},{\"@type\":\"ListItem\",\"position\":2,\"name\":\"Products\",\"item\":\"https:\/\/www.sunwardca.com\/shop\/\"},{\"@type\":\"ListItem\",\"position\":3,\"name\":\"Excavators\",\"item\":\"https:\/\/www.sunwardca.com\/product-category\/excavators\/\"},{\"@type\":\"ListItem\",\"position\":4,\"name\":\"SWE 10FED\"}]},{\"@type\":\"WebSite\",\"@id\":\"https:\/\/www.sunwardca.com\/#website\",\"url\":\"https:\/\/www.sunwardca.com\/\",\"name\":\"Sunward Canada (site officielle)\",\"description\":\"\",\"publisher\":{\"@id\":\"https:\/\/www.sunwardca.com\/#organization\"},\"potentialAction\":[{\"@type\":\"SearchAction\",\"target\":{\"@type\":\"EntryPoint\",\"urlTemplate\":\"https:\/\/www.sunwardca.com\/?s={search_term_string}\"},\"query-input\":\"required name=search_term_string\"}],\"inLanguage\":\"fr-FR\"},{\"@type\":\"Organization\",\"@id\":\"https:\/\/www.sunwardca.com\/#organization\",\"name\":\"Sunward Canada (site officielle)\",\"url\":\"https:\/\/www.sunwardca.com\/\",\"logo\":{\"@type\":\"ImageObject\",\"inLanguage\":\"fr-FR\",\"@id\":\"https:\/\/www.sunwardca.com\/#\/schema\/logo\/image\/\",\"url\":\"https:\/\/www.sunwardca.com\/wp-content\/uploads\/2025\/05\/Sunward-Canada-main-logo-small.png\",\"contentUrl\":\"https:\/\/www.sunwardca.com\/wp-content\/uploads\/2025\/05\/Sunward-Canada-main-logo-small.png\",\"width\":300,\"height\":53,\"caption\":\"Sunward Canada (site officielle)\"},\"image\":{\"@id\":\"https:\/\/www.sunwardca.com\/#\/schema\/logo\/image\/\"}}]}<\/script>\n<!-- \/ Yoast SEO plugin. -->","yoast_head_json":{"title":"SWE 10FED - Sunward Canada (site officielle)","robots":{"index":"index","follow":"follow","max-snippet":"max-snippet:-1","max-image-preview":"max-image-preview:large","max-video-preview":"max-video-preview:-1"},"canonical":"https:\/\/www.sunwardca.com\/product\/swe-10fed\/","og_locale":"fr_FR","og_type":"article","og_title":"SWE 10FED - Sunward Canada (site officielle)","og_url":"https:\/\/www.sunwardca.com\/product\/swe-10fed\/","og_site_name":"Sunward Canada (site officielle)","article_modified_time":"2025-05-02T18:05:34+00:00","og_image":[{"width":1000,"height":1000,"url":"https:\/\/www.sunwardca.com\/wp-content\/uploads\/2024\/08\/Sunward-SWE-10FED_MAIN.png","type":"image\/png"}],"twitter_card":"summary_large_image","twitter_misc":{"Est. reading time":"3 minutes"},"schema":{"@context":"https:\/\/schema.org","@graph":[{"@type":"WebPage","@id":"https:\/\/www.sunwardca.com\/product\/swe-10fed\/","url":"https:\/\/www.sunwardca.com\/product\/swe-10fed\/","name":"SWE 10FED - Sunward Canada (site officielle)","isPartOf":{"@id":"https:\/\/www.sunwardca.com\/#website"},"datePublished":"2024-08-12T16:46:07+00:00","dateModified":"2025-05-02T18:05:34+00:00","breadcrumb":{"@id":"https:\/\/www.sunwardca.com\/product\/swe-10fed\/#breadcrumb"},"inLanguage":"fr-FR","potentialAction":[{"@type":"ReadAction","target":["https:\/\/www.sunwardca.com\/product\/swe-10fed\/"]}]},{"@type":"BreadcrumbList","@id":"https:\/\/www.sunwardca.com\/product\/swe-10fed\/#breadcrumb","itemListElement":[{"@type":"ListItem","position":1,"name":"Home","item":"https:\/\/www.sunwardca.com\/"},{"@type":"ListItem","position":2,"name":"Products","item":"https:\/\/www.sunwardca.com\/shop\/"},{"@type":"ListItem","position":3,"name":"Excavators","item":"https:\/\/www.sunwardca.com\/product-category\/excavators\/"},{"@type":"ListItem","position":4,"name":"SWE 10FED"}]},{"@type":"WebSite","@id":"https:\/\/www.sunwardca.com\/#website","url":"https:\/\/www.sunwardca.com\/","name":"Sunward Canada (site officielle)","description":"","publisher":{"@id":"https:\/\/www.sunwardca.com\/#organization"},"potentialAction":[{"@type":"SearchAction","target":{"@type":"EntryPoint","urlTemplate":"https:\/\/www.sunwardca.com\/?s={search_term_string}"},"query-input":"required name=search_term_string"}],"inLanguage":"fr-FR"},{"@type":"Organization","@id":"https:\/\/www.sunwardca.com\/#organization","name":"Sunward Canada (site officielle)","url":"https:\/\/www.sunwardca.com\/","logo":{"@type":"ImageObject","inLanguage":"fr-FR","@id":"https:\/\/www.sunwardca.com\/#\/schema\/logo\/image\/","url":"https:\/\/www.sunwardca.com\/wp-content\/uploads\/2025\/05\/Sunward-Canada-main-logo-small.png","contentUrl":"https:\/\/www.sunwardca.com\/wp-content\/uploads\/2025\/05\/Sunward-Canada-main-logo-small.png","width":300,"height":53,"caption":"Sunward Canada (site officielle)"},"image":{"@id":"https:\/\/www.sunwardca.com\/#\/schema\/logo\/image\/"}}]}},"_links":{"self":[{"href":"https:\/\/www.sunwardca.com\/fr\/wp-json\/wp\/v2\/product\/3181"}],"collection":[{"href":"https:\/\/www.sunwardca.com\/fr\/wp-json\/wp\/v2\/product"}],"about":[{"href":"https:\/\/www.sunwardca.com\/fr\/wp-json\/wp\/v2\/types\/product"}],"replies":[{"embeddable":true,"href":"https:\/\/www.sunwardca.com\/fr\/wp-json\/wp\/v2\/comments?post=3181"}],"wp:featuredmedia":[{"embeddable":true,"href":"https:\/\/www.sunwardca.com\/fr\/wp-json\/wp\/v2\/media\/3192"}],"wp:attachment":[{"href":"https:\/\/www.sunwardca.com\/fr\/wp-json\/wp\/v2\/media?parent=3181"}],"wp:term":[{"taxonomy":"product_cat","embeddable":true,"href":"https:\/\/www.sunwardca.com\/fr\/wp-json\/wp\/v2\/product_cat?post=3181"},{"taxonomy":"product_tag","embeddable":true,"href":"https:\/\/www.sunwardca.com\/fr\/wp-json\/wp\/v2\/product_tag?post=3181"}],"curies":[{"name":"wp","href":"https:\/\/api.w.org\/{rel}","templated":true}]}}